
{"id":10175,"date":"2024-02-05T21:15:57","date_gmt":"2024-02-05T14:15:57","guid":{"rendered":"https:\/\/mphone.vn\/shop\/tai-nghe-logitech-h111-bac\/"},"modified":"2024-10-03T17:37:58","modified_gmt":"2024-10-03T10:37:58","slug":"tai-nghe-logitech-h111","status":"publish","type":"product","link":"https:\/\/mphone.vn\/shop\/tai-nghe-logitech-h111\/","title":{"rendered":"Logitech H111"},"content":{"rendered":"<p>&nbsp;<\/p>\r\n<div class=\"row\">\r\n<div class=\"large-2 col pb-0 mb-0\">\r\n<h5 class=\"uppercase mt\">M\u00f4 t\u1ea3<\/h5>\r\n<\/div>\r\n<div class=\"large-10 col pb-0 mb-0\">\r\n<div class=\"panel entry-content\">\r\n<h1 style=\"text-align: center;\">Tai nghe Logitech H111<\/h1>\r\n<p><a href=\"https:\/\/mphone.vn\/san-pham\/tai-nghe-logitech-h111-bac\/\">Tai nghe Logitech H111<\/a> \u0111\u01b0\u1ee3c thi\u1ebft k\u1ebf v\u00e0 s\u1ea3n xu\u1ea5t b\u1edfi h\u00e3ng Logitech ( l\u00e0 1 doanh nghi\u1ec7p to\u00e0n c\u1ea7u chuy\u00ean v\u1ec1 s\u1ea3n xu\u1ea5t v\u00e0 cung \u1ee9ng c\u00e1c thi\u1ebft b\u1ecb ngo\u1ea1i vi, ph\u1ee5 ki\u1ec7n v\u00e0 thi\u1ebft b\u1ecb \u00e2m thanh \u0111\u01b0\u1ee3c th\u00e0nh l\u1eadp v\u00e0o th\u00e1ng 10 n\u0103m 1981 v\u00e0 c\u00f3 tr\u1ee5 s\u1edf t\u1ea1i Th\u1ee5y S\u0129.). Tai nghe c\u00f3 thi\u1ebft k\u1ebf theo d\u1ea1ng On-ear c\u00f3 \u01b0u \u0111i\u1ec3m l\u00e0 tho\u00e1ng kh\u00ed, gi\u1ea3m nhi\u1ec7t t\u00edch t\u1ee5 l\u00e0m kh\u00f3 ch\u1ecbu \u0111\u1ebfn ng\u01b0\u1eddi d\u00f9ng th\u00edch h\u1ee3p cho ng\u01b0\u1eddi d\u00f9ng mu\u1ed1n c\u00f3 phong c\u00e1ch ri\u00eang, tuy nhi\u00ean lo\u1ea1i tai nghe n\u00e0y kh\u00f4ng c\u00f3 kh\u1ea3 n\u0103ng l\u1ecdc \u00e2m t\u1ed1t nh\u01b0 lo\u1ea1i In-ear v\u00e0 Over-ear.<\/p>\r\n<p><img class=\"wp-image-54630 aligncenter\" alt=\"Tai nghe Logitech H111\" width=\"800\" height=\"800\" data-lazy-srcset=\"https:\/\/mphone.vn\/shop\/wp-content\/uploads\/2024\/02\/tai-nghe-on-ear-logitech-h111-bac-2.jpg 1500w, https:\/\/mphone-store-medias.tn-cdn.net\/2021\/04\/Tai-nghe-On-ear-Logitech-H111-Bac-2-768x768.jpg 768w, https:\/\/mphone.vn\/shop\/wp-content\/uploads\/2024\/02\/tai-nghe-on-ear-logitech-h111-bac-2-510x510-1.jpg 510w, https:\/\/mphone-store-medias.tn-cdn.net\/2021\/04\/Tai-nghe-On-ear-Logitech-H111-Bac-2-100x100.jpg 100w\" data-lazy-sizes=\"(max-width: 800px) 100vw, 800px\" data-lazy-src=\"https:\/\/mphone.vn\/shop\/wp-content\/uploads\/2024\/02\/tai-nghe-on-ear-logitech-h111-bac-2.jpg\" \/><noscript><img decoding=\"async\" class=\"wp-image-54630 aligncenter\" src=\"https:\/\/mphone.vn\/shop\/wp-content\/uploads\/2024\/02\/tai-nghe-on-ear-logitech-h111-bac-2.jpg\" alt=\"Tai nghe Logitech H111\" width=\"800\" height=\"800\" srcset=\"https:\/\/mphone.vn\/shop\/wp-content\/uploads\/2024\/02\/tai-nghe-on-ear-logitech-h111-bac-2.jpg 1500w, https:\/\/mphone-store-medias.tn-cdn.net\/2021\/04\/Tai-nghe-On-ear-Logitech-H111-Bac-2-768x768.jpg 768w, https:\/\/mphone.vn\/shop\/wp-content\/uploads\/2024\/02\/tai-nghe-on-ear-logitech-h111-bac-2-510x510-1.jpg 510w, https:\/\/mphone-store-medias.tn-cdn.net\/2021\/04\/Tai-nghe-On-ear-Logitech-H111-Bac-2-100x100.jpg 100w\" sizes=\"(max-width: 800px) 100vw, 800px\" title=\"tai-nghe-on-ear-logitech-h111-bac-2\"><\/noscript><\/p>\r\n<h3><strong>Tthi\u1ebft k\u1ebf nh\u1ecf g\u1ecdn c\u1ee7a tai nghe H111<\/strong><\/h3>\r\n<p>Tai nghe Logitech H111 \u0111\u01b0\u1ee3c thi\u1ebft k\u1ebf v\u1edbi k\u00edch th\u01b0\u1edbc 46 x 144 x 162 mm (d\u00e0i x r\u1ed9ng x cao) v\u00e0 kh\u1ed1i l\u01b0\u1ee3ng 74g nh\u1ecf g\u1ecdn, t\u1ea1o c\u1ea3m gi\u00e1c nh\u1eb9 nh\u00e0ng cho tai nghe khi s\u1eed d\u1ee5ng, kh\u00f4ng g\u00e2y \u0111au, nh\u1ee9c tai cho ng\u01b0\u1eddi d\u00f9ng khi s\u1eed d\u1ee5ng li\u00ean t\u1ee5c trong th\u1eddi gian d\u00e0i. 2 c\u1ee7 tai \u0111\u01b0\u1ee3c thi\u1ebft k\u1ebf b\u1eb1ng l\u1edbp nh\u1ef1a cao c\u1ea5p ch\u1ed1ng va \u0111\u1eadp gi\u00fap b\u1ea3o v\u1ec7 tai nghe kh\u1ecfi nh\u1eefng t\u00e1c \u0111\u1ed9ng b\u1ea5t ch\u1ee3t. C\u00f9ng v\u1edbi n\u00f3, tai nghe c\u00f2n s\u1eed d\u1ee5ng m\u00e0ng loa Neodymium gi\u00fap cho ra \u00e2m thanh stereo r\u00f5 r\u00e0ng, chu\u1ea9n x\u00e1c mang \u0111\u1ebfn cho ng\u01b0\u1eddi d\u00f9ng \u00e2m thanh s\u1ed1ng \u0111\u1ed9ng, chi ti\u1ebft.<\/p>\r\n<p><img class=\"wp-image-54631 aligncenter\" alt=\"Logitech H111 thi\u1ebft k\u1ebf nh\u1ecf g\u1ecdn c\u1ee7a tai nghe H111\" width=\"800\" height=\"540\" data-lazy-srcset=\"https:\/\/mphone.vn\/shop\/wp-content\/uploads\/2024\/02\/tai-nghe-on-ear-logitech-h111-bac-3.jpg 1500w, https:\/\/mphone-store-medias.tn-cdn.net\/2021\/04\/Tai-nghe-On-ear-Logitech-H111-Bac-3-768x518.jpg 768w, https:\/\/mphone.vn\/shop\/wp-content\/uploads\/2024\/02\/tai-nghe-on-ear-logitech-h111-bac-3-510x344-1.jpg 510w\" data-lazy-sizes=\"(max-width: 800px) 100vw, 800px\" data-lazy-src=\"https:\/\/mphone.vn\/shop\/wp-content\/uploads\/2024\/02\/tai-nghe-on-ear-logitech-h111-bac-3.jpg\" \/><noscript><img decoding=\"async\" class=\"wp-image-54631 aligncenter\" src=\"https:\/\/mphone.vn\/shop\/wp-content\/uploads\/2024\/02\/tai-nghe-on-ear-logitech-h111-bac-3.jpg\" alt=\"Logitech H111 thi\u1ebft k\u1ebf nh\u1ecf g\u1ecdn c\u1ee7a tai nghe H111\" width=\"800\" height=\"540\" srcset=\"https:\/\/mphone.vn\/shop\/wp-content\/uploads\/2024\/02\/tai-nghe-on-ear-logitech-h111-bac-3.jpg 1500w, https:\/\/mphone-store-medias.tn-cdn.net\/2021\/04\/Tai-nghe-On-ear-Logitech-H111-Bac-3-768x518.jpg 768w, https:\/\/mphone.vn\/shop\/wp-content\/uploads\/2024\/02\/tai-nghe-on-ear-logitech-h111-bac-3-510x344-1.jpg 510w\" sizes=\"(max-width: 800px) 100vw, 800px\" title=\"tai-nghe-on-ear-logitech-h111-bac-3\"><\/noscript><\/p>\r\n<h3><strong>Logitech H111 ch\u1ea5t l\u01b0\u1ee3ng \u00e2m thanh<\/strong><\/h3>\r\n<p>Tai nghe Logitech H111 \u0111\u01b0\u1ee3c trang b\u1ecb v\u1edbi 1 microphone 1 chi\u1ec1u c\u00f3 t\u1ea7n s\u1ed1 ph\u1ea3n h\u1ed3i 100Hz ~ 16,000Hz, \u0111\u1ed9 nh\u1ea1y -58 dBV\/\u00b5Bar, -38 dBV\/Pa \u00b1 4 dB v\u1edbi kh\u1ea3 n\u0103ng l\u1ecdc \u00e2m thanh m\u00f4i tr\u01b0\u1eddng xung quanh gi\u00fap cho ng\u01b0\u1eddi d\u00f9ng c\u00f3 th\u1ec3 giao ti\u1ebfp v\u1edbi ng\u01b0\u1eddi th\u00e2n, b\u1ea1n b\u00e8 hay v\u1edbi \u0111\u1ed1i t\u00e1c, \u0111\u1ed3ng nghi\u1ec7p m\u1ecdi n\u01a1i m\u00e0 kh\u00f4ng ph\u1ea3i lo ngh\u0129 \u0111\u1ebfn v\u1ea5n \u0111\u1ec1 b\u1ecb \u00e2m thanh m\u00f4i tr\u01b0\u1eddng b\u00ean ngo\u00e0i l\u1ea5n \u00e1t.<\/p>\r\n<p><img class=\"wp-image-54632 aligncenter\" alt=\"Tai nghe Logitech H111 trang b\u1ecb v\u1edbi 1 microphone 1 chi\u1ec1u c\u00f3 t\u1ea7n s\u1ed1 ph\u1ea3n h\u1ed3i 100Hz ~ 16,000Hz\" width=\"800\" height=\"800\" data-lazy-srcset=\"https:\/\/mphone.vn\/shop\/wp-content\/uploads\/2024\/02\/tai-nghe-on-ear-logitech-h111-bac-4.jpg 1500w, https:\/\/mphone-store-medias.tn-cdn.net\/2021\/04\/Tai-nghe-On-ear-Logitech-H111-Bac-4-768x768.jpg 768w, https:\/\/mphone.vn\/shop\/wp-content\/uploads\/2024\/02\/tai-nghe-on-ear-logitech-h111-bac-4-510x510-1.jpg 510w, https:\/\/mphone-store-medias.tn-cdn.net\/2021\/04\/Tai-nghe-On-ear-Logitech-H111-Bac-4-100x100.jpg 100w\" data-lazy-sizes=\"(max-width: 800px) 100vw, 800px\" data-lazy-src=\"https:\/\/mphone.vn\/shop\/wp-content\/uploads\/2024\/02\/tai-nghe-on-ear-logitech-h111-bac-4.jpg\" \/><noscript><img decoding=\"async\" class=\"wp-image-54632 aligncenter\" src=\"https:\/\/mphone.vn\/shop\/wp-content\/uploads\/2024\/02\/tai-nghe-on-ear-logitech-h111-bac-4.jpg\" alt=\"Tai nghe Logitech H111 trang b\u1ecb v\u1edbi 1 microphone 1 chi\u1ec1u c\u00f3 t\u1ea7n s\u1ed1 ph\u1ea3n h\u1ed3i 100Hz ~ 16,000Hz\" width=\"800\" height=\"800\" srcset=\"https:\/\/mphone.vn\/shop\/wp-content\/uploads\/2024\/02\/tai-nghe-on-ear-logitech-h111-bac-4.jpg 1500w, https:\/\/mphone-store-medias.tn-cdn.net\/2021\/04\/Tai-nghe-On-ear-Logitech-H111-Bac-4-768x768.jpg 768w, https:\/\/mphone.vn\/shop\/wp-content\/uploads\/2024\/02\/tai-nghe-on-ear-logitech-h111-bac-4-510x510-1.jpg 510w, https:\/\/mphone-store-medias.tn-cdn.net\/2021\/04\/Tai-nghe-On-ear-Logitech-H111-Bac-4-100x100.jpg 100w\" sizes=\"(max-width: 800px) 100vw, 800px\" title=\"tai-nghe-on-ear-logitech-h111-bac-4\"><\/noscript><\/p>\r\n<p>Tai nghe Logitech H111 c\u00f3 kh\u00e1ng tr\u1edf 32\u03a9, \u0111\u1ed9 nh\u1ea1y 100db \u00b1 3dB, \u0111\u1ed9 nh\u1ea1y 20Hz ~ 20,000Hz gi\u00fap cho ra \u00e2m thanh r\u00f5 r\u00e0ng, \u00e2m Bass m\u1ea1nh h\u01a1n mang \u0111\u1ebfn tr\u1ea3i nghi\u1ec7m \u00e2m nh\u1ea1c \u1ea5n t\u01b0\u1ee3ng, \u0111\u1eb7c s\u1eafc t\u1edbi ng\u01b0\u1eddi d\u00f9ng.<\/p>\r\n<p><img class=\"wp-image-54634 aligncenter\" alt=\"Logitech H111 \u00e2m thanh r\u00f5 r\u00e0ng\" width=\"800\" height=\"924\" data-lazy-srcset=\"https:\/\/mphone.vn\/shop\/wp-content\/uploads\/2024\/02\/tai-nghe-on-ear-logitech-h111-bac-6.jpg 1128w, https:\/\/mphone-store-medias.tn-cdn.net\/2021\/04\/Tai-nghe-On-ear-Logitech-H111-Bac-6-768x887.jpg 768w, https:\/\/mphone.vn\/shop\/wp-content\/uploads\/2024\/02\/tai-nghe-on-ear-logitech-h111-bac-6-510x589-1.jpg 510w\" data-lazy-sizes=\"(max-width: 800px) 100vw, 800px\" data-lazy-src=\"https:\/\/mphone.vn\/shop\/wp-content\/uploads\/2024\/02\/tai-nghe-on-ear-logitech-h111-bac-6.jpg\" \/><noscript><img decoding=\"async\" class=\"wp-image-54634 aligncenter\" src=\"https:\/\/mphone.vn\/shop\/wp-content\/uploads\/2024\/02\/tai-nghe-on-ear-logitech-h111-bac-6.jpg\" alt=\"Logitech H111 \u00e2m thanh r\u00f5 r\u00e0ng\" width=\"800\" height=\"924\" srcset=\"https:\/\/mphone.vn\/shop\/wp-content\/uploads\/2024\/02\/tai-nghe-on-ear-logitech-h111-bac-6.jpg 1128w, https:\/\/mphone-store-medias.tn-cdn.net\/2021\/04\/Tai-nghe-On-ear-Logitech-H111-Bac-6-768x887.jpg 768w, https:\/\/mphone.vn\/shop\/wp-content\/uploads\/2024\/02\/tai-nghe-on-ear-logitech-h111-bac-6-510x589-1.jpg 510w\" sizes=\"(max-width: 800px) 100vw, 800px\" title=\"tai-nghe-on-ear-logitech-h111-bac-6\"><\/noscript><\/p>\r\n<h3><strong>K\u1ebft n\u1ed1i jack 3.5 mm ti\u1ec7n d\u1ee5ng<\/strong><\/h3>\r\n<p>Tai nghe s\u1eed d\u1ee5ng k\u1ebft n\u1ed1i jack 3,5mm t\u01b0\u01a1ng th\u00edch v\u1edbi h\u1ea7u h\u1ebft v\u1edbi c\u00e1c thi\u1ebft b\u1ecb c\u00f9ng v\u1edbi chi\u1ec1u d\u00e0i d\u00e2y 1,8m ti\u1ec7n l\u1ee3i cho vi\u1ec7c s\u1eed d\u1ee5ng t\u1ea1i nh\u00e0, v\u0103n ph\u00f2ng v\u00e0 khi di chuy\u1ec3n.<\/p>\r\n<\/div>\r\n<\/div>\r\n<\/div>","protected":false},"excerpt":{"rendered":"&nbsp; M\u00f4 t\u1ea3 Tai nghe Logitech H111 Tai nghe Logitech H111 \u0111\u01b0\u1ee3c thi\u1ebft k\u1ebf v\u00e0 s\u1ea3n xu\u1ea5t b\u1edfi h\u00e3ng Logitech ( l\u00e0 1 doanh nghi\u1ec7p to\u00e0n c\u1ea7u chuy\u00ean v\u1ec1 s\u1ea3n xu\u1ea5t v\u00e0 cung \u1ee9ng c\u00e1c thi\u1ebft b\u1ecb ngo\u1ea1i vi, ph\u1ee5 ki\u1ec7n v\u00e0 thi\u1ebft b\u1ecb \u00e2m thanh \u0111\u01b0\u1ee3c th\u00e0nh l\u1eadp v\u00e0o th\u00e1ng 10 n\u0103m 1981 v\u00e0","protected":false},"featured_media":10858,"template":"","meta":{"inline_featured_image":false},"product_brand":[],"product_cat":[336],"product_tag":[],"class_list":{"0":"post-10175","1":"product","2":"type-product","3":"status-publish","4":"has-post-thumbnail","6":"product_cat-tai-nghe","8":"first","9":"instock","10":"sale","11":"shipping-taxable","12":"purchasable","13":"product-type-simple"},"acf":[],"_links":{"self":[{"href":"https:\/\/mphone.vn\/shop\/wp-json\/wp\/v2\/product\/10175","targetHints":{"allow":["GET"]}}],"collection":[{"href":"https:\/\/mphone.vn\/shop\/wp-json\/wp\/v2\/product"}],"about":[{"href":"https:\/\/mphone.vn\/shop\/wp-json\/wp\/v2\/types\/product"}],"wp:featuredmedia":[{"embeddable":true,"href":"https:\/\/mphone.vn\/shop\/wp-json\/wp\/v2\/media\/10858"}],"wp:attachment":[{"href":"https:\/\/mphone.vn\/shop\/wp-json\/wp\/v2\/media?parent=10175"}],"wp:term":[{"taxonomy":"product_brand","embeddable":true,"href":"https:\/\/mphone.vn\/shop\/wp-json\/wp\/v2\/product_brand?post=10175"},{"taxonomy":"product_cat","embeddable":true,"href":"https:\/\/mphone.vn\/shop\/wp-json\/wp\/v2\/product_cat?post=10175"},{"taxonomy":"product_tag","embeddable":true,"href":"https:\/\/mphone.vn\/shop\/wp-json\/wp\/v2\/product_tag?post=10175"}],"curies":[{"name":"wp","href":"https:\/\/api.w.org\/{rel}","templated":true}]}}