
{"id":10187,"date":"2024-02-05T21:16:07","date_gmt":"2024-02-05T14:16:07","guid":{"rendered":"https:\/\/mphone.vn\/shop\/tai-nghe-logitech-h110-bac\/"},"modified":"2024-10-03T17:38:08","modified_gmt":"2024-10-03T10:38:08","slug":"tai-nghe-logitech-h110","status":"publish","type":"product","link":"https:\/\/mphone.vn\/shop\/tai-nghe-logitech-h110\/","title":{"rendered":"Logitech H110"},"content":{"rendered":"<p>&nbsp;<\/p>\r\n<div class=\"row\">\r\n<div class=\"large-2 col pb-0 mb-0\">\r\n<h5 class=\"uppercase mt\">M\u00f4 t\u1ea3<\/h5>\r\n<\/div>\r\n<div class=\"large-10 col pb-0 mb-0\">\r\n<div class=\"panel entry-content\">\r\n<h2 style=\"text-align: center;\"><a href=\"https:\/\/mphone.vn\/san-pham\/tai-nghe-logitech-h110-bac-chinh-hang\/\">Tai nghe Logitech H110<\/a><\/h2>\r\n<h3><strong>Thi\u1ebft k\u1ebf linh ho\u1ea1t<\/strong><\/h3>\r\n<p>Tai nghe Logitech H110 thi\u1ebft k\u1ebf linh ho\u1ea1t v\u1edbi c\u00e1c kh\u1edbp c\u00f3 kh\u1ea3 n\u0103ng \u0111i\u1ec1u ch\u1ec9nh cho ph\u00f9 h\u1ee3p v\u1edbi khu\u00f4n \u0111\u1ea7u t\u1eebng ng\u01b0\u1eddi. B\u00ean c\u1ea1nh \u0111\u00f3, b\u1ecdc x\u1ed1p quanh tai s\u1ebd gi\u00fap cho \u0111\u00f4i tai c\u1ee7a b\u1ea1n tho\u1ea3i khi s\u1eed d\u1ee5ng trong th\u1eddi gian d\u00e0i.<\/p>\r\n<p><img class=\"size-full wp-image-92797 aligncenter\" alt=\"Tai nghe Logitech H110\" width=\"750\" height=\"750\" data-lazy-srcset=\"https:\/\/mphone.vn\/shop\/wp-content\/uploads\/2024\/02\/logitech-h110.webp 750w, https:\/\/mphone.vn\/shop\/wp-content\/uploads\/2024\/02\/logitech-h110-510x510-2.webp 510w, https:\/\/mphone-store-medias.tn-cdn.net\/2022\/06\/logitech-h110-100x100.webp 100w, https:\/\/mphone-store-medias.tn-cdn.net\/2022\/06\/logitech-h110-96x96.webp 96w, https:\/\/mphone-store-medias.tn-cdn.net\/2022\/06\/logitech-h110-150x150.webp 150w\" data-lazy-sizes=\"(max-width: 750px) 100vw, 750px\" data-lazy-src=\"https:\/\/mphone.vn\/shop\/wp-content\/uploads\/2024\/02\/logitech-h110.webp\" \/><noscript><img decoding=\"async\" class=\"size-full wp-image-92797 aligncenter\" src=\"https:\/\/mphone.vn\/shop\/wp-content\/uploads\/2024\/02\/logitech-h110.webp\" alt=\"Tai nghe Logitech H110\" width=\"750\" height=\"750\" srcset=\"https:\/\/mphone.vn\/shop\/wp-content\/uploads\/2024\/02\/logitech-h110.webp 750w, https:\/\/mphone.vn\/shop\/wp-content\/uploads\/2024\/02\/logitech-h110-510x510-2.webp 510w, https:\/\/mphone-store-medias.tn-cdn.net\/2022\/06\/logitech-h110-100x100.webp 100w, https:\/\/mphone-store-medias.tn-cdn.net\/2022\/06\/logitech-h110-96x96.webp 96w, https:\/\/mphone-store-medias.tn-cdn.net\/2022\/06\/logitech-h110-150x150.webp 150w\" sizes=\"(max-width: 750px) 100vw, 750px\" title=\"logitech-h110\"><\/noscript><\/p>\r\n<h3><strong>T\u00edch h\u1ee3p micro ti\u1ec7n l\u1ee3i<\/strong><\/h3>\r\n<p>Tai nghe Logitech H110 c\u00f2n \u0111\u01b0\u1ee3c trang b\u1ecb micro ti\u1ec7n l\u1ee3i, \u0111\u00e1p \u1ee9ng m\u1ecdi nhu c\u1ea7u chat voice, Skype\u2026 c\u1ee7a b\u1ea1n. Micro \u0111\u01b0\u1ee3c thi\u1ebft k\u1ebf v\u1edbi c\u00f4ng ngh\u1ec7 l\u1ecdc nhi\u1ec5u cao c\u1ea5p, cho \u00e2m thanh trong r\u00f5 v\u00e0 lo\u1ea1i b\u1ecf ti\u1ebfng \u1ed3n b\u00ean ngo\u00e0i, gi\u00fap b\u1ea1n d\u1ec5 d\u00e0ng nh\u1eadn di\u1ec7n l\u1eddi n\u00f3i m\u1ed9t c\u00e1ch r\u00f5 r\u00e0ng. \u0110\u1ed3ng th\u1eddi, thanh micro c\u00f3 th\u1ec3 xoay l\u00ean khi kh\u00f4ng s\u1eed d\u1ee5ng micro l\u00e0m cho vi\u1ec7c s\u1eed d\u1ee5ng \u0111\u1ee1 v\u01b0\u1edbng v\u00edu kh\u00f4ng c\u1ea7n thi\u1ebft.<\/p>\r\n<p><img class=\"size-full wp-image-92800 aligncenter\" alt=\"Tai nghe Logitech H110\" width=\"750\" height=\"750\" data-lazy-srcset=\"https:\/\/mphone.vn\/shop\/wp-content\/uploads\/2024\/02\/logitech-h110-3.webp 750w, https:\/\/mphone.vn\/shop\/wp-content\/uploads\/2024\/02\/logitech-h110-3-510x510-1.webp 510w, https:\/\/mphone-store-medias.tn-cdn.net\/2022\/06\/logitech-h110-3-100x100.webp 100w, https:\/\/mphone-store-medias.tn-cdn.net\/2022\/06\/logitech-h110-3-96x96.webp 96w, https:\/\/mphone-store-medias.tn-cdn.net\/2022\/06\/logitech-h110-3-150x150.webp 150w\" data-lazy-sizes=\"(max-width: 750px) 100vw, 750px\" data-lazy-src=\"https:\/\/mphone.vn\/shop\/wp-content\/uploads\/2024\/02\/logitech-h110-3.webp\" \/><noscript><img decoding=\"async\" class=\"size-full wp-image-92800 aligncenter\" src=\"https:\/\/mphone.vn\/shop\/wp-content\/uploads\/2024\/02\/logitech-h110-3.webp\" alt=\"Tai nghe Logitech H110\" width=\"750\" height=\"750\" srcset=\"https:\/\/mphone.vn\/shop\/wp-content\/uploads\/2024\/02\/logitech-h110-3.webp 750w, https:\/\/mphone.vn\/shop\/wp-content\/uploads\/2024\/02\/logitech-h110-3-510x510-1.webp 510w, https:\/\/mphone-store-medias.tn-cdn.net\/2022\/06\/logitech-h110-3-100x100.webp 100w, https:\/\/mphone-store-medias.tn-cdn.net\/2022\/06\/logitech-h110-3-96x96.webp 96w, https:\/\/mphone-store-medias.tn-cdn.net\/2022\/06\/logitech-h110-3-150x150.webp 150w\" sizes=\"(max-width: 750px) 100vw, 750px\" title=\"logitech-h110-3\"><\/noscript><\/p>\r\n<p>&nbsp;<\/p>\r\n<h3><strong>\u00c2m thanh ch\u1ea5t l\u01b0\u1ee3ng<\/strong><\/h3>\r\n<p>Tai nghe Logitech H110 c\u00f3 ch\u1ea5t l\u01b0\u1ee3ng \u00e2m thanh trong v\u00e0 r\u00f5 nh\u1edd v\u00e0o ch\u1ee9c n\u0103ng l\u1ecdc t\u1ea1p \u00e2m mang \u0111\u1ebfn \u00e2m thanh ch\u1ea5t l\u01b0\u1ee3ng cao, cho hi\u1ec7u su\u1ea5t \u00e2m thanh t\u1ed1t nh\u1ea5t. V\u1edbi d\u1ea3i \u00e2m 20-20Hz, c\u00f9ng \u0111\u1ed9 nh\u1ea1y 107db s\u1ebd cho b\u1ea1n nh\u1eefng \u00e2m thanh ch\u00e2n th\u1ef1c s\u1ed1ng \u0111\u1ed9ng nh\u1ea5t.<\/p>\r\n<p><img class=\"alignnone size-full wp-image-92799 aligncenter\" alt=\"Tai nghe Logitech H110\" width=\"750\" height=\"750\" data-lazy-srcset=\"https:\/\/mphone.vn\/shop\/wp-content\/uploads\/2024\/02\/logitech-h110-2.webp 750w, https:\/\/mphone.vn\/shop\/wp-content\/uploads\/2024\/02\/logitech-h110-2-510x510-1.webp 510w, https:\/\/mphone-store-medias.tn-cdn.net\/2022\/06\/logitech-h110-2-100x100.webp 100w, https:\/\/mphone-store-medias.tn-cdn.net\/2022\/06\/logitech-h110-2-96x96.webp 96w, https:\/\/mphone-store-medias.tn-cdn.net\/2022\/06\/logitech-h110-2-150x150.webp 150w\" data-lazy-sizes=\"(max-width: 750px) 100vw, 750px\" data-lazy-src=\"https:\/\/mphone.vn\/shop\/wp-content\/uploads\/2024\/02\/logitech-h110-2.webp\" \/><noscript><img decoding=\"async\" class=\"alignnone size-full wp-image-92799 aligncenter\" src=\"https:\/\/mphone.vn\/shop\/wp-content\/uploads\/2024\/02\/logitech-h110-2.webp\" alt=\"Tai nghe Logitech H110\" width=\"750\" height=\"750\" srcset=\"https:\/\/mphone.vn\/shop\/wp-content\/uploads\/2024\/02\/logitech-h110-2.webp 750w, https:\/\/mphone.vn\/shop\/wp-content\/uploads\/2024\/02\/logitech-h110-2-510x510-1.webp 510w, https:\/\/mphone-store-medias.tn-cdn.net\/2022\/06\/logitech-h110-2-100x100.webp 100w, https:\/\/mphone-store-medias.tn-cdn.net\/2022\/06\/logitech-h110-2-96x96.webp 96w, https:\/\/mphone-store-medias.tn-cdn.net\/2022\/06\/logitech-h110-2-150x150.webp 150w\" sizes=\"(max-width: 750px) 100vw, 750px\" title=\"logitech-h110-2\"><\/noscript><\/p>\r\n<h3><strong>Chu\u1ea9n k\u1ebft n\u1ed1i 3.5mm<\/strong><\/h3>\r\n<p>S\u1ea3n ph\u1ea9m s\u1eed d\u1ee5ng chu\u1ea9n k\u1ebft n\u1ed1i ph\u1ed5 bi\u1ebfn nh\u1ea5t 3.5mm. B\u1ea1n c\u00f3 th\u1ec3 d\u1ec5 d\u00e0ng k\u1ebft n\u1ed1i v\u1edbi m\u00e1y PC, laptop, c\u00e1c d\u00f2ng smartphone, m\u00e1y nghe nh\u1ea1c v\u00e0 m\u00e1y t\u00ednh b\u1ea3ng s\u1eed d\u1ee5ng h\u1ec7 \u0111i\u1ec1u h\u00e0nh Windows \u0111\u1ec3 th\u01b0\u1edfng th\u1ee9c \u00e2m nh\u1ea1c d\u00f9 \u1edf b\u1ea5t k\u1ef3 n\u01a1i \u0111\u00e2u.<\/p>\r\n<p><img class=\"size-full wp-image-92801 aligncenter\" alt=\"Tai nghe Logitech H110\" width=\"750\" height=\"750\" data-lazy-srcset=\"https:\/\/mphone.vn\/shop\/wp-content\/uploads\/2024\/02\/logitech-h110-4.webp 750w, https:\/\/mphone.vn\/shop\/wp-content\/uploads\/2024\/02\/logitech-h110-4-510x510-1.webp 510w, https:\/\/mphone-store-medias.tn-cdn.net\/2022\/06\/logitech-h110-4-100x100.webp 100w, https:\/\/mphone-store-medias.tn-cdn.net\/2022\/06\/logitech-h110-4-96x96.webp 96w, https:\/\/mphone-store-medias.tn-cdn.net\/2022\/06\/logitech-h110-4-150x150.webp 150w\" data-lazy-sizes=\"(max-width: 750px) 100vw, 750px\" data-lazy-src=\"https:\/\/mphone.vn\/shop\/wp-content\/uploads\/2024\/02\/logitech-h110-4.webp\" \/><noscript><img decoding=\"async\" class=\"size-full wp-image-92801 aligncenter\" src=\"https:\/\/mphone.vn\/shop\/wp-content\/uploads\/2024\/02\/logitech-h110-4.webp\" alt=\"Tai nghe Logitech H110\" width=\"750\" height=\"750\" srcset=\"https:\/\/mphone.vn\/shop\/wp-content\/uploads\/2024\/02\/logitech-h110-4.webp 750w, https:\/\/mphone.vn\/shop\/wp-content\/uploads\/2024\/02\/logitech-h110-4-510x510-1.webp 510w, https:\/\/mphone-store-medias.tn-cdn.net\/2022\/06\/logitech-h110-4-100x100.webp 100w, https:\/\/mphone-store-medias.tn-cdn.net\/2022\/06\/logitech-h110-4-96x96.webp 96w, https:\/\/mphone-store-medias.tn-cdn.net\/2022\/06\/logitech-h110-4-150x150.webp 150w\" sizes=\"(max-width: 750px) 100vw, 750px\" title=\"logitech-h110-4\"><\/noscript><\/p>\r\n<p><a title=\"Nguyen Vu Store\" href=\"http:\/\/fb.com\/mphoneshowroom\" target=\"_blank\" rel=\"nofollow noopener\">LI\u00caN H\u1ec6 NGAY<\/a><\/p>\r\n<\/div>\r\n<\/div>\r\n<\/div>","protected":false},"excerpt":{"rendered":"&nbsp; M\u00f4 t\u1ea3 Tai nghe Logitech H110 Thi\u1ebft k\u1ebf linh ho\u1ea1t Tai nghe Logitech H110 thi\u1ebft k\u1ebf linh ho\u1ea1t v\u1edbi c\u00e1c kh\u1edbp c\u00f3 kh\u1ea3 n\u0103ng \u0111i\u1ec1u ch\u1ec9nh cho ph\u00f9 h\u1ee3p v\u1edbi khu\u00f4n \u0111\u1ea7u t\u1eebng ng\u01b0\u1eddi. B\u00ean c\u1ea1nh \u0111\u00f3, b\u1ecdc x\u1ed1p quanh tai s\u1ebd gi\u00fap cho \u0111\u00f4i tai c\u1ee7a b\u1ea1n tho\u1ea3i khi s\u1eed d\u1ee5ng trong th\u1eddi","protected":false},"featured_media":10859,"template":"","meta":{"inline_featured_image":false},"product_brand":[],"product_cat":[336],"product_tag":[],"class_list":{"0":"post-10187","1":"product","2":"type-product","3":"status-publish","4":"has-post-thumbnail","6":"product_cat-tai-nghe","8":"first","9":"instock","10":"sale","11":"shipping-taxable","12":"purchasable","13":"product-type-simple"},"acf":[],"_links":{"self":[{"href":"https:\/\/mphone.vn\/shop\/wp-json\/wp\/v2\/product\/10187","targetHints":{"allow":["GET"]}}],"collection":[{"href":"https:\/\/mphone.vn\/shop\/wp-json\/wp\/v2\/product"}],"about":[{"href":"https:\/\/mphone.vn\/shop\/wp-json\/wp\/v2\/types\/product"}],"wp:featuredmedia":[{"embeddable":true,"href":"https:\/\/mphone.vn\/shop\/wp-json\/wp\/v2\/media\/10859"}],"wp:attachment":[{"href":"https:\/\/mphone.vn\/shop\/wp-json\/wp\/v2\/media?parent=10187"}],"wp:term":[{"taxonomy":"product_brand","embeddable":true,"href":"https:\/\/mphone.vn\/shop\/wp-json\/wp\/v2\/product_brand?post=10187"},{"taxonomy":"product_cat","embeddable":true,"href":"https:\/\/mphone.vn\/shop\/wp-json\/wp\/v2\/product_cat?post=10187"},{"taxonomy":"product_tag","embeddable":true,"href":"https:\/\/mphone.vn\/shop\/wp-json\/wp\/v2\/product_tag?post=10187"}],"curies":[{"name":"wp","href":"https:\/\/api.w.org\/{rel}","templated":true}]}}