
{"id":10198,"date":"2024-02-05T21:16:17","date_gmt":"2024-02-05T14:16:17","guid":{"rendered":"https:\/\/mphone.vn\/shop\/tai-nghe-logitech-h150-xanh-trang\/"},"modified":"2024-10-03T17:38:19","modified_gmt":"2024-10-03T10:38:19","slug":"tai-nghe-logitech-h150","status":"publish","type":"product","link":"https:\/\/mphone.vn\/shop\/tai-nghe-logitech-h150\/","title":{"rendered":"Logitech H150"},"content":{"rendered":"<p>&nbsp;<\/p>\r\n<div class=\"row\">\r\n<div class=\"large-2 col pb-0 mb-0\">\r\n<h5 class=\"uppercase mt\">M\u00f4 t\u1ea3<\/h5>\r\n<\/div>\r\n<div class=\"large-10 col pb-0 mb-0\">\r\n<div class=\"panel entry-content\">\r\n<h2 style=\"text-align: center;\"><a href=\"https:\/\/mphone.vn\/san-pham\/logitech-h150\/\">Logitech H150<\/a><\/h2>\r\n<h3>T\u1ed5ng quan v\u1ec1 Tai nghe Logitech H150<\/h3>\r\n<h3><strong>T\u1eacN H\u01af\u1edeNG H\u00c0NG GI\u1edc G\u1eccI \u0110I\u1ec6N INTERNET V\u00c0 NGHE NH\u1ea0C T\u1eea M\u00c1Y T\u00cdNH V\u1edaI \u00c2M THANH R\u00d5 R\u00c0NG, TRONG TR\u1ebaO.<\/strong><\/h3>\r\n<p class=\"teaser-title\">M\u1ec1m d\u1ebbo v\u00e0 c\u00f3 th\u1ec3 \u0111i\u1ec1u ch\u1ec9nh \u0111\u01b0\u1ee3c, d\u00e0nh cho c\u00e1c m\u00e1y t\u00ednh s\u1eed d\u1ee5ng c\u1ed5ng c\u1eafm micro v\u00e0 ng\u00f5 ra \u00e2m thanh 3,5 mm ri\u00eang. C\u00e1c n\u00fat \u0111i\u1ec1u khi\u1ec3n tr\u00ean d\u00e2y cho ph\u00e9p b\u1ea1n ch\u1ec9nh \u00e2m l\u01b0\u1ee3ng ho\u1eb7c t\u1eaft ti\u1ebfng cu\u1ed9c g\u1ecdi m\u00e0 kh\u00f4ng l\u00e0m gi\u00e1n \u0111o\u1ea1n. Micro kh\u1eed ti\u1ebfng \u1ed3n l\u00e0m gi\u1ea3m t\u1ea1p \u00e2m n\u1ec1n.<\/p>\r\n<p><strong>1. \u00c2M THANH N\u1ed4I<\/strong><\/p>\r\n<p>\u00c2m thanh n\u1ed5i to\u00e0n ph\u1ea7n mang \u0111\u1ebfn ch\u1ea5t l\u01b0\u1ee3ng r\u00f5 r\u00e0ng, trong tr\u1ebbo cho gi\u1ecdng n\u00f3i, cu\u1ed9c g\u1ecdi video, \u00e2m nh\u1ea1c, tr\u00f2 ch\u01a1i v\u00e0 nhi\u1ec1u h\u01a1n n\u1eefa. Tai nghe \u00e2m thanh n\u1ed5i cho c\u1ea3 m\u1ee5c \u0111\u00edch s\u1eed d\u1ee5ng c\u00e1 nh\u00e2n ho\u1eb7c trong v\u0103n ph\u00f2ng.<\/p>\r\n<p><img class=\"aligncenter wp-image-17064 size-full\" alt=\"Tai nghe Logitech H150 (Xanh) nhi\u1ec1u c\u00f4ng ngh\u1ec7 hi\u1ec7n \u0111\u1ea1i v\u1edbi m\u1ed9t gi\u00e1 th\u00e0nh h\u1ee3p l\u00ed\" width=\"930\" height=\"523\" data-lazy-src=\"https:\/\/mphone.vn\/shop\/wp-content\/uploads\/2024\/02\/tainghelogitechh150xanh1.jpg\" \/><noscript><img decoding=\"async\" class=\"aligncenter wp-image-17064 size-full\" src=\"https:\/\/mphone.vn\/shop\/wp-content\/uploads\/2024\/02\/tainghelogitechh150xanh1.jpg\" alt=\"Tai nghe Logitech H150 (Xanh) nhi\u1ec1u c\u00f4ng ngh\u1ec7 hi\u1ec7n \u0111\u1ea1i v\u1edbi m\u1ed9t gi\u00e1 th\u00e0nh h\u1ee3p l\u00ed\" width=\"930\" height=\"523\" title=\"tainghelogitechh150xanh1\"><\/noscript><\/p>\r\n<p><strong>2. MICR\u00d4 XOAY<\/strong><\/p>\r\n<p>C\u1ea7n mic c\u00f3 th\u1ec3 xoay 180\u00b0 \u0111\u1ec3 \u0111eo \u1edf b\u00ean tr\u00e1i hay ph\u1ea3i. Mic m\u1ec1m d\u1ebbo c\u00f3 th\u1ec3 \u0111\u01b0\u1ee3c ch\u1ec9nh v\u1ecb tr\u00ed thu\u1eadn ti\u1ec7n \u0111\u1ec3 b\u1eaft gi\u1ecdng n\u00f3i t\u1ed1t h\u01a1n v\u00e0 gi\u1ea3m t\u1ea1p \u00e2m n\u1ec1n. C\u1ea7n mic c\u00f3 th\u1ec3 g\u1ea5p v\u00e0o b\u00ean trong quai \u0111eo g\u1ecdn g\u00e0ng khi b\u1ea1n kh\u00f4ng s\u1eed d\u1ee5ng.<\/p>\r\n<p><img class=\"aligncenter wp-image-17065 size-full\" alt=\"Tai nghe Logitech H150 (Xanh) nhi\u1ec1u c\u00f4ng ngh\u1ec7 hi\u1ec7n \u0111\u1ea1i v\u1edbi m\u1ed9t gi\u00e1 th\u00e0nh h\u1ee3p l\u00ed\" width=\"930\" height=\"523\" data-lazy-src=\"https:\/\/mphone.vn\/shop\/wp-content\/uploads\/2024\/02\/tainghelogitechh150xanh2.jpg\" \/><noscript><img decoding=\"async\" class=\"aligncenter wp-image-17065 size-full\" src=\"https:\/\/mphone.vn\/shop\/wp-content\/uploads\/2024\/02\/tainghelogitechh150xanh2.jpg\" alt=\"Tai nghe Logitech H150 (Xanh) nhi\u1ec1u c\u00f4ng ngh\u1ec7 hi\u1ec7n \u0111\u1ea1i v\u1edbi m\u1ed9t gi\u00e1 th\u00e0nh h\u1ee3p l\u00ed\" width=\"930\" height=\"523\" title=\"tainghelogitechh150xanh2\"><\/noscript><\/p>\r\n<p><strong>3. N\u00daT \u0110I\u1ec0U KHI\u1ec2N TR\u00caN D\u00c2Y<\/strong><\/p>\r\n<p>C\u00e1c n\u00fat \u0111i\u1ec1u khi\u1ec3n n\u1eb1m \u1edf v\u1ecb tr\u00ed thu\u1eadn ti\u1ec7n tr\u00ean d\u00e2y tai nghe cho ph\u00e9p b\u1ea1n \u0111i\u1ec1u ch\u1ec9nh \u00e2m l\u01b0\u1ee3ng ho\u1eb7c t\u1eaft ti\u1ebfng cu\u1ed9c g\u1ecdi m\u00e0 kh\u00f4ng h\u1ec1 gi\u00e1n \u0111o\u1ea1n.<\/p>\r\n<p><img class=\"aligncenter wp-image-17066 size-full\" alt=\"Tai nghe Logitech H150 (Xanh) nhi\u1ec1u c\u00f4ng ngh\u1ec7 hi\u1ec7n \u0111\u1ea1i v\u1edbi m\u1ed9t gi\u00e1 th\u00e0nh h\u1ee3p l\u00ed\" width=\"930\" height=\"523\" data-lazy-src=\"https:\/\/mphone.vn\/shop\/wp-content\/uploads\/2024\/02\/tainghelogitechh150xanh3.jpg\" \/><noscript><img decoding=\"async\" class=\"aligncenter wp-image-17066 size-full\" src=\"https:\/\/mphone.vn\/shop\/wp-content\/uploads\/2024\/02\/tainghelogitechh150xanh3.jpg\" alt=\"Tai nghe Logitech H150 (Xanh) nhi\u1ec1u c\u00f4ng ngh\u1ec7 hi\u1ec7n \u0111\u1ea1i v\u1edbi m\u1ed9t gi\u00e1 th\u00e0nh h\u1ee3p l\u00ed\" width=\"930\" height=\"523\" title=\"tainghelogitechh150xanh3\"><\/noscript><\/p>\r\n<p><strong>4. QUAI \u0110EO C\u00d3 TH\u1ec2 \u0110I\u1ec0U CH\u1ec8NH \u0110\u01af\u1ee2C<\/strong><\/p>\r\n<p>Tai nghe \u00e2m thanh n\u1ed5i c\u1ee9ng c\u00e1p m\u00e0 v\u1eabn c\u00f3 tr\u1ecdng l\u01b0\u1ee3ng nh\u1eb9 c\u00f3 th\u1ec3 \u0111i\u1ec1u ch\u1ec9nh \u1edf ph\u1ea1m vi r\u1ed9ng. Mi\u1ebfng \u0111\u1ec7m tai nghe b\u1eb1ng m\u00fat si\u00eau m\u1ec1m \u0111em l\u1ea1i h\u00e0ng gi\u1edd s\u1eed d\u1ee5ng tho\u1ea3i m\u00e1i.<\/p>\r\n<p><img class=\"aligncenter wp-image-17067 size-full\" alt=\"Tai nghe Logitech H150 (Xanh) nhi\u1ec1u c\u00f4ng ngh\u1ec7 hi\u1ec7n \u0111\u1ea1i v\u1edbi m\u1ed9t gi\u00e1 th\u00e0nh h\u1ee3p l\u00ed\" width=\"930\" height=\"523\" data-lazy-src=\"https:\/\/mphone.vn\/shop\/wp-content\/uploads\/2024\/02\/tainghelogitechh150xanh4.jpg\" \/><noscript><img decoding=\"async\" class=\"aligncenter wp-image-17067 size-full\" src=\"https:\/\/mphone.vn\/shop\/wp-content\/uploads\/2024\/02\/tainghelogitechh150xanh4.jpg\" alt=\"Tai nghe Logitech H150 (Xanh) nhi\u1ec1u c\u00f4ng ngh\u1ec7 hi\u1ec7n \u0111\u1ea1i v\u1edbi m\u1ed9t gi\u00e1 th\u00e0nh h\u1ee3p l\u00ed\" width=\"930\" height=\"523\" title=\"tainghelogitechh150xanh4\"><\/noscript><\/p>\r\n<p><strong>5. K\u1ebeT N\u1ed0I B\u1eb0NG 2 GI\u1eaeC C\u1eaeM<\/strong><\/p>\r\n<p>K\u1ebft n\u1ed1i v\u1edbi c\u00e1c m\u00e1y t\u00ednh s\u1eed d\u1ee5ng gi\u1eafc c\u1eafm \u00e2m thanh 3,5 mm ri\u00eang cho c\u1ea3 c\u1ed5ng c\u1eafm mic v\u00e0 ng\u00f5 ra \u00e2m thanh. Kh\u00f4ng t\u01b0\u01a1ng th\u00edch v\u1edbi Chromebook<sup>\u2122<\/sup>, m\u00e1y t\u00ednh b\u1ea3ng ho\u1eb7c m\u00e1y Mac.<\/p>\r\n<p><img class=\"aligncenter wp-image-17068 size-full\" alt=\"Tai nghe Logitech H150 (Xanh) nhi\u1ec1u c\u00f4ng ngh\u1ec7 hi\u1ec7n \u0111\u1ea1i v\u1edbi m\u1ed9t gi\u00e1 th\u00e0nh h\u1ee3p l\u00ed\" width=\"930\" height=\"523\" data-lazy-src=\"https:\/\/mphone.vn\/shop\/wp-content\/uploads\/2024\/02\/tainghelogitechh150xanh5.jpg\" \/><noscript><img decoding=\"async\" class=\"aligncenter wp-image-17068 size-full\" src=\"https:\/\/mphone.vn\/shop\/wp-content\/uploads\/2024\/02\/tainghelogitechh150xanh5.jpg\" alt=\"Tai nghe Logitech H150 (Xanh) nhi\u1ec1u c\u00f4ng ngh\u1ec7 hi\u1ec7n \u0111\u1ea1i v\u1edbi m\u1ed9t gi\u00e1 th\u00e0nh h\u1ee3p l\u00ed\" width=\"930\" height=\"523\" title=\"tainghelogitechh150xanh5\"><\/noscript><\/p>\r\n<\/div>\r\n<\/div>\r\n<\/div>","protected":false},"excerpt":{"rendered":"&nbsp; M\u00f4 t\u1ea3 Logitech H150 T\u1ed5ng quan v\u1ec1 Tai nghe Logitech H150 T\u1eacN H\u01af\u1edeNG H\u00c0NG GI\u1edc G\u1eccI \u0110I\u1ec6N INTERNET V\u00c0 NGHE NH\u1ea0C T\u1eea M\u00c1Y T\u00cdNH V\u1edaI \u00c2M THANH R\u00d5 R\u00c0NG, TRONG TR\u1ebaO. M\u1ec1m d\u1ebbo v\u00e0 c\u00f3 th\u1ec3 \u0111i\u1ec1u ch\u1ec9nh \u0111\u01b0\u1ee3c, d\u00e0nh cho c\u00e1c m\u00e1y t\u00ednh s\u1eed d\u1ee5ng c\u1ed5ng c\u1eafm micro v\u00e0 ng\u00f5 ra \u00e2m thanh","protected":false},"featured_media":10853,"template":"","meta":{"inline_featured_image":false},"product_brand":[],"product_cat":[336],"product_tag":[],"class_list":{"0":"post-10198","1":"product","2":"type-product","3":"status-publish","4":"has-post-thumbnail","6":"product_cat-tai-nghe","8":"first","9":"instock","10":"sale","11":"shipping-taxable","12":"purchasable","13":"product-type-simple"},"acf":[],"_links":{"self":[{"href":"https:\/\/mphone.vn\/shop\/wp-json\/wp\/v2\/product\/10198","targetHints":{"allow":["GET"]}}],"collection":[{"href":"https:\/\/mphone.vn\/shop\/wp-json\/wp\/v2\/product"}],"about":[{"href":"https:\/\/mphone.vn\/shop\/wp-json\/wp\/v2\/types\/product"}],"wp:featuredmedia":[{"embeddable":true,"href":"https:\/\/mphone.vn\/shop\/wp-json\/wp\/v2\/media\/10853"}],"wp:attachment":[{"href":"https:\/\/mphone.vn\/shop\/wp-json\/wp\/v2\/media?parent=10198"}],"wp:term":[{"taxonomy":"product_brand","embeddable":true,"href":"https:\/\/mphone.vn\/shop\/wp-json\/wp\/v2\/product_brand?post=10198"},{"taxonomy":"product_cat","embeddable":true,"href":"https:\/\/mphone.vn\/shop\/wp-json\/wp\/v2\/product_cat?post=10198"},{"taxonomy":"product_tag","embeddable":true,"href":"https:\/\/mphone.vn\/shop\/wp-json\/wp\/v2\/product_tag?post=10198"}],"curies":[{"name":"wp","href":"https:\/\/api.w.org\/{rel}","templated":true}]}}