
{"id":10216,"date":"2024-02-05T21:16:27","date_gmt":"2024-02-05T14:16:27","guid":{"rendered":"https:\/\/mphone.vn\/shop\/tai-nghe-logitech-h151-mic-khu-on\/"},"modified":"2024-10-03T17:38:32","modified_gmt":"2024-10-03T10:38:32","slug":"tai-nghe-logitech-h151","status":"publish","type":"product","link":"https:\/\/mphone.vn\/shop\/tai-nghe-logitech-h151\/","title":{"rendered":"Logitech H151"},"content":{"rendered":"<p>&nbsp;<\/p>\r\n<div class=\"row\">\r\n<div class=\"large-2 col pb-0 mb-0\">\r\n<h5 class=\"uppercase mt\">M\u00f4 t\u1ea3<\/h5>\r\n<\/div>\r\n<div class=\"large-10 col pb-0 mb-0\">\r\n<div class=\"panel entry-content\">\r\n<h2 style=\"text-align: center;\"><a href=\"https:\/\/mphone.vn\/san-pham\/logitech-h151\/\">Logitech H151<\/a><\/h2>\r\n<section class=\"checkerboard-row js-checkerboard-row in-view\" aria-label=\"\u00c2M THANH N\u1ed4I\" data-theme-desktop=\"theme-dark\" data-theme-tablet=\"theme-dark\" data-theme-mobile=\"theme-dark\">\r\n<div class=\"container-xl\">\r\n<div class=\"grid checkerboard-wrap\">\r\n<div class=\"media-portion\">\r\n<div class=\"img-wrap\">\r\n<div class=\"img\"><picture class=\"responsive-img js-responsive-img\" data-visible-desktop=\"block\"><img alt=\"tai nghe v\u1edbi \u00e2m thanh n\u1ed5i\" data-lazy-src=\"https:\/\/mphone.vn\/shop\/wp-content\/uploads\/2024\/02\/h151-feature-1.png\" \/><\/picture><noscript><img decoding=\"async\" src=\"https:\/\/mphone.vn\/shop\/wp-content\/uploads\/2024\/02\/h151-feature-1.png\" alt=\"tai nghe v\u1edbi \u00e2m thanh n\u1ed5i\" title=\"h151-feature-1\"><\/noscript><\/div>\r\n<\/div>\r\n<\/div>\r\n<div class=\"text-portion\">\r\n<div class=\"copy rte-field\">\r\n<h2 class=\"h3 \">\u00c2M THANH N\u1ed4I<\/h2>\r\n<p>\u00c2m thanh n\u1ed5i to\u00e0n ph\u1ea7n \u0111em \u0111\u1ebfn gi\u1ecdng n\u00f3i, \u00e2m nh\u1ea1c, tr\u00f2 ch\u01a1i v\u00e0 cu\u1ed9c g\u1ecdi video trong tr\u1ebbo, r\u00f5 r\u00e0ng v\u00e0 nhi\u1ec1u h\u01a1n n\u1eefa. M\u1ed9t tai nghe \u00e2m thanh n\u1ed5i thi\u1ebft y\u1ebfu cho m\u1ee5c \u0111\u00edch s\u1eed d\u1ee5ng c\u00e1 nh\u00e2n ho\u1eb7c t\u1ea1i v\u0103n ph\u00f2ng.<\/p>\r\n<div class=\"cta-container\">\u00a0<\/div>\r\n<div class=\"parsys-ctn\">\r\n<div id=\"image_editable-i3632c6cf92295558d89a7e9a2df41b51\" class=\"pangea-cmp pangea-image aem-margin-options dmrm mmrl\">\r\n<div class=\"aem-content-ctn no-container\">\r\n<div id=\"image_editable-i3632c6cf92295558d89a7e9a2df41b51-padding-options\" class=\"aem-padding-options dprm mprl\"><picture class=\"pangea-cmp responsive-img js-pangea-responsive-img pangea-inited\" data-visible-desktop=\"true\" data-visible-tablet=\"true\" data-visible-mobile=\"true\" data-align-desktop=\"left\" data-align-tablet=\"left\" data-align-mobile=\"left\" data-full-width-desktop=\"false\" data-full-width-tablet=\"false\" data-full-width-mobile=\"false\"><source media=\"(min-width: 1025px)\" data-lazy-srcset=\"https:\/\/mphone.vn\/shop\/wp-content\/uploads\/2024\/02\/game-music-call-icon-01.png 1x, https:\/\/resource.logitech.com\/w_184,c_limit,q_auto,f_auto,dpr_2.0\/d_transparent.gif\/content\/dam\/logitech\/en\/products\/icons\/game-music-call-icon\/game-music-call-icon-01.png?v=1 2x\" \/><source media=\"(min-width: 720px)\" data-lazy-srcset=\"https:\/\/resource.logitech.com\/w_214,c_limit,q_auto,f_auto,dpr_1.0\/d_transparent.gif\/content\/dam\/logitech\/en\/products\/icons\/game-music-call-icon\/game-music-call-icon-01.png?v=1 1x, https:\/\/resource.logitech.com\/w_214,c_limit,q_auto,f_auto,dpr_2.0\/d_transparent.gif\/content\/dam\/logitech\/en\/products\/icons\/game-music-call-icon\/game-music-call-icon-01.png?v=1 2x\" \/><source media=\"(max-width: 719px)\" data-lazy-srcset=\"https:\/\/resource.logitech.com\/w_251,c_limit,q_auto,f_auto,dpr_1.0\/d_transparent.gif\/content\/dam\/logitech\/en\/products\/icons\/game-music-call-icon\/game-music-call-icon-01.png?v=1 1x, https:\/\/resource.logitech.com\/w_251,c_limit,q_auto,f_auto,dpr_2.0\/d_transparent.gif\/content\/dam\/logitech\/en\/products\/icons\/game-music-call-icon\/game-music-call-icon-01.png?v=1 2x\" \/><img alt=\"C\u00e1c bi\u1ec3u t\u01b0\u1ee3ng Tr\u00f2 ch\u01a1i, \u00c2m nh\u1ea1c v\u00e0 Di \u0111\u1ed9ng\" data-lazy-src=\"https:\/\/mphone.vn\/shop\/wp-content\/uploads\/2024\/02\/game-music-call-icon-01.png\" \/><\/picture><noscript><img decoding=\"async\" src=\"https:\/\/mphone.vn\/shop\/wp-content\/uploads\/2024\/02\/game-music-call-icon-01.png\" alt=\"C\u00e1c bi\u1ec3u t\u01b0\u1ee3ng Tr\u00f2 ch\u01a1i, \u00c2m nh\u1ea1c v\u00e0 Di \u0111\u1ed9ng\" title=\"game-music-call-icon-01\"><\/noscript><\/div>\r\n<\/div>\r\n<\/div>\r\n<\/div>\r\n<\/div>\r\n<\/div>\r\n<\/div>\r\n<\/div>\r\n<\/section>\r\n<section class=\"checkerboard-row js-checkerboard-row in-view\" aria-label=\"MICR\u00d4 C\u00d3 TH\u1ec2 XOAY \u0110\u01af\u1ee2C\" data-theme-desktop=\"theme-dark\" data-theme-tablet=\"theme-dark\" data-theme-mobile=\"theme-dark\">\r\n<div class=\"container-xl\">\r\n<div class=\"grid checkerboard-wrap\">\r\n<div class=\"media-portion\">\r\n<div class=\"img-wrap\">\r\n<div class=\"img\"><picture class=\"responsive-img js-responsive-img\" data-visible-desktop=\"block\"><source media=\"(min-width: 1490px)\" data-lazy-srcset=\"https:\/\/resource.logitech.com\/w_797,c_limit,q_auto,f_auto,dpr_1.0\/d_transparent.gif\/content\/dam\/logitech\/en\/products\/video-conferencing\/h151\/h151-feature-2.jpg?v=1 1x, https:\/\/resource.logitech.com\/w_797,c_limit,q_auto,f_auto,dpr_2.0\/d_transparent.gif\/content\/dam\/logitech\/en\/products\/video-conferencing\/h151\/h151-feature-2.jpg?v=1 2x\" \/><source media=\"(min-width: 1025px)\" data-lazy-srcset=\"https:\/\/mphone.vn\/shop\/wp-content\/uploads\/2024\/02\/h151-feature-2.png 1x, https:\/\/resource.logitech.com\/w_695,c_limit,q_auto,f_auto,dpr_2.0\/d_transparent.gif\/content\/dam\/logitech\/en\/products\/video-conferencing\/h151\/h151-feature-2.jpg?v=1 2x\" \/><source media=\"(min-width: 720px)\" data-lazy-srcset=\"https:\/\/resource.logitech.com\/w_929,c_limit,q_auto,f_auto,dpr_1.0\/d_transparent.gif\/content\/dam\/logitech\/en\/products\/video-conferencing\/h151\/h151-feature-2.jpg?v=1 1x, https:\/\/resource.logitech.com\/w_929,c_limit,q_auto,f_auto,dpr_2.0\/d_transparent.gif\/content\/dam\/logitech\/en\/products\/video-conferencing\/h151\/h151-feature-2.jpg?v=1 2x\" \/><source media=\"(max-width: 719px)\" data-lazy-srcset=\"https:\/\/resource.logitech.com\/w_525,c_limit,q_auto,f_auto,dpr_1.0\/d_transparent.gif\/content\/dam\/logitech\/en\/products\/video-conferencing\/h151\/h151-feature-2.jpg?v=1 1x, https:\/\/resource.logitech.com\/w_525,c_limit,q_auto,f_auto,dpr_2.0\/d_transparent.gif\/content\/dam\/logitech\/en\/products\/video-conferencing\/h151\/h151-feature-2.jpg?v=1 2x\" \/><img alt=\"tai nghe v\u1edbi micr\u00f4 xoay 180 \u0111\u1ed9\" data-lazy-src=\"https:\/\/mphone.vn\/shop\/wp-content\/uploads\/2024\/02\/h151-feature-2.png\" \/><\/picture><noscript><img decoding=\"async\" src=\"https:\/\/mphone.vn\/shop\/wp-content\/uploads\/2024\/02\/h151-feature-2.png\" alt=\"tai nghe v\u1edbi micr\u00f4 xoay 180 \u0111\u1ed9\" title=\"h151-feature-2\"><\/noscript><\/div>\r\n<\/div>\r\n<\/div>\r\n<div class=\"text-portion\">\r\n<div class=\"copy rte-field\">\r\n<h2 class=\"h3 \">MICR\u00d4 C\u00d3 TH\u1ec2 XOAY \u0110\u01af\u1ee2C<\/h2>\r\n<p>C\u1ea7n mic c\u00f3 th\u1ec3 xoay 180\u00b0 \u0111\u1ec3 \u0111eo b\u00ean tr\u00e1i ho\u1eb7c b\u00ean ph\u1ea3i. Mic linh ho\u1ea1t c\u00f3 th\u1ec3 ch\u1ec9nh \u0111\u01b0\u1ee3c v\u1ecb tr\u00ed \u0111\u1ec3 thu \u00e2m thanh t\u1ed1t h\u01a1n c\u0169ng nh\u01b0 gi\u1ea3m t\u1ea1p \u00e2m n\u1ec1n. C\u1ea7n mic c\u00f3 th\u1ec3 g\u1ea5p v\u00e0o b\u00ean trong khi b\u1ea1n kh\u00f4ng s\u1eed d\u1ee5ng \u0111\u1ebfn n\u00f3.<\/p>\r\n<div class=\"cta-container\">\u00a0<\/div>\r\n<\/div>\r\n<\/div>\r\n<\/div>\r\n<\/div>\r\n<\/section>\r\n<section class=\"checkerboard-row js-checkerboard-row in-view\" aria-label=\"N\u00daT \u0110I\u1ec0U KHI\u1ec2N TR\u00caN D\u00c2Y\" data-theme-desktop=\"theme-dark\" data-theme-tablet=\"theme-dark\" data-theme-mobile=\"theme-dark\">\r\n<div class=\"container-xl\">\r\n<div class=\"grid checkerboard-wrap\">\r\n<div class=\"media-portion\">\r\n<div class=\"img-wrap\">\r\n<div class=\"img\"><picture class=\"responsive-img js-responsive-img\" data-visible-desktop=\"block\"><source media=\"(min-width: 1490px)\" data-lazy-srcset=\"https:\/\/resource.logitech.com\/w_797,c_limit,q_auto,f_auto,dpr_1.0\/d_transparent.gif\/content\/dam\/logitech\/en\/products\/video-conferencing\/h151\/h151-feature-3.jpg?v=1 1x, https:\/\/resource.logitech.com\/w_797,c_limit,q_auto,f_auto,dpr_2.0\/d_transparent.gif\/content\/dam\/logitech\/en\/products\/video-conferencing\/h151\/h151-feature-3.jpg?v=1 2x\" \/><source media=\"(min-width: 1025px)\" data-lazy-srcset=\"https:\/\/mphone.vn\/shop\/wp-content\/uploads\/2024\/02\/h151-feature-3.jpg 1x, https:\/\/resource.logitech.com\/w_695,c_limit,q_auto,f_auto,dpr_2.0\/d_transparent.gif\/content\/dam\/logitech\/en\/products\/video-conferencing\/h151\/h151-feature-3.jpg?v=1 2x\" \/><source media=\"(min-width: 720px)\" data-lazy-srcset=\"https:\/\/resource.logitech.com\/w_929,c_limit,q_auto,f_auto,dpr_1.0\/d_transparent.gif\/content\/dam\/logitech\/en\/products\/video-conferencing\/h151\/h151-feature-3.jpg?v=1 1x, https:\/\/resource.logitech.com\/w_929,c_limit,q_auto,f_auto,dpr_2.0\/d_transparent.gif\/content\/dam\/logitech\/en\/products\/video-conferencing\/h151\/h151-feature-3.jpg?v=1 2x\" \/><source media=\"(max-width: 719px)\" data-lazy-srcset=\"https:\/\/resource.logitech.com\/w_525,c_limit,q_auto,f_auto,dpr_1.0\/d_transparent.gif\/content\/dam\/logitech\/en\/products\/video-conferencing\/h151\/h151-feature-3.jpg?v=1 1x, https:\/\/resource.logitech.com\/w_525,c_limit,q_auto,f_auto,dpr_2.0\/d_transparent.gif\/content\/dam\/logitech\/en\/products\/video-conferencing\/h151\/h151-feature-3.jpg?v=1 2x\" \/><img alt=\"h\u00ecnh ch\u1ee5p c\u1eadn c\u1ea3nh c\u00e1c n\u00fat \u0111i\u1ec1u khi\u1ec3n tr\u00ean d\u00e2y tai nghe\" data-lazy-src=\"https:\/\/mphone.vn\/shop\/wp-content\/uploads\/2024\/02\/h151-feature-3.jpg\" \/><\/picture><noscript><img decoding=\"async\" src=\"https:\/\/mphone.vn\/shop\/wp-content\/uploads\/2024\/02\/h151-feature-3.jpg\" alt=\"h\u00ecnh ch\u1ee5p c\u1eadn c\u1ea3nh c\u00e1c n\u00fat \u0111i\u1ec1u khi\u1ec3n tr\u00ean d\u00e2y tai nghe\" title=\"h151-feature-3\"><\/noscript><\/div>\r\n<\/div>\r\n<\/div>\r\n<div class=\"text-portion\">\r\n<div class=\"copy rte-field\">\r\n<h2 class=\"h3 \">N\u00daT \u0110I\u1ec0U KHI\u1ec2N TR\u00caN D\u00c2Y<\/h2>\r\n<p>C\u00e1c n\u00fat \u0111i\u1ec1u khi\u1ec3n thu\u1eadn ti\u1ec7n tr\u00ean d\u00e2y tai nghe cho ph\u00e9p b\u1ea1n \u0111i\u1ec1u ch\u1ec9nh \u00e2m l\u01b0\u1ee3ng ho\u1eb7c t\u1eaft ti\u1ebfng cu\u1ed9c g\u1ecdi m\u00e0 kh\u00f4ng h\u1ec1 gi\u00e1n \u0111o\u1ea1n.<\/p>\r\n<div class=\"cta-container\">\u00a0<\/div>\r\n<\/div>\r\n<\/div>\r\n<\/div>\r\n<\/div>\r\n<\/section>\r\n<section class=\"checkerboard-row js-checkerboard-row in-view\" aria-label=\"QUAI \u0110EO C\u00d3 TH\u1ec2 \u0110I\u1ec0U CH\u1ec8NH \u0110\u01af\u1ee2C\" data-theme-desktop=\"theme-dark\" data-theme-tablet=\"theme-dark\" data-theme-mobile=\"theme-dark\">\r\n<div class=\"container-xl\">\r\n<div class=\"grid checkerboard-wrap\">\r\n<div class=\"media-portion\">\r\n<div class=\"img-wrap\">\r\n<div class=\"img\"><picture class=\"responsive-img js-responsive-img\" data-visible-desktop=\"block\"><source media=\"(min-width: 1490px)\" data-lazy-srcset=\"https:\/\/resource.logitech.com\/w_797,c_limit,q_auto,f_auto,dpr_1.0\/d_transparent.gif\/content\/dam\/logitech\/en\/products\/video-conferencing\/h151\/h151-feature-4.jpg?v=1 1x, https:\/\/resource.logitech.com\/w_797,c_limit,q_auto,f_auto,dpr_2.0\/d_transparent.gif\/content\/dam\/logitech\/en\/products\/video-conferencing\/h151\/h151-feature-4.jpg?v=1 2x\" \/><source media=\"(min-width: 1025px)\" data-lazy-srcset=\"https:\/\/mphone.vn\/shop\/wp-content\/uploads\/2024\/02\/h151-feature-4.jpg 1x, https:\/\/resource.logitech.com\/w_695,c_limit,q_auto,f_auto,dpr_2.0\/d_transparent.gif\/content\/dam\/logitech\/en\/products\/video-conferencing\/h151\/h151-feature-4.jpg?v=1 2x\" \/><source media=\"(min-width: 720px)\" data-lazy-srcset=\"https:\/\/resource.logitech.com\/w_929,c_limit,q_auto,f_auto,dpr_1.0\/d_transparent.gif\/content\/dam\/logitech\/en\/products\/video-conferencing\/h151\/h151-feature-4.jpg?v=1 1x, https:\/\/resource.logitech.com\/w_929,c_limit,q_auto,f_auto,dpr_2.0\/d_transparent.gif\/content\/dam\/logitech\/en\/products\/video-conferencing\/h151\/h151-feature-4.jpg?v=1 2x\" \/><source media=\"(max-width: 719px)\" data-lazy-srcset=\"https:\/\/resource.logitech.com\/w_525,c_limit,q_auto,f_auto,dpr_1.0\/d_transparent.gif\/content\/dam\/logitech\/en\/products\/video-conferencing\/h151\/h151-feature-4.jpg?v=1 1x, https:\/\/resource.logitech.com\/w_525,c_limit,q_auto,f_auto,dpr_2.0\/d_transparent.gif\/content\/dam\/logitech\/en\/products\/video-conferencing\/h151\/h151-feature-4.jpg?v=1 2x\" \/><img alt=\"tai nghe v\u1edbi mi\u1ebfng \u0111\u1ec7m tai m\u1ec1m\" data-lazy-src=\"https:\/\/mphone.vn\/shop\/wp-content\/uploads\/2024\/02\/h151-feature-4.jpg\" \/><\/picture><noscript><img decoding=\"async\" src=\"https:\/\/mphone.vn\/shop\/wp-content\/uploads\/2024\/02\/h151-feature-4.jpg\" alt=\"tai nghe v\u1edbi mi\u1ebfng \u0111\u1ec7m tai m\u1ec1m\" title=\"h151-feature-4\"><\/noscript><\/div>\r\n<\/div>\r\n<\/div>\r\n<div class=\"text-portion\">\r\n<div class=\"copy rte-field\">\r\n<h2 class=\"h3 \">QUAI \u0110EO C\u00d3 TH\u1ec2 \u0110I\u1ec0U CH\u1ec8NH \u0110\u01af\u1ee2C<\/h2>\r\n<p>Tai nghe ch\u1eafc ch\u1eafn nh\u01b0ng nh\u1eb9 c\u00f3 ph\u1ea1m vi \u0111i\u1ec1u ch\u1ec9nh l\u1edbn. Mi\u1ebfng \u0111\u1ec7m tai nghe si\u00eau m\u1ec1m \u0111em l\u1ea1i h\u00e0ng gi\u1edd tho\u1ea3i m\u00e1i.<\/p>\r\n<div class=\"cta-container\">\u00a0<\/div>\r\n<\/div>\r\n<\/div>\r\n<\/div>\r\n<\/div>\r\n<\/section>\r\n<section class=\"checkerboard-row js-checkerboard-row in-view\" aria-label=\"K\u1ebeT N\u1ed0I GI\u1eaeC \u00c2M THANH 3,5MM\" data-theme-desktop=\"theme-dark\" data-theme-tablet=\"theme-dark\" data-theme-mobile=\"theme-dark\">\r\n<div class=\"container-xl\">\r\n<div class=\"grid checkerboard-wrap\">\r\n<div class=\"media-portion\">\r\n<div class=\"img-wrap\">\r\n<div class=\"img\"><picture class=\"responsive-img js-responsive-img\" data-visible-desktop=\"block\"><source media=\"(min-width: 1490px)\" data-lazy-srcset=\"https:\/\/resource.logitech.com\/w_797,c_limit,q_auto,f_auto,dpr_1.0\/d_transparent.gif\/content\/dam\/logitech\/en\/products\/video-conferencing\/h151\/h151-feature-5.jpg?v=1 1x, https:\/\/resource.logitech.com\/w_797,c_limit,q_auto,f_auto,dpr_2.0\/d_transparent.gif\/content\/dam\/logitech\/en\/products\/video-conferencing\/h151\/h151-feature-5.jpg?v=1 2x\" \/><source media=\"(min-width: 1025px)\" data-lazy-srcset=\"https:\/\/mphone.vn\/shop\/wp-content\/uploads\/2024\/02\/h151-feature-5.png 1x, https:\/\/resource.logitech.com\/w_695,c_limit,q_auto,f_auto,dpr_2.0\/d_transparent.gif\/content\/dam\/logitech\/en\/products\/video-conferencing\/h151\/h151-feature-5.jpg?v=1 2x\" \/><source media=\"(min-width: 720px)\" data-lazy-srcset=\"https:\/\/resource.logitech.com\/w_929,c_limit,q_auto,f_auto,dpr_1.0\/d_transparent.gif\/content\/dam\/logitech\/en\/products\/video-conferencing\/h151\/h151-feature-5.jpg?v=1 1x, https:\/\/resource.logitech.com\/w_929,c_limit,q_auto,f_auto,dpr_2.0\/d_transparent.gif\/content\/dam\/logitech\/en\/products\/video-conferencing\/h151\/h151-feature-5.jpg?v=1 2x\" \/><source media=\"(max-width: 719px)\" data-lazy-srcset=\"https:\/\/resource.logitech.com\/w_525,c_limit,q_auto,f_auto,dpr_1.0\/d_transparent.gif\/content\/dam\/logitech\/en\/products\/video-conferencing\/h151\/h151-feature-5.jpg?v=1 1x, https:\/\/resource.logitech.com\/w_525,c_limit,q_auto,f_auto,dpr_2.0\/d_transparent.gif\/content\/dam\/logitech\/en\/products\/video-conferencing\/h151\/h151-feature-5.jpg?v=1 2x\" \/><img alt=\"K\u1ebeT N\u1ed0I GI\u1eaeC \u00c2M THANH 3,5MM\" data-lazy-src=\"https:\/\/mphone.vn\/shop\/wp-content\/uploads\/2024\/02\/h151-feature-5.png\" \/><\/picture><noscript><img decoding=\"async\" src=\"https:\/\/mphone.vn\/shop\/wp-content\/uploads\/2024\/02\/h151-feature-5.png\" alt=\"K\u1ebeT N\u1ed0I GI\u1eaeC \u00c2M THANH 3,5MM\" title=\"h151-feature-5\"><\/noscript><\/div>\r\n<\/div>\r\n<\/div>\r\n<div class=\"text-portion\">\r\n<div class=\"copy rte-field\">\r\n<h2 class=\"h3 \">K\u1ebeT N\u1ed0I GI\u1eaeC \u00c2M THANH 3,5MM<\/h2>\r\n<p>\u0110\u01a1n gi\u1ea3n ch\u1ec9 c\u1ea7n c\u1eafm gi\u1eafc \u00e2m thanh 3,5mm v\u00e0o m\u00e1y t\u00ednh, \u0111i\u1ec7n tho\u1ea1i th\u00f4ng minh hay m\u00e1y t\u00ednh b\u1ea3ng l\u00e0 b\u1ea1n \u0111\u00e3 s\u1eb5n s\u00e0ng tr\u00f2 chuy\u1ec7n.<\/p>\r\n<\/div>\r\n<\/div>\r\n<\/div>\r\n<\/div>\r\n<\/section>\r\n<\/div>\r\n<\/div>\r\n<\/div>","protected":false},"excerpt":{"rendered":"&nbsp; M\u00f4 t\u1ea3 Logitech H151 \u00c2M THANH N\u1ed4I \u00c2m thanh n\u1ed5i to\u00e0n ph\u1ea7n \u0111em \u0111\u1ebfn gi\u1ecdng n\u00f3i, \u00e2m nh\u1ea1c, tr\u00f2 ch\u01a1i v\u00e0 cu\u1ed9c g\u1ecdi video trong tr\u1ebbo, r\u00f5 r\u00e0ng v\u00e0 nhi\u1ec1u h\u01a1n n\u1eefa. M\u1ed9t tai nghe \u00e2m thanh n\u1ed5i thi\u1ebft y\u1ebfu cho m\u1ee5c \u0111\u00edch s\u1eed d\u1ee5ng c\u00e1 nh\u00e2n ho\u1eb7c t\u1ea1i v\u0103n ph\u00f2ng. \u00a0 MICR\u00d4 C\u00d3","protected":false},"featured_media":10854,"template":"","meta":{"inline_featured_image":false},"product_brand":[],"product_cat":[336],"product_tag":[],"class_list":{"0":"post-10216","1":"product","2":"type-product","3":"status-publish","4":"has-post-thumbnail","6":"product_cat-tai-nghe","8":"first","9":"instock","10":"sale","11":"shipping-taxable","12":"purchasable","13":"product-type-simple"},"acf":[],"_links":{"self":[{"href":"https:\/\/mphone.vn\/shop\/wp-json\/wp\/v2\/product\/10216","targetHints":{"allow":["GET"]}}],"collection":[{"href":"https:\/\/mphone.vn\/shop\/wp-json\/wp\/v2\/product"}],"about":[{"href":"https:\/\/mphone.vn\/shop\/wp-json\/wp\/v2\/types\/product"}],"wp:featuredmedia":[{"embeddable":true,"href":"https:\/\/mphone.vn\/shop\/wp-json\/wp\/v2\/media\/10854"}],"wp:attachment":[{"href":"https:\/\/mphone.vn\/shop\/wp-json\/wp\/v2\/media?parent=10216"}],"wp:term":[{"taxonomy":"product_brand","embeddable":true,"href":"https:\/\/mphone.vn\/shop\/wp-json\/wp\/v2\/product_brand?post=10216"},{"taxonomy":"product_cat","embeddable":true,"href":"https:\/\/mphone.vn\/shop\/wp-json\/wp\/v2\/product_cat?post=10216"},{"taxonomy":"product_tag","embeddable":true,"href":"https:\/\/mphone.vn\/shop\/wp-json\/wp\/v2\/product_tag?post=10216"}],"curies":[{"name":"wp","href":"https:\/\/api.w.org\/{rel}","templated":true}]}}