
{"id":10229,"date":"2024-02-05T21:16:35","date_gmt":"2024-02-05T14:16:35","guid":{"rendered":"https:\/\/mphone.vn\/shop\/tai-nghe-logitech-h340\/"},"modified":"2024-10-03T17:38:44","modified_gmt":"2024-10-03T10:38:44","slug":"logitech-h340","status":"publish","type":"product","link":"https:\/\/mphone.vn\/shop\/logitech-h340\/","title":{"rendered":"Logitech H340"},"content":{"rendered":"<p>&nbsp;<\/p>\r\n<div class=\"row\">\r\n<div class=\"large-2 col pb-0 mb-0\">\r\n<h5 class=\"uppercase mt\">M\u00f4 t\u1ea3<\/h5>\r\n<\/div>\r\n<div class=\"large-10 col pb-0 mb-0\">\r\n<div class=\"panel entry-content\">\r\n<h2 style=\"text-align: center;\"><a href=\"https:\/\/mphone.vn\/san-pham\/logitech-h340\/\"><strong> Logitech H340<\/strong><\/a><\/h2>\r\n<div class=\"bang-tskt\">\r\n<p>&nbsp;<\/p>\r\n<h2 class=\"tskt-title spct-title\">Th\u00f4ng s\u1ed1 k\u1ef9 thu\u1eadt<\/h2>\r\n<div class=\"bang-tskt\">\r\n<table cellpadding=\"7\">\r\n<colgroup> \r\n<col \/> \r\n<col \/><\/colgroup>\r\n<tbody>\r\n<tr>\r\n<td colspan=\"2\" bgcolor=\"#b7e7ff\" height=\"5\">M\u00f4 t\u1ea3 chi ti\u1ebft<\/td>\r\n<\/tr>\r\n<tr>\r\n<td bgcolor=\"#ffffff\" height=\"9\">H\u00e3ng s\u1ea3n xu\u1ea5t<\/td>\r\n<td bgcolor=\"#ffffff\">Logitech<\/td>\r\n<\/tr>\r\n<tr>\r\n<td bgcolor=\"#f0f0f0\" height=\"6\">Ch\u1ee7ng lo\u1ea1i<\/td>\r\n<td bgcolor=\"#f0f0f0\">H340<\/td>\r\n<\/tr>\r\n<tr>\r\n<td bgcolor=\"#ffffff\" height=\"6\">Chu\u1ea9n c\u1eafm h\u1ed7 tr\u1ee3<\/td>\r\n<td bgcolor=\"#ffffff\">USB<\/td>\r\n<\/tr>\r\n<tr>\r\n<td bgcolor=\"#f0f0f0\" height=\"6\">Microphone<\/td>\r\n<td bgcolor=\"#f0f0f0\">C\u00f3<\/td>\r\n<\/tr>\r\n<tr>\r\n<td bgcolor=\"#ffffff\" height=\"25\">T\u00edch n\u0103ng \u0111\u1eb7c bi\u1ec7t<\/td>\r\n<td bgcolor=\"#ffffff\">Tai nghe ph\u00f9 h\u1ee3p s\u1eed d\u1ee5ng nhu c\u1ea7u h\u1eb1ng ng\u00e0y, v\u0103n ph\u00f2ng, k\u1ebft n\u1ed1i d\u1ec5 d\u00e0ng th\u00f4ng qua USB<\/td>\r\n<\/tr>\r\n<\/tbody>\r\n<\/table>\r\n<h3>TAI NGHE M\u00c1Y T\u00cdNH USB<\/h3>\r\n<p>Tai nghe doanh nh\u00e2n ho\u00e0n h\u1ea3o d\u00e0nh cho c\u00e1c cu\u1ed9c g\u1ecdi tho\u1ea1i, Skype, h\u1ed9i ngh\u1ecb tr\u00ean web v\u00e0 nhi\u1ec1u h\u01a1n n\u1eefa<\/p>\r\n<div>\r\n<div><img class=\"loaded\" alt=\"Tai nghe Logitech H340 th\u00edch h\u1ee3p cho vi\u1ec7c \u0111\u00e0m tho\u1ea1i\" width=\"930\" height=\"523\" data-was-processed=\"true\" data-lazy-src=\"https:\/\/mphone.vn\/shop\/wp-content\/uploads\/2024\/02\/29587_thiet-ke-cua-tai-nghe-logitech-h340.jpg\" \/><noscript><img decoding=\"async\" class=\"loaded\" src=\"https:\/\/mphone.vn\/shop\/wp-content\/uploads\/2024\/02\/29587_thiet-ke-cua-tai-nghe-logitech-h340.jpg\" alt=\"Tai nghe Logitech H340 th\u00edch h\u1ee3p cho vi\u1ec7c \u0111\u00e0m tho\u1ea1i\" width=\"930\" height=\"523\" data-was-processed=\"true\" title=\"29587_thiet-ke-cua-tai-nghe-logitech-h340\"><\/noscript><\/div>\r\n<\/div>\r\n<div>\r\n<div>\r\n<h3>\u00c2M THANH N\u1ed4I K\u1ef8 THU\u1eacT S\u1ed0<\/h3>\r\n<p>Th\u01b0\u1edfng th\u1ee9c \u00e2m nh\u1ea1c, tr\u00f2 ch\u01a1i v\u00e0 cu\u1ed9c g\u1ecdi v\u1edbi \u00e2m thanh r\u00f5 r\u00e0ng. C\u00f3 th\u1ec3 s\u1eed d\u1ee5ng tai nghe n\u00e0y v\u1edbi m\u1ecdi m\u00e1y t\u00ednh ho\u1eb7c m\u00e1y Mac c\u00f3 c\u1ed5ng USB-A ho\u1eb7c b\u1ed9 ti\u1ebfp h\u1ee3p m\u00e0 kh\u00f4ng c\u1ea7n c\u00e0i \u0111\u1eb7t ph\u1ea7n m\u1ec1m.<\/p>\r\n<p><img class=\"loading\" alt=\"Tai nghe Logitech H340 c\u00f3 ch\u1ea5t l\u01b0\u1ee3ng \u00e2m thanh t\u1ed1t\" width=\"930\" height=\"523\" data-was-processed=\"true\" data-lazy-src=\"https:\/\/mphone.vn\/shop\/wp-content\/uploads\/2024\/02\/29587_am-thanh-cua-tai-nghe-logitech-h340.jpg\" \/><noscript><img decoding=\"async\" class=\"loading\" src=\"https:\/\/mphone.vn\/shop\/wp-content\/uploads\/2024\/02\/29587_am-thanh-cua-tai-nghe-logitech-h340.jpg\" alt=\"Tai nghe Logitech H340 c\u00f3 ch\u1ea5t l\u01b0\u1ee3ng \u00e2m thanh t\u1ed1t\" width=\"930\" height=\"523\" data-was-processed=\"true\" title=\"29587_am-thanh-cua-tai-nghe-logitech-h340\"><\/noscript><\/p>\r\n<h3>MIC KH\u1eec TI\u1ebeNG \u1ed2N<\/h3>\r\n<p>Mic b\u00ean ph\u1ea3i c\u00f3 th\u1ec3 \u0111\u01b0\u1ee3c ch\u1ec9nh v\u1ecb tr\u00ed \u0111\u1ec3 b\u1eaft gi\u1ecdng n\u00f3i t\u1ed1t h\u01a1n v\u00e0 gi\u1ea3m t\u1ea1p \u00e2m n\u1ec1n. C\u1ea7n mic c\u00f3 th\u1ec3 g\u1ea5p v\u00e0o b\u00ean trong quai \u0111eo g\u1ecdn g\u00e0ng v\u00e0 k\u00edn \u0111\u00e1o khi b\u1ea1n kh\u00f4ng s\u1eed d\u1ee5ng.<\/p>\r\n<p><img class=\"loading\" alt=\"Tai nghe Logitech H340 trang b\u1ecb mic g\u1eadp kh\u1eed ti\u1ebfng \u1ed3n\" width=\"930\" height=\"523\" data-was-processed=\"true\" data-lazy-src=\"https:\/\/mphone.vn\/shop\/wp-content\/uploads\/2024\/02\/29587_mic-cua-tai-nghe-logitech-h340.jpg\" \/><noscript><img decoding=\"async\" class=\"loading\" src=\"https:\/\/mphone.vn\/shop\/wp-content\/uploads\/2024\/02\/29587_mic-cua-tai-nghe-logitech-h340.jpg\" alt=\"Tai nghe Logitech H340 trang b\u1ecb mic g\u1eadp kh\u1eed ti\u1ebfng \u1ed3n\" width=\"930\" height=\"523\" data-was-processed=\"true\" title=\"29587_mic-cua-tai-nghe-logitech-h340\"><\/noscript><\/p>\r\n<h3>QUAI \u0110EO C\u00d3 TH\u1ec2 \u0110I\u1ec0U CH\u1ec8NH \u0110\u01af\u1ee2C<\/h3>\r\n<p>Quai \u0111eo c\u00f3 tr\u1ecdng l\u01b0\u1ee3ng nh\u1eb9 v\u1edbi \u0111\u1ec7m tai b\u1eb1ng m\u00fat \u0111\u01b0\u1ee3c g\u1eafn ki\u1ec3u xoay \u0111\u01b0\u1ee3c \u0111em l\u1ea1i h\u00e0ng gi\u1edd nghe tho\u1ea3i m\u00e1i.<\/p>\r\n<p><img class=\"loading\" alt=\"Tai nghe Logitech H340 c\u00f3 th\u1ec3 \u0111i\u1ec1u ch\u1ec9nh quai \u0111eo\" width=\"930\" height=\"523\" data-was-processed=\"true\" data-lazy-src=\"https:\/\/mphone.vn\/shop\/wp-content\/uploads\/2024\/02\/29587_quai-deo-cua-tai-nghe-logitech-h340.jpg\" \/><noscript><img decoding=\"async\" class=\"loading\" src=\"https:\/\/mphone.vn\/shop\/wp-content\/uploads\/2024\/02\/29587_quai-deo-cua-tai-nghe-logitech-h340.jpg\" alt=\"Tai nghe Logitech H340 c\u00f3 th\u1ec3 \u0111i\u1ec1u ch\u1ec9nh quai \u0111eo\" width=\"930\" height=\"523\" data-was-processed=\"true\" title=\"29587_quai-deo-cua-tai-nghe-logitech-h340\"><\/noscript><\/p>\r\n<h3>K\u1ebeT N\u1ed0I USB-A<\/h3>\r\n<p>USB t\u1ea1o kh\u1ea3 n\u0103ng d\u1ec5 d\u00e0ng v\u1eadn h\u00e0nh ch\u1ec9 b\u1eb1ng c\u00e1ch c\u1eafm v\u00e0o l\u00e0 ph\u00e1t. Ch\u1ec9 c\u1ea7n c\u1eafm \u0111\u1ea7u n\u1ed1i USB-A v\u00e0o m\u00e1y t\u00ednh l\u00e0 b\u1ea1n \u0111\u00e3 s\u1eb5n s\u00e0ng n\u00f3i chuy\u1ec7n, nghe nh\u1ea1c ho\u1eb7c ch\u01a1i game.<\/p>\r\n<p><img class=\"loading\" alt=\"Tai nghe Logitech H340 c\u00f3 k\u1ebft n\u1ed1i usb ti\u1ec7n l\u1ee3i\" width=\"930\" height=\"523\" data-was-processed=\"true\" data-lazy-src=\"https:\/\/mphone.vn\/shop\/wp-content\/uploads\/2024\/02\/29587_ket-noi-cua-tai-nghe-logitech-h340.jpg\" \/><noscript><img decoding=\"async\" class=\"loading\" src=\"https:\/\/mphone.vn\/shop\/wp-content\/uploads\/2024\/02\/29587_ket-noi-cua-tai-nghe-logitech-h340.jpg\" alt=\"Tai nghe Logitech H340 c\u00f3 k\u1ebft n\u1ed1i usb ti\u1ec7n l\u1ee3i\" width=\"930\" height=\"523\" data-was-processed=\"true\" title=\"29587_ket-noi-cua-tai-nghe-logitech-h340\"><\/noscript><\/p>\r\n<\/div>\r\n<\/div>\r\n<\/div>\r\n<p>&nbsp;<\/p>\r\n<\/div>\r\n<\/div>\r\n<\/div>\r\n<\/div>","protected":false},"excerpt":{"rendered":"&nbsp; M\u00f4 t\u1ea3 Logitech H340 &nbsp; Th\u00f4ng s\u1ed1 k\u1ef9 thu\u1eadt M\u00f4 t\u1ea3 chi ti\u1ebft H\u00e3ng s\u1ea3n xu\u1ea5t Logitech Ch\u1ee7ng lo\u1ea1i H340 Chu\u1ea9n c\u1eafm h\u1ed7 tr\u1ee3 USB Microphone C\u00f3 T\u00edch n\u0103ng \u0111\u1eb7c bi\u1ec7t Tai nghe ph\u00f9 h\u1ee3p s\u1eed d\u1ee5ng nhu c\u1ea7u h\u1eb1ng ng\u00e0y, v\u0103n ph\u00f2ng, k\u1ebft n\u1ed1i d\u1ec5 d\u00e0ng th\u00f4ng qua USB TAI NGHE M\u00c1Y T\u00cdNH","protected":false},"featured_media":10855,"template":"","meta":{"inline_featured_image":false},"product_brand":[],"product_cat":[336],"product_tag":[],"class_list":{"0":"post-10229","1":"product","2":"type-product","3":"status-publish","4":"has-post-thumbnail","6":"product_cat-tai-nghe","8":"first","9":"instock","10":"sale","11":"shipping-taxable","12":"purchasable","13":"product-type-simple"},"acf":[],"_links":{"self":[{"href":"https:\/\/mphone.vn\/shop\/wp-json\/wp\/v2\/product\/10229","targetHints":{"allow":["GET"]}}],"collection":[{"href":"https:\/\/mphone.vn\/shop\/wp-json\/wp\/v2\/product"}],"about":[{"href":"https:\/\/mphone.vn\/shop\/wp-json\/wp\/v2\/types\/product"}],"wp:featuredmedia":[{"embeddable":true,"href":"https:\/\/mphone.vn\/shop\/wp-json\/wp\/v2\/media\/10855"}],"wp:attachment":[{"href":"https:\/\/mphone.vn\/shop\/wp-json\/wp\/v2\/media?parent=10229"}],"wp:term":[{"taxonomy":"product_brand","embeddable":true,"href":"https:\/\/mphone.vn\/shop\/wp-json\/wp\/v2\/product_brand?post=10229"},{"taxonomy":"product_cat","embeddable":true,"href":"https:\/\/mphone.vn\/shop\/wp-json\/wp\/v2\/product_cat?post=10229"},{"taxonomy":"product_tag","embeddable":true,"href":"https:\/\/mphone.vn\/shop\/wp-json\/wp\/v2\/product_tag?post=10229"}],"curies":[{"name":"wp","href":"https:\/\/api.w.org\/{rel}","templated":true}]}}