
{"id":10248,"date":"2024-02-05T21:16:48","date_gmt":"2024-02-05T14:16:48","guid":{"rendered":"https:\/\/mphone.vn\/shop\/tai-nghe-logitech-h390-usb\/"},"modified":"2024-10-03T17:39:09","modified_gmt":"2024-10-03T10:39:09","slug":"logitech-h390-usb","status":"publish","type":"product","link":"https:\/\/mphone.vn\/shop\/logitech-h390-usb\/","title":{"rendered":"Logitech H390 USB"},"content":{"rendered":"<p>&nbsp;<\/p>\r\n<div class=\"row\">\r\n<div class=\"large-2 col pb-0 mb-0\">\r\n<h5 class=\"uppercase mt\">M\u00f4 t\u1ea3<\/h5>\r\n<\/div>\r\n<div class=\"large-10 col pb-0 mb-0\">\r\n<div class=\"panel entry-content\">\r\n<h2 style=\"text-align: center;\"><strong> Logitec<\/strong><strong>h<\/strong><strong> H390<\/strong><\/h2>\r\n<h2 class=\"tskt-title spct-title\">Th\u00f4ng s\u1ed1 k\u1ef9 thu\u1eadt<\/h2>\r\n<div class=\"bang-tskt\">\r\n<table>\r\n<tbody>\r\n<tr>\r\n<td colspan=\"2\">M\u00f4 t\u1ea3 chi ti\u1ebft<\/td>\r\n<\/tr>\r\n<tr>\r\n<td>H\u00e3ng s\u1ea3n xu\u1ea5t<\/td>\r\n<td>Logitech<\/td>\r\n<\/tr>\r\n<tr>\r\n<td>Ch\u1ee7ng lo\u1ea1i<\/td>\r\n<td>Logitech H390<\/td>\r\n<\/tr>\r\n<tr>\r\n<td>Chu\u1ea9n c\u1eafm h\u1ed7 tr\u1ee3<\/td>\r\n<td>USB<\/td>\r\n<\/tr>\r\n<tr>\r\n<td>Microphone<\/td>\r\n<td>C\u00f3<\/td>\r\n<\/tr>\r\n<tr>\r\n<td>Tr\u1edf kh\u00e1ng<\/td>\r\n<td>\u00a032 Ohm<\/td>\r\n<\/tr>\r\n<tr>\r\n<td>T\u1ea7n s\u1ed1<\/td>\r\n<td>\u00a020 Hz \u2013 20 KHz<\/td>\r\n<\/tr>\r\n<tr>\r\n<td>K\u00edch c\u1ee1 m\u00e0ng loa<\/td>\r\n<td>N\/a<\/td>\r\n<\/tr>\r\n<tr>\r\n<td>Tr\u1ecdng l\u01b0\u1ee3ng<\/td>\r\n<td>0.197Kg<\/td>\r\n<\/tr>\r\n<tr>\r\n<td>T\u00ednh n\u0103ng \u0111\u1eb7c bi\u1ec7t<\/td>\r\n<td>Ho\u1ea1t \u0111\u1ed9ng v\u1edbi c\u00e1c \u1ee9ng d\u1ee5ng g\u1ecdi \u0111i\u1ec7n ph\u1ed5 bi\u1ebfn tr\u00ean h\u1ea7u h\u1ebft c\u00e1c h\u1ec7 \u0111i\u1ec1u h\u00e0nh\r\n\r\n<p>Micro cho kh\u1ea3 n\u0103ng kh\u1eed ti\u1ebfng \u1ed3n<\/p>\r\n<\/td>\r\n<\/tr>\r\n<\/tbody>\r\n<\/table>\r\n<div class=\"nd title_box_scroll_content_2019\">\r\n<p><strong><img class=\"loading alignnone\" alt=\"Logitech H390\" width=\"930\" height=\"523\" data-was-processed=\"true\" data-lazy-src=\"https:\/\/mphone.vn\/shop\/wp-content\/uploads\/2024\/02\/38252_stereo-headset-h390-pdp-refresh.jpg\" \/><noscript><img decoding=\"async\" class=\"loading alignnone\" src=\"https:\/\/mphone.vn\/shop\/wp-content\/uploads\/2024\/02\/38252_stereo-headset-h390-pdp-refresh.jpg\" alt=\"Logitech H390\" width=\"930\" height=\"523\" data-was-processed=\"true\" title=\"38252_stereo-headset-h390-pdp-refresh\"><\/noscript><\/strong><\/p>\r\n<p>Tai nghe doanh nh\u00e2n ho\u00e0n h\u1ea3o d\u00e0nh cho c\u00e1c cu\u1ed9c g\u1ecdi tho\u1ea1i, Skype, h\u1ed9i ngh\u1ecb tr\u00ean web v\u00e0 nhi\u1ec1u h\u01a1n n\u1eefa. D\u00e2y 7,64 ft (233cm) l\u00e0 \u0111\u1ed9 d\u00e0i ph\u00f9 h\u1ee3p \u0111em l\u1ea1i cho b\u1ea1n s\u1ef1 t\u1ef1 do \u0111\u1ec3 \u0111\u1ee9ng l\u00ean du\u1ed7i m\u00ecnh trong c\u00e1c cu\u1ed9c h\u1ed9i tho\u1ea1i d\u00e0i.<\/p>\r\n<h2><strong>\u00c2M THANH N\u1ed4I K\u1ef8 THU\u1eacT S\u1ed0<\/strong><\/h2>\r\n<p><strong><img class=\"loading\" alt=\"Tai nghe Logitech H390 th\u00edch h\u1ee3p cho nhi\u1ec1u t\u00e1c v\u1ee5\" width=\"930\" height=\"523\" data-was-processed=\"true\" data-lazy-src=\"https:\/\/mphone.vn\/shop\/wp-content\/uploads\/2024\/02\/38252_stereo-headset-h390-pdp-refresh1.jpg\" \/><noscript><img decoding=\"async\" class=\"loading\" src=\"https:\/\/mphone.vn\/shop\/wp-content\/uploads\/2024\/02\/38252_stereo-headset-h390-pdp-refresh1.jpg\" alt=\"Tai nghe Logitech H390 th\u00edch h\u1ee3p cho nhi\u1ec1u t\u00e1c v\u1ee5\" width=\"930\" height=\"523\" data-was-processed=\"true\" title=\"38252_stereo-headset-h390-pdp-refresh1\"><\/noscript><\/strong><\/p>\r\n<p>C\u00e1c m\u00e0ng loa \u0111\u01b0\u1ee3c ch\u1ec9nh laze \u0111em l\u1ea1i \u00e2m thanh k\u1ef9 thu\u1eadt s\u1ed1 cao c\u1ea5p \u0111\u1ec3 nghe \u00e2m nh\u1ea1c, ch\u01a1i game v\u00e0 g\u1ecdi \u0111i\u1ec7n. C\u00f3 th\u1ec3 s\u1eed d\u1ee5ng tai nghe c\u1eafm v\u00e0o l\u00e0 ph\u00e1t n\u00e0y v\u1edbi m\u1ecdi m\u00e1y t\u00ednh ho\u1eb7c m\u00e1y Mac c\u00f3 c\u1ed5ng USB-A ho\u1eb7c b\u1ed9 ti\u1ebfp h\u1ee3p m\u00e0 kh\u00f4ng c\u1ea7n c\u00e0i \u0111\u1eb7t ph\u1ea7n m\u1ec1m.<\/p>\r\n<h2><strong>MIC KH\u1eec TI\u1ebeNG \u1ed2N<\/strong><\/h2>\r\n<p><strong><img class=\"loading\" alt=\"Tai nghe Logitech H390 trang b\u1ecb mic kh\u1eed ti\u1ebfng \u1ed3n\" width=\"930\" height=\"523\" data-was-processed=\"true\" data-lazy-src=\"https:\/\/mphone.vn\/shop\/wp-content\/uploads\/2024\/02\/38252_stereo-headset-h390-pdp-refresh2.jpg\" \/><noscript><img decoding=\"async\" class=\"loading\" src=\"https:\/\/mphone.vn\/shop\/wp-content\/uploads\/2024\/02\/38252_stereo-headset-h390-pdp-refresh2.jpg\" alt=\"Tai nghe Logitech H390 trang b\u1ecb mic kh\u1eed ti\u1ebfng \u1ed3n\" width=\"930\" height=\"523\" data-was-processed=\"true\" title=\"38252_stereo-headset-h390-pdp-refresh2\"><\/noscript><\/strong><\/p>\r\n<p>Gi\u1ea3m thi\u1ec3u t\u1ea1p \u00e2m n\u1ec1n kh\u00f4ng mong mu\u1ed1n cho cu\u1ed9c g\u1ecdi r\u00f5 r\u00e0ng. C\u00f3 th\u1ec3 ch\u1ec9nh mic b\u00ean tr\u00e1i \u0111\u01b0\u1ee3c b\u1eaft ch\u1eb7t v\u00e0o v\u1ecb tr\u00ed thu\u1eadn ti\u1ec7n \u0111\u1ec3 thu gi\u1ecdng n\u00f3i t\u1ed1t h\u01a1n. C\u00f3 th\u1ec3 g\u1ea5p c\u1ea7n mic linh \u0111\u1ed9ng v\u00e0o b\u00ean trong quai \u0111eo g\u1ecdn g\u00e0ng khi b\u1ea1n kh\u00f4ng s\u1eed d\u1ee5ng.<\/p>\r\n<h2><strong>N\u00daT \u0110I\u1ec0U KHI\u1ec2N TR\u00caN D\u00c2Y<\/strong><\/h2>\r\n<p><strong><img class=\"loading\" alt=\"Tai nghe Logitech H390 t\u00edch h\u1ee3p \u0111i\u1ec1u khi\u1ec3n tr\u00ean d\u00e2y ti\u1ec7n l\u1ee3i\" width=\"930\" height=\"523\" data-was-processed=\"true\" data-lazy-src=\"https:\/\/mphone.vn\/shop\/wp-content\/uploads\/2024\/02\/38252_stereo-headset-h390-pdp-refresh3.jpg\" \/><noscript><img decoding=\"async\" class=\"loading\" src=\"https:\/\/mphone.vn\/shop\/wp-content\/uploads\/2024\/02\/38252_stereo-headset-h390-pdp-refresh3.jpg\" alt=\"Tai nghe Logitech H390 t\u00edch h\u1ee3p \u0111i\u1ec1u khi\u1ec3n tr\u00ean d\u00e2y ti\u1ec7n l\u1ee3i\" width=\"930\" height=\"523\" data-was-processed=\"true\" title=\"38252_stereo-headset-h390-pdp-refresh3\"><\/noscript><\/strong><\/p>\r\n<p>C\u00e1c n\u00fat \u0111i\u1ec1u khi\u1ec3n \u0111\u01a1n gi\u1ea3n tr\u00ean d\u00e2y tai nghe cho ph\u00e9p b\u1ea1n \u0111i\u1ec1u ch\u1ec9nh \u00e2m l\u01b0\u1ee3ng ho\u1eb7c t\u1eaft ti\u1ebfng cu\u1ed9c g\u1ecdi m\u00e0 kh\u00f4ng h\u1ec1 gi\u00e1n \u0111o\u1ea1n.<\/p>\r\n<h2><strong>QUAI \u0110EO V\u00c0 CH\u1ee4P TAI C\u00d3 \u0110\u1ec6M<\/strong><\/h2>\r\n<p><strong><img class=\"loading\" alt=\"Tai nghe Logitech H390 cho c\u1ea3m gi\u00e1c \u0111eo \u00eam \u00e1i\" width=\"930\" height=\"523\" data-was-processed=\"true\" data-lazy-src=\"https:\/\/mphone.vn\/shop\/wp-content\/uploads\/2024\/02\/38252_stereo-headset-h390-pdp-refresh4.jpg\" \/><noscript><img decoding=\"async\" class=\"loading\" src=\"https:\/\/mphone.vn\/shop\/wp-content\/uploads\/2024\/02\/38252_stereo-headset-h390-pdp-refresh4.jpg\" alt=\"Tai nghe Logitech H390 cho c\u1ea3m gi\u00e1c \u0111eo \u00eam \u00e1i\" width=\"930\" height=\"523\" data-was-processed=\"true\" title=\"38252_stereo-headset-h390-pdp-refresh4\"><\/noscript><\/strong><\/p>\r\n<p>Quai \u0111eo c\u00f3 th\u1ec3 \u0111i\u1ec1u ch\u1ec9nh c\u00f3 c\u00e1c mi\u1ebfng \u0111\u1ec7m tai gi\u1ea3 da, g\u1eafn xoay \u0111em l\u1ea1i h\u00e0ng gi\u1edd s\u1eed d\u1ee5ng tho\u1ea3i m\u00e1i. N\u00f3 c\u0169ng d\u1ec5 lau ch\u00f9i.<\/p>\r\n<h2><strong>K\u1ebeT N\u1ed0I USB-A<\/strong><\/h2>\r\n<p><strong><img class=\"loading\" alt=\"Tai nghe Logitech H390 k\u1ebft n\u1ed1i qua c\u1ed5ng usb ti\u1ec7n d\u1ee5ng\" width=\"930\" height=\"523\" data-was-processed=\"true\" data-lazy-src=\"https:\/\/mphone.vn\/shop\/wp-content\/uploads\/2024\/02\/38252_stereo-headset-h390-pdp-refresh5.jpg\" \/><noscript><img decoding=\"async\" class=\"loading\" src=\"https:\/\/mphone.vn\/shop\/wp-content\/uploads\/2024\/02\/38252_stereo-headset-h390-pdp-refresh5.jpg\" alt=\"Tai nghe Logitech H390 k\u1ebft n\u1ed1i qua c\u1ed5ng usb ti\u1ec7n d\u1ee5ng\" width=\"930\" height=\"523\" data-was-processed=\"true\" title=\"38252_stereo-headset-h390-pdp-refresh5\"><\/noscript><\/strong><\/p>\r\n<p>USB t\u1ea1o kh\u1ea3 n\u0103ng d\u1ec5 d\u00e0ng v\u1eadn h\u00e0nh ch\u1ec9 b\u1eb1ng c\u00e1ch c\u1eafm v\u00e0o l\u00e0 ph\u00e1t. Ch\u1ec9 c\u1ea7n c\u1eafm \u0111\u1ea7u n\u1ed1i USB-A v\u00e0o m\u00e1y t\u00ednh l\u00e0 b\u1ea1n \u0111\u00e3 s\u1eb5n s\u00e0ng n\u00f3i chuy\u1ec7n, nghe nh\u1ea1c ho\u1eb7c ch\u01a1i game.<\/p>\r\n<div class=\"is-divider divider clearfix\" style=\"margin-top: 0.5em; margin-bottom: 0.5em;\">\u00a0<\/div>\r\n<p><strong>Mua ngay <span style=\"color: #ed1c24;\">Tai Nghe Logitech H390<\/span> ch\u00ednh h\u00e3ng gi\u00e1 r\u1ebb \u0111ang khuy\u1ebfn m\u00e3i \u01b0u \u0111\u00e3i s\u1ed1c t\u1ea1i <span style=\"color: #ed1c24;\">Mphone<\/span>. H\u1ed7 tr\u1ee3 tr\u1ea3 g\u00f3p, giao h\u00e0ng to\u00e0n qu\u1ed1c, b\u1ea3o h\u00e0nh ch\u00ednh h\u00e3ng <span style=\"color: #ed1c24;\">24 th\u00e1ng<\/span>.<\/strong><\/p>\r\n<p>Li\u00ean h\u1ec7 ngay:<\/p>\r\n<div id=\"stack-423788740\" class=\"stack hide-for-small stack-row justify-start items-start\">\r\n<div id=\"image_637729796\" class=\"img has-hover x md-x lg-x y md-y lg-y\">\r\n<div class=\"img-inner image-zoom dark\"><img class=\"attachment-large size-large\" alt=\"\" width=\"512\" height=\"512\" data-lazy-srcset=\"https:\/\/mphone.vn\/shop\/wp-content\/uploads\/2024\/02\/zalo-logo.png 512w, https:\/\/mphone-store-medias.tn-cdn.net\/2020\/04\/zalo-logo-510x510.png 510w, https:\/\/mphone-store-medias.tn-cdn.net\/2020\/04\/zalo-logo-100x100.png 100w, https:\/\/mphone-store-medias.tn-cdn.net\/2020\/04\/zalo-logo-96x96.png 96w, https:\/\/mphone-store-medias.tn-cdn.net\/2020\/04\/zalo-logo-150x150.png 150w\" data-lazy-sizes=\"(max-width: 512px) 100vw, 512px\" data-lazy-src=\"https:\/\/mphone.vn\/shop\/wp-content\/uploads\/2024\/02\/zalo-logo.png\" \/><noscript><img decoding=\"async\" width=\"512\" height=\"512\" src=\"https:\/\/mphone.vn\/shop\/wp-content\/uploads\/2024\/02\/zalo-logo.png\" class=\"attachment-large size-large\" srcset=\"https:\/\/mphone.vn\/shop\/wp-content\/uploads\/2024\/02\/zalo-logo.png 512w, https:\/\/mphone-store-medias.tn-cdn.net\/2020\/04\/zalo-logo-510x510.png 510w, https:\/\/mphone-store-medias.tn-cdn.net\/2020\/04\/zalo-logo-100x100.png 100w, https:\/\/mphone-store-medias.tn-cdn.net\/2020\/04\/zalo-logo-96x96.png 96w, https:\/\/mphone-store-medias.tn-cdn.net\/2020\/04\/zalo-logo-150x150.png 150w\" sizes=\"(max-width: 512px) 100vw, 512px\" title=\"zalo-logo\"><\/noscript><\/div>\r\n<style>\r\n#image_637729796 {\r\n  width: 3%;\r\n}\r\n<\/style>\r\n<\/div>\r\n<div id=\"image_1431473970\" class=\"img has-hover x md-x lg-x y md-y lg-y\">\r\n<div class=\"img-inner image-zoom dark\"><img class=\"attachment-large size-large\" alt=\"Fanpage Mphone Showroom\" width=\"512\" height=\"512\" data-lazy-srcset=\"https:\/\/mphone.vn\/shop\/wp-content\/uploads\/2024\/02\/facebook_icon_130940-png.webp 512w, https:\/\/mphone-store-medias.tn-cdn.net\/2022\/07\/facebook_icon_130940.png-510x510.webp 510w, https:\/\/mphone-store-medias.tn-cdn.net\/2022\/07\/facebook_icon_130940.png-100x100.webp 100w, https:\/\/mphone-store-medias.tn-cdn.net\/2022\/07\/facebook_icon_130940.png-96x96.webp 96w, https:\/\/mphone-store-medias.tn-cdn.net\/2022\/07\/facebook_icon_130940.png-150x150.webp 150w\" data-lazy-sizes=\"(max-width: 512px) 100vw, 512px\" data-lazy-src=\"https:\/\/mphone.vn\/shop\/wp-content\/uploads\/2024\/02\/facebook_icon_130940-png.webp\" \/><noscript><img decoding=\"async\" width=\"512\" height=\"512\" src=\"https:\/\/mphone.vn\/shop\/wp-content\/uploads\/2024\/02\/facebook_icon_130940-png.webp\" class=\"attachment-large size-large\" alt=\"Fanpage Mphone Showroom\" srcset=\"https:\/\/mphone.vn\/shop\/wp-content\/uploads\/2024\/02\/facebook_icon_130940-png.webp 512w, https:\/\/mphone-store-medias.tn-cdn.net\/2022\/07\/facebook_icon_130940.png-510x510.webp 510w, https:\/\/mphone-store-medias.tn-cdn.net\/2022\/07\/facebook_icon_130940.png-100x100.webp 100w, https:\/\/mphone-store-medias.tn-cdn.net\/2022\/07\/facebook_icon_130940.png-96x96.webp 96w, https:\/\/mphone-store-medias.tn-cdn.net\/2022\/07\/facebook_icon_130940.png-150x150.webp 150w\" sizes=\"(max-width: 512px) 100vw, 512px\" title=\"facebook_icon_130940-png\"><\/noscript><\/div>\r\n<style>\r\n#image_1431473970 {\r\n  width: 3%;\r\n}\r\n<\/style>\r\n<\/div>\r\n<style>\r\n#stack-423788740 > * {\r\n  --stack-gap: 1rem;\r\n}\r\n<\/style>\r\n<\/div>\r\n<div id=\"stack-556257264\" class=\"stack show-for-small stack-row justify-start items-start\">\r\n<div id=\"image_794745771\" class=\"img has-hover x md-x lg-x y md-y lg-y\">\r\n<div class=\"img-inner image-zoom dark\"><img class=\"attachment-large size-large\" alt=\"\" width=\"512\" height=\"512\" data-lazy-srcset=\"https:\/\/mphone.vn\/shop\/wp-content\/uploads\/2024\/02\/zalo-logo.png 512w, https:\/\/mphone-store-medias.tn-cdn.net\/2020\/04\/zalo-logo-510x510.png 510w, https:\/\/mphone-store-medias.tn-cdn.net\/2020\/04\/zalo-logo-100x100.png 100w, https:\/\/mphone-store-medias.tn-cdn.net\/2020\/04\/zalo-logo-96x96.png 96w, https:\/\/mphone-store-medias.tn-cdn.net\/2020\/04\/zalo-logo-150x150.png 150w\" data-lazy-sizes=\"(max-width: 512px) 100vw, 512px\" data-lazy-src=\"https:\/\/mphone.vn\/shop\/wp-content\/uploads\/2024\/02\/zalo-logo.png\" \/><noscript><img decoding=\"async\" width=\"512\" height=\"512\" src=\"https:\/\/mphone.vn\/shop\/wp-content\/uploads\/2024\/02\/zalo-logo.png\" class=\"attachment-large size-large\" srcset=\"https:\/\/mphone.vn\/shop\/wp-content\/uploads\/2024\/02\/zalo-logo.png 512w, https:\/\/mphone-store-medias.tn-cdn.net\/2020\/04\/zalo-logo-510x510.png 510w, https:\/\/mphone-store-medias.tn-cdn.net\/2020\/04\/zalo-logo-100x100.png 100w, https:\/\/mphone-store-medias.tn-cdn.net\/2020\/04\/zalo-logo-96x96.png 96w, https:\/\/mphone-store-medias.tn-cdn.net\/2020\/04\/zalo-logo-150x150.png 150w\" sizes=\"(max-width: 512px) 100vw, 512px\" title=\"zalo-logo\"><\/noscript><\/div>\r\n<style>\r\n#image_794745771 {\r\n  width: 10%;\r\n}\r\n@media (min-width:550px) {\r\n  #image_794745771 {\r\n    width: 3%;\r\n  }\r\n}\r\n<\/style>\r\n<\/div>\r\n<div id=\"image_2028066066\" class=\"img has-hover x md-x lg-x y md-y lg-y\">\r\n<div class=\"img-inner image-zoom dark\"><img class=\"attachment-large size-large\" alt=\"Fanpage Mphone Showroom\" width=\"512\" height=\"512\" data-lazy-srcset=\"https:\/\/mphone.vn\/shop\/wp-content\/uploads\/2024\/02\/facebook_icon_130940-png.webp 512w, https:\/\/mphone-store-medias.tn-cdn.net\/2022\/07\/facebook_icon_130940.png-510x510.webp 510w, https:\/\/mphone-store-medias.tn-cdn.net\/2022\/07\/facebook_icon_130940.png-100x100.webp 100w, https:\/\/mphone-store-medias.tn-cdn.net\/2022\/07\/facebook_icon_130940.png-96x96.webp 96w, https:\/\/mphone-store-medias.tn-cdn.net\/2022\/07\/facebook_icon_130940.png-150x150.webp 150w\" data-lazy-sizes=\"(max-width: 512px) 100vw, 512px\" data-lazy-src=\"https:\/\/mphone.vn\/shop\/wp-content\/uploads\/2024\/02\/facebook_icon_130940-png.webp\" \/><noscript><img decoding=\"async\" width=\"512\" height=\"512\" src=\"https:\/\/mphone.vn\/shop\/wp-content\/uploads\/2024\/02\/facebook_icon_130940-png.webp\" class=\"attachment-large size-large\" alt=\"Fanpage Mphone Showroom\" srcset=\"https:\/\/mphone.vn\/shop\/wp-content\/uploads\/2024\/02\/facebook_icon_130940-png.webp 512w, https:\/\/mphone-store-medias.tn-cdn.net\/2022\/07\/facebook_icon_130940.png-510x510.webp 510w, https:\/\/mphone-store-medias.tn-cdn.net\/2022\/07\/facebook_icon_130940.png-100x100.webp 100w, https:\/\/mphone-store-medias.tn-cdn.net\/2022\/07\/facebook_icon_130940.png-96x96.webp 96w, https:\/\/mphone-store-medias.tn-cdn.net\/2022\/07\/facebook_icon_130940.png-150x150.webp 150w\" sizes=\"(max-width: 512px) 100vw, 512px\" title=\"facebook_icon_130940-png\"><\/noscript><\/div>\r\n<style>\r\n#image_2028066066 {\r\n  width: 10%;\r\n}\r\n@media (min-width:550px) {\r\n  #image_2028066066 {\r\n    width: 3%;\r\n  }\r\n}\r\n<\/style>\r\n<\/div>\r\n<style>\r\n#stack-556257264 > * {\r\n  --stack-gap: 0.75rem;\r\n}\r\n<\/style>\r\n<\/div>\r\n<\/div>\r\n<\/div>\r\n<\/div>\r\n<\/div>\r\n<\/div>","protected":false},"excerpt":{"rendered":"&nbsp; M\u00f4 t\u1ea3 Logitech H390 Th\u00f4ng s\u1ed1 k\u1ef9 thu\u1eadt M\u00f4 t\u1ea3 chi ti\u1ebft H\u00e3ng s\u1ea3n xu\u1ea5t Logitech Ch\u1ee7ng lo\u1ea1i Logitech H390 Chu\u1ea9n c\u1eafm h\u1ed7 tr\u1ee3 USB Microphone C\u00f3 Tr\u1edf kh\u00e1ng \u00a032 Ohm T\u1ea7n s\u1ed1 \u00a020 Hz \u2013 20 KHz K\u00edch c\u1ee1 m\u00e0ng loa N\/a Tr\u1ecdng l\u01b0\u1ee3ng 0.197Kg T\u00ednh n\u0103ng \u0111\u1eb7c bi\u1ec7t Ho\u1ea1t \u0111\u1ed9ng v\u1edbi c\u00e1c","protected":false},"featured_media":10857,"template":"","meta":{"inline_featured_image":false},"product_brand":[],"product_cat":[336],"product_tag":[],"class_list":{"0":"post-10248","1":"product","2":"type-product","3":"status-publish","4":"has-post-thumbnail","6":"product_cat-tai-nghe","8":"first","9":"instock","10":"sale","11":"shipping-taxable","12":"purchasable","13":"product-type-simple"},"acf":[],"_links":{"self":[{"href":"https:\/\/mphone.vn\/shop\/wp-json\/wp\/v2\/product\/10248","targetHints":{"allow":["GET"]}}],"collection":[{"href":"https:\/\/mphone.vn\/shop\/wp-json\/wp\/v2\/product"}],"about":[{"href":"https:\/\/mphone.vn\/shop\/wp-json\/wp\/v2\/types\/product"}],"wp:featuredmedia":[{"embeddable":true,"href":"https:\/\/mphone.vn\/shop\/wp-json\/wp\/v2\/media\/10857"}],"wp:attachment":[{"href":"https:\/\/mphone.vn\/shop\/wp-json\/wp\/v2\/media?parent=10248"}],"wp:term":[{"taxonomy":"product_brand","embeddable":true,"href":"https:\/\/mphone.vn\/shop\/wp-json\/wp\/v2\/product_brand?post=10248"},{"taxonomy":"product_cat","embeddable":true,"href":"https:\/\/mphone.vn\/shop\/wp-json\/wp\/v2\/product_cat?post=10248"},{"taxonomy":"product_tag","embeddable":true,"href":"https:\/\/mphone.vn\/shop\/wp-json\/wp\/v2\/product_tag?post=10248"}],"curies":[{"name":"wp","href":"https:\/\/api.w.org\/{rel}","templated":true}]}}