
{"id":10588,"date":"2024-02-04T00:02:07","date_gmt":"2024-02-03T17:02:07","guid":{"rendered":"https:\/\/mphone.vn\/shop\/tron-bo-tong-dai-ip-yeastar-s20-va-10-dien-thoai-yealink-sip-t30\/"},"modified":"2024-10-03T17:53:01","modified_gmt":"2024-10-03T10:53:01","slug":"tong-dai-yeastar-s20-va-10-dien-thoai-yealink-sip-t30","status":"publish","type":"product","link":"https:\/\/mphone.vn\/shop\/tong-dai-yeastar-s20-va-10-dien-thoai-yealink-sip-t30\/","title":{"rendered":"Tr\u1ecdn b\u1ed9 t\u1ed5ng \u0111\u00e0i IP Yeastar S20 v\u00e0 10 \u0111i\u1ec7n tho\u1ea1i Yealink SIP-T30"},"content":{"rendered":"","protected":false},"excerpt":{"rendered":"","protected":false},"featured_media":10907,"template":"","meta":{"inline_featured_image":false},"product_brand":[],"product_cat":[345],"product_tag":[],"class_list":{"0":"post-10588","1":"product","2":"type-product","3":"status-publish","4":"has-post-thumbnail","6":"product_cat-combo","8":"first","9":"instock","10":"shipping-taxable","11":"purchasable","12":"product-type-simple"},"acf":[],"_links":{"self":[{"href":"https:\/\/mphone.vn\/shop\/wp-json\/wp\/v2\/product\/10588","targetHints":{"allow":["GET"]}}],"collection":[{"href":"https:\/\/mphone.vn\/shop\/wp-json\/wp\/v2\/product"}],"about":[{"href":"https:\/\/mphone.vn\/shop\/wp-json\/wp\/v2\/types\/product"}],"wp:featuredmedia":[{"embeddable":true,"href":"https:\/\/mphone.vn\/shop\/wp-json\/wp\/v2\/media\/10907"}],"wp:attachment":[{"href":"https:\/\/mphone.vn\/shop\/wp-json\/wp\/v2\/media?parent=10588"}],"wp:term":[{"taxonomy":"product_brand","embeddable":true,"href":"https:\/\/mphone.vn\/shop\/wp-json\/wp\/v2\/product_brand?post=10588"},{"taxonomy":"product_cat","embeddable":true,"href":"https:\/\/mphone.vn\/shop\/wp-json\/wp\/v2\/product_cat?post=10588"},{"taxonomy":"product_tag","embeddable":true,"href":"https:\/\/mphone.vn\/shop\/wp-json\/wp\/v2\/product_tag?post=10588"}],"curies":[{"name":"wp","href":"https:\/\/api.w.org\/{rel}","templated":true}]}}