
{"id":10593,"date":"2024-02-08T00:06:46","date_gmt":"2024-02-07T17:06:46","guid":{"rendered":"https:\/\/mphone.vn\/shop\/?post_type=product&#038;p=10593"},"modified":"2024-10-03T17:54:04","modified_gmt":"2024-10-03T10:54:04","slug":"yeastar-s412-va-200-dien-thoai-yealink-sip-t30","status":"publish","type":"product","link":"https:\/\/mphone.vn\/shop\/yeastar-s412-va-200-dien-thoai-yealink-sip-t30\/","title":{"rendered":"Tr\u1ecdn b\u1ed9 t\u1ed5ng \u0111\u00e0i IP Yeastar S412 v\u00e0 200 \u0111i\u1ec7n tho\u1ea1i Yealink SIP-T30"},"content":{"rendered":"","protected":false},"excerpt":{"rendered":"","protected":false},"featured_media":10911,"template":"","meta":{"inline_featured_image":false},"product_brand":[],"product_cat":[345],"product_tag":[],"class_list":{"0":"post-10593","1":"product","2":"type-product","3":"status-publish","4":"has-post-thumbnail","6":"product_cat-combo","8":"first","9":"instock","10":"shipping-taxable","11":"purchasable","12":"product-type-simple"},"acf":[],"_links":{"self":[{"href":"https:\/\/mphone.vn\/shop\/wp-json\/wp\/v2\/product\/10593","targetHints":{"allow":["GET"]}}],"collection":[{"href":"https:\/\/mphone.vn\/shop\/wp-json\/wp\/v2\/product"}],"about":[{"href":"https:\/\/mphone.vn\/shop\/wp-json\/wp\/v2\/types\/product"}],"wp:featuredmedia":[{"embeddable":true,"href":"https:\/\/mphone.vn\/shop\/wp-json\/wp\/v2\/media\/10911"}],"wp:attachment":[{"href":"https:\/\/mphone.vn\/shop\/wp-json\/wp\/v2\/media?parent=10593"}],"wp:term":[{"taxonomy":"product_brand","embeddable":true,"href":"https:\/\/mphone.vn\/shop\/wp-json\/wp\/v2\/product_brand?post=10593"},{"taxonomy":"product_cat","embeddable":true,"href":"https:\/\/mphone.vn\/shop\/wp-json\/wp\/v2\/product_cat?post=10593"},{"taxonomy":"product_tag","embeddable":true,"href":"https:\/\/mphone.vn\/shop\/wp-json\/wp\/v2\/product_tag?post=10593"}],"curies":[{"name":"wp","href":"https:\/\/api.w.org\/{rel}","templated":true}]}}