
{"id":8933,"date":"2024-02-05T06:34:02","date_gmt":"2024-02-04T23:34:02","guid":{"rendered":"https:\/\/mphone.vn\/shop\/dien-thoai-voip-yealink-sip-t33p\/"},"modified":"2024-10-03T16:59:26","modified_gmt":"2024-10-03T09:59:26","slug":"yealink-sip-t33p","status":"publish","type":"product","link":"https:\/\/mphone.vn\/shop\/yealink-sip-t33p\/","title":{"rendered":"Yealink SIP-T33P"},"content":{"rendered":"<p>&nbsp;<\/p>\r\n<div id=\"tab-description\" class=\"woocommerce-Tabs-panel woocommerce-Tabs-panel--description panel entry-content wc-tab\" role=\"tabpanel\" aria-labelledby=\"tab-title-description\">\r\n<h2>M\u00f4 t\u1ea3<\/h2>\r\n<h3>\u0110i\u1ec7n tho\u1ea1i VoIP Yealink SIP-T33P<\/h3>\r\n<p style=\"text-align: justify;\"><strong><a href=\"https:\/\/mphonegroups.com\/danh-muc\/dien-thoai-voice-ip\/dien-thoai-ban-voice-ip\/\" target=\"_blank\" rel=\"nofollow noopener\">\u0110i\u1ec7n tho\u1ea1i voip<\/a> Yealink T33P<\/strong>\u00a0l\u00e0 s\u1ea3n ph\u1ea9m m\u1edbi \u0111\u01b0\u1ee3c Yealink cho ra m\u1eaft trong th\u1eddi gian g\u1ea7n \u0111\u00e2y. V\u1edbi nhi\u1ec1u t\u00ednh n\u0103ng \u0111\u01b0\u1ee3c Yealink n\u00e2ng c\u1ea5p gi\u00fap mang l\u1ea1i cho kh\u00e1ch h\u00e0ng tr\u1ea3i nghi\u1ec7m t\u1ed1t nh\u1ea5t.<\/p>\r\n<p style=\"text-align: justify;\">Yealink T33P c\u00f3 hi\u1ec7u n\u0103ng m\u1ea1nh m\u1ebd, duy tr\u00ec ho\u1ea1t \u0111\u1ed9ng \u1ed5n \u0111\u1ecbnh nh\u1eb1m ph\u1ee5c v\u1ee5 nhu c\u1ea7u li\u00ean l\u1ea1c c\u1ee7a ng\u01b0\u1eddi d\u00f9ng. Kh\u00e1c v\u1edbi c\u00e1c d\u00f2ng \u0111i\u1ec7n tho\u1ea1i T3 kh\u00e1c, Yealink T33P \u0111\u01b0\u1ee3c trang b\u1ecb m\u00e0n h\u00ecnh m\u00e0u LCD v\u1edbi \u0111\u1ed9 ph\u00e2n gi\u1ea3i 320\u00d7240 pixel hi\u1ec3n th\u1ecb th\u00f4ng tin t\u1ed1t h\u01a1n.<\/p>\r\n<h3>T\u00ednh n\u0103ng v\u01b0\u1ee3t tr\u1ed9i c\u1ee7a Yealink T33P<\/h3>\r\n<h3>Hi\u1ec7u n\u0103ng ho\u1ea1t \u0111\u1ed9ng v\u01b0\u1ee3t tr\u1ed9i<\/h3>\r\n<p style=\"text-align: justify;\"><strong>\u0110i\u1ec7n tho\u1ea1i ip Yealink T33P<\/strong>\u00a0\u0111\u01b0\u1ee3c Yealink trang b\u1ecb con chip th\u1ebf h\u1ec7 m\u1edbi gi\u00fap cho vi\u1ec7c ho\u1ea1t \u0111\u1ed9ng m\u1ed9t c\u00e1ch \u1ed5n \u0111\u1ecbnh, m\u01b0\u1ee3t m\u00e0 h\u01a1n. N\u00e2ng cao t\u1ed1c \u0111\u1ed9 x\u1eed l\u00fd th\u00f4ng tin mang l\u1ea1i cho ng\u01b0\u1eddi d\u00f9ng tr\u1ea3i nghi\u1ec7m t\u1ed1t nh\u1ea5t.<\/p>\r\n<h3>Thi\u1ebft k\u1ebf t\u1ed1i gi\u1ea3n<\/h3>\r\n<p style=\"text-align: justify;\">Yealink T33P c\u00f3 thi\u1ebft k\u1ebf hi\u1ec7n \u0111\u1ea1i, ph\u00f9 h\u1ee3p v\u1edbi xu h\u01b0\u1edbng c\u00f4ng ngh\u1ec7 m\u1edbi. B\u00ean c\u1ea1nh \u0111\u00f3, c\u00e1c ph\u00edm ch\u1ee9c n\u0103ng \u0111\u01b0\u1ee3c t\u1ed1i gi\u1ea3n hi\u1ec7u qu\u1ea3, lo\u1ea1i b\u1ecf nh\u1eefng ph\u00edm \u00edt s\u1eed d\u1ee5ng gi\u00fap ng\u01b0\u1eddi d\u00f9ng d\u1ec5 d\u00e0ng ti\u1ebfp c\u1eadn v\u00e0 l\u00e0m quen. Yealink T33G \u0111\u01b0\u1ee3c s\u1ea3n xu\u1ea5t v\u1edbi ch\u1ea5t li\u1ec7u nh\u1ef1a cao c\u1ea5p, ch\u1ed1ng va \u0111\u1eadp v\u00e0 c\u00f3 \u0111\u1ed9 b\u1ec1n cao. \u0110i\u1ec1u n\u00e0y mang l\u1ea1i s\u1ef1 y\u00ean t\u00e2m khi kh\u00e1ch h\u00e0ng s\u1eed d\u1ee5ng s\u1ea3n ph\u1ea9m.<\/p>\r\n<h3>C\u00f4ng ngh\u1ec7 \u00e2m thanh v\u01b0\u1ee3t tr\u1ed9i<\/h3>\r\n<p style=\"text-align: justify;\">V\u1edbi c\u00f4ng ngh\u1ec7 Yealink HD voice, gi\u00fap mang l\u1ea1i ch\u1ea5t l\u01b0\u1ee3ng \u00e2m thanh v\u01b0\u1ee3t tr\u1ed9i, lo\u1ea1i b\u1ecf t\u1ea1p \u00e2m t\u1eeb m\u00f4i tr\u01b0\u1eddng xung quanh. B\u00ean c\u1ea1nh \u0111\u00f3, n\u00e2ng cao ch\u1ea5t l\u01b0\u1ee3ng cu\u1ed9c h\u1ed9i tho\u1ea1i v\u1edbi ch\u1ea5t l\u01b0\u1ee3ng \u00e2m thanh t\u1ed1t nh\u1ea5t. T\u1eeb \u0111\u00f3, n\u00e2ng cao \u0111\u01b0\u1ee3c ch\u1ea5t l\u01b0\u1ee3ng c\u00f4ng vi\u1ec7c, giao d\u1ecbch v\u1edbi \u0111\u1ed1i t\u00e1c v\u00e0 kh\u00e1ch h\u00e0ng c\u0169ng tr\u1edf n\u00ean d\u1ec5 d\u00e0ng.<\/p>\r\n<h3>Ph\u1ea7n m\u1ec1m qu\u1ea3n l\u00fd thi\u1ebft b\u1ecb<\/h3>\r\n<p style=\"text-align: justify;\">Ph\u1ea7n m\u1ec1m Yealink Device Management h\u1ed7 tr\u1ee3 ng\u01b0\u1eddi d\u00f9ng qu\u1ea3n l\u00fd v\u00e0 c\u1ea5u h\u00ecnh thi\u1ebft b\u1ecb d\u1ec5 d\u00e0ng. B\u00ean c\u1ea1nh \u0111\u00f3, c\u00e1c c\u00f4ng vi\u1ec7c n\u00e2ng c\u1ea5p v\u00e0 b\u1ea3o tr\u00ec thi\u1ebft b\u1ecb c\u0169ng c\u00f3 th\u1ec3 \u0111\u01b0\u1ee3c th\u1ef1c hi\u1ec7n qua ph\u1ea7n m\u1ec1m n\u00e0y.<\/p>\r\n<\/div>","protected":false},"excerpt":{"rendered":"&nbsp; M\u00f4 t\u1ea3 \u0110i\u1ec7n tho\u1ea1i VoIP Yealink SIP-T33P \u0110i\u1ec7n tho\u1ea1i voip Yealink T33P\u00a0l\u00e0 s\u1ea3n ph\u1ea9m m\u1edbi \u0111\u01b0\u1ee3c Yealink cho ra m\u1eaft trong th\u1eddi gian g\u1ea7n \u0111\u00e2y. V\u1edbi nhi\u1ec1u t\u00ednh n\u0103ng \u0111\u01b0\u1ee3c Yealink n\u00e2ng c\u1ea5p gi\u00fap mang l\u1ea1i cho kh\u00e1ch h\u00e0ng tr\u1ea3i nghi\u1ec7m t\u1ed1t nh\u1ea5t. Yealink T33P c\u00f3 hi\u1ec7u n\u0103ng m\u1ea1nh m\u1ebd, duy tr\u00ec ho\u1ea1t \u0111\u1ed9ng","protected":false},"featured_media":10893,"template":"","meta":{"inline_featured_image":false},"product_brand":[],"product_cat":[346],"product_tag":[],"class_list":{"0":"post-8933","1":"product","2":"type-product","3":"status-publish","4":"has-post-thumbnail","6":"product_cat-ip-phone","8":"first","9":"instock","10":"sale","11":"shipping-taxable","12":"purchasable","13":"product-type-simple"},"acf":[],"_links":{"self":[{"href":"https:\/\/mphone.vn\/shop\/wp-json\/wp\/v2\/product\/8933","targetHints":{"allow":["GET"]}}],"collection":[{"href":"https:\/\/mphone.vn\/shop\/wp-json\/wp\/v2\/product"}],"about":[{"href":"https:\/\/mphone.vn\/shop\/wp-json\/wp\/v2\/types\/product"}],"wp:featuredmedia":[{"embeddable":true,"href":"https:\/\/mphone.vn\/shop\/wp-json\/wp\/v2\/media\/10893"}],"wp:attachment":[{"href":"https:\/\/mphone.vn\/shop\/wp-json\/wp\/v2\/media?parent=8933"}],"wp:term":[{"taxonomy":"product_brand","embeddable":true,"href":"https:\/\/mphone.vn\/shop\/wp-json\/wp\/v2\/product_brand?post=8933"},{"taxonomy":"product_cat","embeddable":true,"href":"https:\/\/mphone.vn\/shop\/wp-json\/wp\/v2\/product_cat?post=8933"},{"taxonomy":"product_tag","embeddable":true,"href":"https:\/\/mphone.vn\/shop\/wp-json\/wp\/v2\/product_tag?post=8933"}],"curies":[{"name":"wp","href":"https:\/\/api.w.org\/{rel}","templated":true}]}}