
{"id":8947,"date":"2024-02-05T06:34:25","date_gmt":"2024-02-04T23:34:25","guid":{"rendered":"https:\/\/mphone.vn\/shop\/dien-thoai-voip-yealink-sip-t31g\/"},"modified":"2024-10-03T17:06:11","modified_gmt":"2024-10-03T10:06:11","slug":"dien-thoai-voip-yealink-sip-t31g","status":"publish","type":"product","link":"https:\/\/mphone.vn\/shop\/dien-thoai-voip-yealink-sip-t31g\/","title":{"rendered":"Yealink SIP-T31G"},"content":{"rendered":"<p>&nbsp;<\/p>\r\n<div id=\"tab-description\" class=\"woocommerce-Tabs-panel woocommerce-Tabs-panel--description panel entry-content wc-tab\" role=\"tabpanel\" aria-labelledby=\"tab-title-description\">\r\n<h2>M\u00f4 t\u1ea3<\/h2>\r\n<h3><strong>\u0110i\u1ec7n tho\u1ea1i VoIP Yealink SIP-T31G<\/strong><\/h3>\r\n<p style=\"text-align: justify;\">\u0110i\u1ec7n tho\u1ea1i VoIP Yealink SIP-T31G l\u00e0 d\u00f2ng <a href=\"https:\/\/mphone.vn\/voip-phone\/\">\u0111i\u1ec7n tho\u1ea1i IP<\/a> t\u1ea7m trung c\u00f3 c\u1ed5ng Gigabit. \u0110i\u1ec7n tho\u1ea1i \u0111\u01b0\u1ee3c trang b\u1ecb m\u1ed9t s\u1ed1 c\u00f4ng ngh\u1ec7 m\u1edbi v\u01b0\u1ee3t tr\u1ed9i h\u01a1n d\u00f2ng c\u0169.<\/p>\r\n<p style=\"text-align: justify;\">Yealink SIP-T31G l\u00e0 d\u00f2ng \u0111i\u1ec7n tho\u1ea1i th\u00f4ng d\u1ee5ng d\u00e0nh cho ng\u01b0\u1eddi d\u00f9ng kh\u1ed1i doanh nghi\u1ec7p. Yealink T31G \u0111\u01b0\u1ee3c thi\u1ebft k\u1ebf th\u00e2n thi\u1ec7n v\u1edbi ng\u01b0\u1eddi d\u00f9ng v\u1edbi m\u00e0n h\u00ecnh LCD \u0111\u1ed9 ph\u00e2n gi\u1ea3i 132x64px \u0111\u1ec3 hi\u1ec3n th\u1ecb th\u00f4ng tin cu\u1ed9c g\u1ecdi. C\u00e1c c\u1ed5ng m\u1ea1ng 100\/1000 Mbps cho ch\u1ea5t l\u01b0\u1ee3ng cao<\/p>\r\n<h3><strong>T\u00ednh n\u0103ng\u00a0\u0111i\u1ec7n tho\u1ea1i VoIP Yealink SIP-T31G<\/strong><\/h3>\r\n<p><strong>Hi\u1ec7u su\u1ea5t m\u1ea1nh h\u01a1n, nhi\u1ec1u kh\u1ea3 n\u0103ng h\u01a1n<\/strong><\/p>\r\n<p style=\"text-align: justify;\">\u0110\u01b0\u1ee3c trang b\u1ecb chip m\u1ea1nh m\u1ebd, d\u00f2ng T3 s\u1edf h\u1eefu kh\u1ea3 n\u0103ng m\u1ea1nh m\u1ebd h\u01a1n v\u00e0 nhi\u1ec1u ch\u1ee9c n\u0103ng \u0111\u01b0\u1ee3c n\u00e2ng c\u1ea5p h\u01a1n, \u0111\u1ea3m b\u1ea3o n\u0103ng su\u1ea5t cao h\u01a1n v\u00e0 tr\u1ea3i nghi\u1ec7m v\u0103n ph\u00f2ng m\u01b0\u1ee3t m\u00e0 h\u01a1n. Do hi\u1ec7u su\u1ea5t tuy\u1ec7t v\u1eddi, d\u00f2ng T3 c\u00f3 kh\u1ea3 n\u0103ng m\u1edf r\u1ed9ng nhi\u1ec1u d\u1ecbch v\u1ee5 h\u01a1n cho nhu c\u1ea7u kinh doanh kh\u00e1c nhau.<\/p>\r\n<p>&nbsp;<\/p>\r\n<p><strong><img decoding=\"async\" class=\"aligncenter size-full wp-image-4844\" title=\"cpu-1\" src=\"https:\/\/mphone.vn\/shop\/wp-content\/uploads\/2024\/02\/cpu-1.jpg\" sizes=\"(max-width: 700px) 100vw, 700px\" srcset=\"https:\/\/mphone.vn\/shop\/wp-content\/uploads\/2024\/02\/cpu-1.jpg 700w, https:\/\/mphone.vn\/wp-content\/uploads\/2020\/08\/cpu-300x141.jpg 300w, https:\/\/mphone.vn\/wp-content\/uploads\/2020\/08\/cpu-600x282.jpg 600w\" alt=\"CPU Yealink T3\" width=\"700\" height=\"329\" \/><\/strong><\/p>\r\n<p><strong>\u00c2m thanh HD cao c\u1ea5p, giao ti\u1ebfp t\u1ed1t h\u01a1n<\/strong><\/p>\r\n<p style=\"text-align: justify;\">Yealink T3 \u0111\u01b0\u1ee3c thi\u1ebft k\u1ebf v\u1edbi C\u00f4ng ngh\u1ec7 l\u1ecdc ti\u1ebfng \u1ed3n th\u00f4ng minh h\u00e0ng \u0111\u1ea7u trong ng\u00e0nh, mang l\u1ea1i ch\u1ea5t l\u01b0\u1ee3ng \u00e2m thanh tuy\u1ec7t, kh\u00f4ng b\u1ecb c\u00e1c ti\u1ebfng \u1ed3n xung quanh \u1ea3nh h\u01b0\u1edfng \u0111\u1ebfn cu\u1ed9c g\u1ecdi<\/p>\r\n<p>&nbsp;<\/p>\r\n<p><strong><img decoding=\"async\" class=\"aligncenter size-full wp-image-4846\" title=\"audio-1\" src=\"https:\/\/mphone.vn\/shop\/wp-content\/uploads\/2024\/02\/audio-1.jpg\" sizes=\"(max-width: 700px) 100vw, 700px\" srcset=\"https:\/\/mphone.vn\/shop\/wp-content\/uploads\/2024\/02\/audio-1.jpg 700w, https:\/\/mphone.vn\/wp-content\/uploads\/2020\/08\/audio-300x87.jpg 300w, https:\/\/mphone.vn\/wp-content\/uploads\/2020\/08\/audio-600x173.jpg 600w\" alt=\"audio\" width=\"700\" height=\"202\" \/><\/strong><\/p>\r\n<p><strong>Thi\u1ebft k\u1ebf c\u1ed5 \u0111i\u1ec3n, chi ti\u1ebft th\u1ef1c t\u1ebf<\/strong><\/p>\r\n<p style=\"text-align: justify;\">\u0110\u01b0\u1ee3c thi\u1ebft k\u1ebf b\u1edfi \u0111\u1ed9i ng\u0169 ban \u0111\u1ea7u c\u1ee7a Yealink, d\u00f2ng T3 k\u1ebf th\u1eeba \u00fd t\u01b0\u1edfng thi\u1ebft k\u1ebf c\u1ee7a gia \u0111\u00ecnh \u0111i\u1ec7n tho\u1ea1i Yealink IP. Thi\u1ebft k\u1ebf ti\u00ean ti\u1ebfn bao g\u1ed3m ngo\u1ea1i h\u00ecnh hi\u1ec7n \u0111\u1ea1i v\u00e0 c\u00e1c chi ti\u1ebft tinh t\u1ebf cho ph\u00e9p tr\u1ea3i nghi\u1ec7m v\u1eadn h\u00e0nh d\u1ec5 d\u00e0ng v\u00e0 th\u00e2n thi\u1ec7n h\u01a1n v\u1edbi ng\u01b0\u1eddi d\u00f9ng.<\/p>\r\n<p>&nbsp;<\/p>\r\n<p><strong><img decoding=\"async\" class=\"aligncenter size-full wp-image-4847\" title=\"t3-series-flyer-en-v1-1\" src=\"https:\/\/mphone.vn\/shop\/wp-content\/uploads\/2024\/02\/t3-series-flyer-en-v1-1.jpg\" sizes=\"(max-width: 700px) 100vw, 700px\" srcset=\"https:\/\/mphone.vn\/shop\/wp-content\/uploads\/2024\/02\/t3-series-flyer-en-v1-1.jpg 700w, https:\/\/mphone.vn\/wp-content\/uploads\/2020\/08\/T3-Series-Flyer-EN-V1-300x132.jpg 300w, https:\/\/mphone.vn\/wp-content\/uploads\/2020\/08\/T3-Series-Flyer-EN-V1-600x263.jpg 600w\" alt=\"T3-Series\" width=\"700\" height=\"307\" \/><\/strong><\/p>\r\n<p><strong>T\u1ea5t c\u1ea3 trong m\u1ed9t n\u1ec1n t\u1ea3ng, Qu\u1ea3n l\u00fd thu\u1eadn ti\u1ec7n<\/strong><\/p>\r\n<p style=\"text-align: justify;\">\u0110\u1ed9 tin c\u1eady v\u00e0 t\u00edch h\u1ee3p cho N\u1ec1n t\u1ea3ng qu\u1ea3n l\u00fd thi\u1ebft b\u1ecb Yealink, \u0111\u00e3 c\u00e0i \u0111\u1eb7t module h\u1ee3p nh\u1ea5t, D\u00f2ng T3 \u0111\u01a1n gi\u1ea3n \u0111\u1ec3 tri\u1ec3n khai v\u00e0 qu\u1ea3n l\u00fd, gi\u1ea3m \u0111\u00e1ng k\u1ec3 chi ph\u00ed v\u1eadn h\u00e0nh v\u00e0 b\u1ea3o tr\u00ec.<\/p>\r\n<p><img decoding=\"async\" class=\"aligncenter size-full wp-image-4848\" title=\"manager-1\" src=\"https:\/\/mphone.vn\/shop\/wp-content\/uploads\/2024\/02\/manager-1.jpg\" sizes=\"(max-width: 700px) 100vw, 700px\" srcset=\"https:\/\/mphone.vn\/shop\/wp-content\/uploads\/2024\/02\/manager-1.jpg 700w, https:\/\/mphone.vn\/wp-content\/uploads\/2020\/08\/manager-300x90.jpg 300w, https:\/\/mphone.vn\/wp-content\/uploads\/2020\/08\/manager-600x179.jpg 600w\" alt=\"manager yealink ip phone\" width=\"700\" height=\"209\" \/><\/p>\r\n<p>&nbsp;<\/p>\r\n<\/div>","protected":false},"excerpt":{"rendered":"&nbsp; M\u00f4 t\u1ea3 \u0110i\u1ec7n tho\u1ea1i VoIP Yealink SIP-T31G \u0110i\u1ec7n tho\u1ea1i VoIP Yealink SIP-T31G l\u00e0 d\u00f2ng \u0111i\u1ec7n tho\u1ea1i IP t\u1ea7m trung c\u00f3 c\u1ed5ng Gigabit. \u0110i\u1ec7n tho\u1ea1i \u0111\u01b0\u1ee3c trang b\u1ecb m\u1ed9t s\u1ed1 c\u00f4ng ngh\u1ec7 m\u1edbi v\u01b0\u1ee3t tr\u1ed9i h\u01a1n d\u00f2ng c\u0169. Yealink SIP-T31G l\u00e0 d\u00f2ng \u0111i\u1ec7n tho\u1ea1i th\u00f4ng d\u1ee5ng d\u00e0nh cho ng\u01b0\u1eddi d\u00f9ng kh\u1ed1i doanh nghi\u1ec7p. Yealink T31G","protected":false},"featured_media":10899,"template":"","meta":{"inline_featured_image":false},"product_brand":[],"product_cat":[346],"product_tag":[],"class_list":{"0":"post-8947","1":"product","2":"type-product","3":"status-publish","4":"has-post-thumbnail","6":"product_cat-ip-phone","8":"first","9":"instock","10":"sale","11":"shipping-taxable","12":"purchasable","13":"product-type-simple"},"acf":[],"_links":{"self":[{"href":"https:\/\/mphone.vn\/shop\/wp-json\/wp\/v2\/product\/8947","targetHints":{"allow":["GET"]}}],"collection":[{"href":"https:\/\/mphone.vn\/shop\/wp-json\/wp\/v2\/product"}],"about":[{"href":"https:\/\/mphone.vn\/shop\/wp-json\/wp\/v2\/types\/product"}],"wp:featuredmedia":[{"embeddable":true,"href":"https:\/\/mphone.vn\/shop\/wp-json\/wp\/v2\/media\/10899"}],"wp:attachment":[{"href":"https:\/\/mphone.vn\/shop\/wp-json\/wp\/v2\/media?parent=8947"}],"wp:term":[{"taxonomy":"product_brand","embeddable":true,"href":"https:\/\/mphone.vn\/shop\/wp-json\/wp\/v2\/product_brand?post=8947"},{"taxonomy":"product_cat","embeddable":true,"href":"https:\/\/mphone.vn\/shop\/wp-json\/wp\/v2\/product_cat?post=8947"},{"taxonomy":"product_tag","embeddable":true,"href":"https:\/\/mphone.vn\/shop\/wp-json\/wp\/v2\/product_tag?post=8947"}],"curies":[{"name":"wp","href":"https:\/\/api.w.org\/{rel}","templated":true}]}}