
{"id":8953,"date":"2024-02-05T06:34:31","date_gmt":"2024-02-04T23:34:31","guid":{"rendered":"https:\/\/mphone.vn\/shop\/dien-thoai-ip-yealink-w52p\/"},"modified":"2024-10-03T17:05:57","modified_gmt":"2024-10-03T10:05:57","slug":"dien-thoai-ip-yealink-w52p","status":"publish","type":"product","link":"https:\/\/mphone.vn\/shop\/dien-thoai-ip-yealink-w52p\/","title":{"rendered":"Yealink W52P"},"content":{"rendered":"<p>&nbsp;<\/p>\r\n<div id=\"tab-description\" class=\"woocommerce-Tabs-panel woocommerce-Tabs-panel--description panel entry-content wc-tab\" role=\"tabpanel\" aria-labelledby=\"tab-title-description\">\r\n<h2>M\u00f4 t\u1ea3<\/h2>\r\n<p><strong>Yealink DECT Phone W52P<\/strong> l\u00e0 h\u1ec7 th\u1ed1ng \u0111i\u1ec7n tho\u1ea1i kh\u00f4ng d\u00e2y SIP thu\u1ed9c <a href=\"https:\/\/yealink.vn\/\" target=\"_blank\" rel=\"noopener noreferrer nofollow\"><strong>th\u01b0\u01a1ng hi\u1ec7u Yealink<\/strong> <\/a>\u0111\u01b0\u1ee3c thi\u1ebft k\u1ebf \u0111\u1eb7c bi\u1ec7t cho c\u00e1c doanh nghi\u1ec7p nh\u1ecf v\u00e0 c\u00e1c ho\u1ea1t \u0111\u1ed9ng SOHO tr\u00ean th\u1ecb tr\u01b0\u1eddng \u0111\u1ec3 ti\u1ebft ki\u1ec7m chi ph\u00ed c\u00f3 th\u1ec3 m\u1edf r\u1ed9ng h\u1ec7 th\u1ed1ng th\u00f4ng tin di \u0111\u1ed9ng d\u1ef1a tr\u00ean SIP. W52P ti\u1ebfp t\u1ee5c s\u1eed d\u1ee5ng c\u00f4ng ngh\u1ec7 VoIP ti\u00ean ti\u1ebfn c\u1ee7a Yealink \u0111em l\u1ea1i ch\u1ea5t l\u01b0\u1ee3ng tuy\u1ec7t v\u1eddi cho s\u1ea3n ph\u1ea9m d\u01b0\u1edbi s\u1ef1 ki\u1ec3m tra nghi\u00eam ng\u1eb7t nh\u1ea5t v\u00e0 m\u1ee9c \u0111\u1ed9 ho\u1ea1t \u0111\u1ed9ng \u0111\u01a1n gi\u1ea3n cao nh\u1ea5t.<\/p>\r\n<p>Yealink W52P \u00a0kh\u00f4ng ch\u1ec9 \u0111\u00e1p \u1ee9ng c\u00e1c nhu c\u1ea7u c\u1ee7a b\u1ea1n v\u1ec1 \u0111i\u1ec7n tho\u1ea1i kh\u00f4ng d\u00e2y m\u00e0 c\u00f2n gi\u00fap cho vi\u1ec7c g\u1ecdi \u0111i\u1ec7n h\u00e0ng ng\u00e0y c\u1ee7a b\u1ea1n tr\u1edf n\u00ean th\u00fa v\u1ecb \u0111em l\u1ea1i nh\u1eefng tr\u1ea3i nghi\u1ec7m th\u00fa v\u1ecb cho ng\u01b0\u1eddi d\u00f9ng.<\/p>\r\n<p>C\u00e1c \u0111\u1eb7c \u0111i\u1ec3m n\u1ed5i b\u1eadt c\u1ee7a \u0111i\u1ec7n tho\u1ea1i IP Yealink W52P \u0111\u00f3 l\u00e0 t\u1ef1 do di chuy\u1ec3n, giao ti\u1ebfp b\u1eb1ng gi\u1ecdng n\u00f3i s\u1ed1ng \u0111\u1ed9ng nh\u01b0 th\u1eadt, c\u00e1c ti\u1ec7n l\u1ee3i \u0111a t\u00e1c v\u1ee5 c\u00f9ng c\u00e1c t\u00ednh n\u0103ng chuy\u00ean nghi\u1ec7p nh\u01b0 l\u00e0 intercom, chuy\u1ec3n cu\u1ed9c g\u1ecdi,chuy\u1ec3n ti\u1ebfp cu\u1ed9c g\u1ecdi,..<\/p>\r\n<p>H\u1ec7 th\u1ed1ng n\u00e0y ho\u1ea1t \u0111\u1ed9ng v\u1edbi Broadsoft, Asterisk, 3CX n\u1ed5i ti\u1ebfng v\u00e0 h\u1ed7 tr\u1ee3 nhanh ch\u00f3ng v\u1edbi c\u1ea5u h\u00ecnh d\u1ec5 d\u00e0ng.<\/p>\r\n<h3><strong>C\u00e1c t\u00ednh n\u0103ng n\u1ed5i b\u1eadt c\u1ee7a W52P<\/strong><\/h3>\r\n<h4><strong>Gi\u1ecdng n\u00f3i ch\u1ea5t l\u01b0\u1ee3ng HD<\/strong><\/h4>\r\n<p><a href=\"https:\/\/mphone.vn\/dien-thoai-ip-yealink-w52p\/\" target=\"_blank\" rel=\"noopener noreferrer\"><strong>\u0110i\u1ec7n tho\u1ea1i DECT-W52P<\/strong><\/a> \u0111\u01b0\u1ee3c trang b\u1ecb loa ngo\u00e0i full-duplex \u1edf b\u0103ng th\u00f4ng G.722 \u0111\u00e1p \u1ee9ng c\u00e1c ti\u00eau chu\u1ea9n HD Voice chuy\u00ean nghi\u1ec7p nh\u1ea5t. \u0110em l\u1ea1i cho b\u1ea1n \u00e2m thanh r\u00f5 n\u00e9t ch\u00e2n th\u1ef1c nh\u01b0 \u0111ang tr\u00f2 chuy\u1ec7n c\u00f9ng v\u1edbi nhau.<\/p>\r\n<h4><strong><img decoding=\"async\" class=\"size-full wp-image-8124 aligncenter\" title=\"w52p-1\" src=\"https:\/\/mphone.vn\/shop\/wp-content\/uploads\/2024\/02\/w52p-1.jpg\" sizes=\"(max-width: 800px) 100vw, 800px\" srcset=\"https:\/\/mphone.vn\/shop\/wp-content\/uploads\/2024\/02\/w52p-1.jpg 800w, https:\/\/mphone.vn\/wp-content\/uploads\/2020\/09\/w52p-1--300x119.jpg 300w, https:\/\/mphone.vn\/wp-content\/uploads\/2020\/09\/w52p-1--768x305.jpg 768w, https:\/\/mphone.vn\/wp-content\/uploads\/2020\/09\/w52p-1--600x239.jpg 600w, https:\/\/mphone.vn\/wp-content\/uploads\/2020\/09\/w52p-1--64x25.jpg 64w\" alt=\"dien-thoai-ip-yealink-w52pA\" width=\"800\" height=\"318\" \/><\/strong><\/h4>\r\n<h4><strong>H\u1ed7 tr\u1ee3 PoE<\/strong><\/h4>\r\n<p>\u0110i\u1ec7n tho\u1ea1i DECT-W52P \u00a0t\u00edch h\u1ee3p c\u00f4ng ngh\u1ec7 PoE gi\u00fap th\u00fac \u0111\u1ea9y c\u00e1c ti\u00eau chu\u1ea9n c\u00e0i \u0111\u1eb7t hi\u1ec7n \u0111\u1ea1i v\u00e0 cho ph\u00e9p m\u1ecdi t\u1ed5 ch\u1ee9c c\u00f3 quy m\u00f4 t\u1eadn h\u01b0\u1edfng c\u00e1c thi\u1ebft k\u1ebf m\u1ea1ng linh ho\u1ea1t v\u00e0 hi\u1ec7u qu\u1ea3 h\u01a1n, \u0111\u1ed3ng th\u1eddi b\u1ea3o v\u1ec7 m\u00f4i tr\u01b0\u1eddng v\u00e0 ph\u00e1t th\u1ea3i carbon th\u1ea5p.<\/p>\r\n<h4><strong><img decoding=\"async\" class=\"size-full wp-image-8126 aligncenter\" title=\"w52p-4\" src=\"https:\/\/mphone.vn\/shop\/wp-content\/uploads\/2024\/02\/w52p-4.jpg\" sizes=\"(max-width: 800px) 100vw, 800px\" srcset=\"https:\/\/mphone.vn\/shop\/wp-content\/uploads\/2024\/02\/w52p-4.jpg 800w, https:\/\/mphone.vn\/wp-content\/uploads\/2020\/09\/w52p-4--300x125.jpg 300w, https:\/\/mphone.vn\/wp-content\/uploads\/2020\/09\/w52p-4--768x319.jpg 768w, https:\/\/mphone.vn\/wp-content\/uploads\/2020\/09\/w52p-4--600x249.jpg 600w, https:\/\/mphone.vn\/wp-content\/uploads\/2020\/09\/w52p-4--64x27.jpg 64w\" alt=\"dien-thoai-ip-yealink-w52pA\" width=\"800\" height=\"332\" \/><\/strong><\/h4>\r\n<h4><strong>Kh\u1ea3 n\u0103ng t\u01b0\u01a1ng th\u00edch r\u1ed9ng<\/strong><\/h4>\r\n<p>\u0110i\u1ec7n tho\u1ea1i DECT-W52P \u0111\u01b0\u1ee3c th\u1eeba h\u01b0\u1edfng t\u1ea5t c\u1ea3 c\u00e1c ch\u1ee9c n\u0103ng c\u1ee7a \u0111i\u1ec7n tho\u1ea1i SIP-T2X. Thi\u1ebft b\u1ecb \u0111\u01b0\u1ee3c di\u1ec5n \u0111\u00e0n All-Over-IP \u0111\u00e1nh gi\u00e1 l\u00e0 d\u00f2ng \u0111i\u1ec7n tho\u1ea1i IP t\u1ed1t nh\u1ea5t hi\u1ec7n nay, \u0111\u1ea3m b\u1ea3o cho b\u1ea1n c\u00e1c kh\u1ea3 n\u0103ng b\u1ed5 sung t\u1ed1t nh\u1ea5t m\u00e0 kh\u00f4ng \u1ea3nh h\u01b0\u1edfng \u0111\u1ebfn c\u01a1 s\u1edf h\u1ea1 t\u1ea7ng hi\u1ec7n c\u00f3.<\/p>\r\n<p><img decoding=\"async\" class=\"size-full wp-image-8125 aligncenter\" title=\"w52p-3\" src=\"https:\/\/mphone.vn\/shop\/wp-content\/uploads\/2024\/02\/w52p-3.jpg\" sizes=\"(max-width: 800px) 100vw, 800px\" srcset=\"https:\/\/mphone.vn\/shop\/wp-content\/uploads\/2024\/02\/w52p-3.jpg 800w, https:\/\/mphone.vn\/wp-content\/uploads\/2020\/09\/w52p-3--300x126.jpg 300w, https:\/\/mphone.vn\/wp-content\/uploads\/2020\/09\/w52p-3--768x324.jpg 768w, https:\/\/mphone.vn\/wp-content\/uploads\/2020\/09\/w52p-3--600x253.jpg 600w, https:\/\/mphone.vn\/wp-content\/uploads\/2020\/09\/w52p-3--64x27.jpg 64w\" alt=\"dien-thoai-ip-yealink-w52pA\" width=\"800\" height=\"337\" \/><\/p>\r\n<\/div>","protected":false},"excerpt":{"rendered":"&nbsp; M\u00f4 t\u1ea3 Yealink DECT Phone W52P l\u00e0 h\u1ec7 th\u1ed1ng \u0111i\u1ec7n tho\u1ea1i kh\u00f4ng d\u00e2y SIP thu\u1ed9c th\u01b0\u01a1ng hi\u1ec7u Yealink \u0111\u01b0\u1ee3c thi\u1ebft k\u1ebf \u0111\u1eb7c bi\u1ec7t cho c\u00e1c doanh nghi\u1ec7p nh\u1ecf v\u00e0 c\u00e1c ho\u1ea1t \u0111\u1ed9ng SOHO tr\u00ean th\u1ecb tr\u01b0\u1eddng \u0111\u1ec3 ti\u1ebft ki\u1ec7m chi ph\u00ed c\u00f3 th\u1ec3 m\u1edf r\u1ed9ng h\u1ec7 th\u1ed1ng th\u00f4ng tin di \u0111\u1ed9ng d\u1ef1a tr\u00ean SIP.","protected":false},"featured_media":10898,"template":"","meta":{"inline_featured_image":false},"product_brand":[],"product_cat":[346],"product_tag":[],"class_list":{"0":"post-8953","1":"product","2":"type-product","3":"status-publish","4":"has-post-thumbnail","6":"product_cat-ip-phone","8":"first","9":"instock","10":"sale","11":"shipping-taxable","12":"purchasable","13":"product-type-simple"},"acf":[],"_links":{"self":[{"href":"https:\/\/mphone.vn\/shop\/wp-json\/wp\/v2\/product\/8953","targetHints":{"allow":["GET"]}}],"collection":[{"href":"https:\/\/mphone.vn\/shop\/wp-json\/wp\/v2\/product"}],"about":[{"href":"https:\/\/mphone.vn\/shop\/wp-json\/wp\/v2\/types\/product"}],"wp:featuredmedia":[{"embeddable":true,"href":"https:\/\/mphone.vn\/shop\/wp-json\/wp\/v2\/media\/10898"}],"wp:attachment":[{"href":"https:\/\/mphone.vn\/shop\/wp-json\/wp\/v2\/media?parent=8953"}],"wp:term":[{"taxonomy":"product_brand","embeddable":true,"href":"https:\/\/mphone.vn\/shop\/wp-json\/wp\/v2\/product_brand?post=8953"},{"taxonomy":"product_cat","embeddable":true,"href":"https:\/\/mphone.vn\/shop\/wp-json\/wp\/v2\/product_cat?post=8953"},{"taxonomy":"product_tag","embeddable":true,"href":"https:\/\/mphone.vn\/shop\/wp-json\/wp\/v2\/product_tag?post=8953"}],"curies":[{"name":"wp","href":"https:\/\/api.w.org\/{rel}","templated":true}]}}