
{"id":9134,"date":"2024-02-05T06:38:13","date_gmt":"2024-02-04T23:38:13","guid":{"rendered":"https:\/\/mphone.vn\/shop\/dien-thoai-ip-yealink-sip-t57w\/"},"modified":"2024-10-03T17:04:57","modified_gmt":"2024-10-03T10:04:57","slug":"yealink-sip-t57w","status":"publish","type":"product","link":"https:\/\/mphone.vn\/shop\/yealink-sip-t57w\/","title":{"rendered":"Yealink SIP-T57W"},"content":{"rendered":"<p>&nbsp;<\/p>\r\n<div id=\"tab-description\" class=\"woocommerce-Tabs-panel woocommerce-Tabs-panel--description panel entry-content wc-tab\" role=\"tabpanel\" aria-labelledby=\"tab-title-description\">\r\n<h2>M\u00f4 t\u1ea3<\/h2>\r\n<p><strong>\u0110i\u1ec7n tho\u1ea1i SIP-T57W<\/strong> l\u00e0 \u0111i\u1ec7n tho\u1ea1i b\u00e0n th\u00f4ng minh d\u00e0nh cho c\u00e1c doanh nghi\u1ec7p thu\u1ed9c <a href=\"https:\/\/yealink.vn\/\" target=\"_blank\" rel=\"noopener noreferrer nofollow\"><strong>th\u01b0\u01a1ng hi\u1ec7u n\u1ed5i ti\u1ebfng yealink<\/strong><\/a>. S\u1ea3n ph\u1ea9m \u0111\u01b0\u1ee3c thi\u1ebft k\u1ebf \u0111\u1eb7c bi\u1ec7t d\u00e0nh cho c\u00e1c gi\u00e1m \u0111\u1ed1c \u0111i\u1ec1u h\u00e0nh v\u00e0 c\u00e1c chuy\u00ean gia b\u1eadn r\u1ed9n.<\/p>\r\n<p>Yealink SIP-T57W v\u1edbi m\u00e0n h\u00ecnh c\u1ea3m \u1ee9ng \u0111a \u0111i\u1ec3m 7 inch kh\u00f4ng nh\u1eefng cho b\u1ea1n kh\u1ea3 n\u0103ng \u0111i\u1ec1u ch\u1ec9nh d\u1ec5 d\u00e0ng v\u00e0 linh ho\u1ea1t \u0111\u1ec3 t\u00ecm \u0111\u01b0\u1ee3c g\u00f3c xem tho\u1ea3i m\u00e1i nh\u1ea5t theo \u00fd mu\u1ed1n m\u00e0 c\u00f2n \u0111em l\u1ea1i giao di\u1ec7n tr\u00ecnh b\u00e0y tr\u1ef1c quan, d\u1ec5 d\u00e0ng \u0111i\u1ec1u h\u01b0\u1edbng ch\u1ec9 v\u1edbi m\u1ed9t l\u1ea7n ch\u1ea1m.<\/p>\r\n<p><img decoding=\"async\" class=\" wp-image-7923 aligncenter\" title=\"sip-t57w-yealink-1\" src=\"https:\/\/mphone.vn\/shop\/wp-content\/uploads\/2024\/02\/sip-t57w-yealink-1.png\" sizes=\"(max-width: 573px) 100vw, 573px\" srcset=\"https:\/\/mphone.vn\/shop\/wp-content\/uploads\/2024\/02\/sip-t57w-yealink-1.png 706w, https:\/\/mphone.vn\/wp-content\/uploads\/2020\/09\/SIP-T57W-Yealink-1-300x160.png 300w, https:\/\/mphone.vn\/wp-content\/uploads\/2020\/09\/SIP-T57W-Yealink-1-600x320.png 600w, https:\/\/mphone.vn\/wp-content\/uploads\/2020\/09\/SIP-T57W-Yealink-1-64x34.png 64w\" alt=\"SIP-T57W-Yealink\" width=\"573\" height=\"306\" \/><\/p>\r\n<p>V\u1edbi vi\u1ec7c t\u00edch h\u1ee3p Bluetooth 4.2 v\u00e0 Wi-Fi b\u0103ng t\u1ea7n k\u00e9p 2.4G\/5G , <a href=\"https:\/\/mphonegroups.com\/danh-muc\/dien-thoai-voice-ip\/dien-thoai-ban-voice-ip\/\" target=\"_blank\" rel=\"nofollow noopener\">\u0111i\u1ec7n tho\u1ea1i VOIP<\/a> SIP-T57W \u0111\u1ea3m b\u1ea3o b\u1ea1n b\u1eaft k\u1ecbp v\u1edbi c\u00f4ng ngh\u1ec7 kh\u00f4ng d\u00e2y hi\u1ec7n \u0111\u1ea1i. Th\u00eam v\u00e0o \u0111\u00f3, c\u1ed5ng USB 2.0 t\u00edch h\u1ee3p cho ph\u00e9p ghi \u00e2m qua USB ho\u1eb7c tai nghe USB. V\u1edbi nh\u1eefng t\u00ednh n\u0103ng n\u00e0y, Yealink SIP-T57W \u0111\u01b0\u1ee3c xem l\u00e0 \u0111i\u1ec7n tho\u1ea1i v\u0103n ph\u00f2ng m\u1ea1nh m\u1ebd v\u00e0 c\u00f3 th\u1ec3 m\u1edf r\u1ed9ng mang l\u1ea1i hi\u1ec7u qu\u1ea3 v\u00e0 n\u0103ng su\u1ea5t l\u00e0m vi\u1ec7c t\u1ed1i \u01b0u.<\/p>\r\n<h3><strong>C\u00e1c t\u00ednh n\u0103ng n\u1ed5i b\u1eadt c\u1ee7a \u0111i\u1ec7n tho\u1ea1i Yealink SIP-T57W<\/strong><\/h3>\r\n<h4><strong>Tr\u1ea3i nghi\u1ec7m ng\u01b0\u1eddi d\u00f9ng n\u1ed5i b\u1eadt<\/strong><\/h4>\r\n<p><a href=\"https:\/\/mphone.vn\/dien-thoai-ip-yealink-sip-t57w\/\" target=\"_blank\" rel=\"noopener noreferrer\"><strong>\u0110i\u1ec7n tho\u1ea1i IP Yealink SIP-T57W<\/strong><\/a> c\u00f3 m\u00e0n h\u00ecnh c\u1ea3m \u1ee9ng \u0111i\u1ec7n dung 7 inch c\u00f3 th\u1ec3 \u0111i\u1ec1u ch\u1ec9nh \u0111\u01b0\u1ee3c m\u00e0 b\u1ea1n c\u00f3 th\u1ec3 d\u1ec5 d\u00e0ng \u0111i\u1ec1u ch\u1ec9nh m\u00e0n h\u00ecnh theo g\u00f3c nh\u00ecn tho\u1ea3i m\u00e1i theo \u00fd m\u00ecnh. Ngo\u00e0i ra, b\u1ed9 menu \u0111\u01b0\u1ee3c x\u00e1c \u0111\u1ecbnh r\u00f5 r\u00e0ng gi\u00fap b\u1ea1n d\u1ec5 d\u00e0ng \u0111i\u1ec1u h\u01b0\u1edbng v\u00e0 t\u1ea5t c\u1ea3 nh\u1eefng g\u00ec b\u1ea1n ph\u1ea3i l\u00e0m l\u00e0 ch\u1ea1m v\u00e0o t\u00f9y ch\u1ecdn mong mu\u1ed1n. \u0110i\u1ec7n tho\u1ea1i c\u0169ng \u0111em l\u1ea1i cho b\u1ea1n m\u1ed9t giao di\u1ec7n t\u1ed1t nh\u1ea5t gi\u00fap \u0111em l\u1ea1i cho ng\u01b0\u1eddi d\u00f9ng nh\u1eefng tr\u1ea3i nghi\u1ec7m t\u1ed1i \u01b0u nh\u1ea5t.<\/p>\r\n<p><strong><img decoding=\"async\" class=\"wp-image-7922 aligncenter\" title=\"sip-t57w\" src=\"https:\/\/mphone.vn\/shop\/wp-content\/uploads\/2024\/02\/sip-t57w.png\" sizes=\"(max-width: 617px) 100vw, 617px\" srcset=\"https:\/\/mphone.vn\/shop\/wp-content\/uploads\/2024\/02\/sip-t57w.png 786w, https:\/\/mphone.vn\/wp-content\/uploads\/2020\/09\/SIP-T57W-300x180.png 300w, https:\/\/mphone.vn\/wp-content\/uploads\/2020\/09\/SIP-T57W-768x460.png 768w, https:\/\/mphone.vn\/wp-content\/uploads\/2020\/09\/SIP-T57W-600x360.png 600w, https:\/\/mphone.vn\/wp-content\/uploads\/2020\/09\/SIP-T57W-64x38.png 64w\" alt=\"SIP-T57W-Yealink\" width=\"617\" height=\"370\" \/><\/strong><\/p>\r\n<h4><strong>\u00c2m thanh v\u00e0 video v\u1edbi ch\u1ea5t l\u01b0\u1ee3ng HD<\/strong><\/h4>\r\n<p>SIP-T57W k\u1ebft h\u1ee3p v\u1edbi phi\u00ean b\u1ea3n m\u1edbi nh\u1ea5t c\u1ee7a c\u00f4ng ngh\u1ec7 Yealink Optimal HD Voice, bao g\u1ed3m c\u00f4ng ngh\u1ec7 Yealink Acoustic Shield, gi\u00fap lo\u1ea1i b\u1ecf hi\u1ec7u qu\u1ea3 c\u00e1c t\u1ea1p \u00e2m v\u00e0 ti\u1ebfng \u1ed3n xung quanh, mang l\u1ea1i gi\u1ecdng n\u00f3i trong tr\u1ebbo ngay c\u1ea3 trong m\u00f4i tr\u01b0\u1eddng \u1ed3n \u00e0o. C\u00f9ng v\u1edbi \u0111\u00f3, s\u1ea3n ph\u1ea9m t\u01b0\u01a1ng th\u00edch v\u1edbi m\u00e1y tr\u1ee3 th\u00ednh (HAC) gi\u00fap cho ng\u01b0\u1eddi b\u1ecb khi\u1ebfm th\u00ednh c\u00f3 th\u1ec3 nghe th\u1ea5y gi\u1ecdng n\u00f3i ng\u01b0\u1eddi g\u1ecdi r\u00f5 r\u00e0ng h\u01a1n.<\/p>\r\n<h4><strong>Kh\u1ea3 n\u0103ng truy\u1ec1n kh\u00f4ng d\u00e2y<\/strong><\/h4>\r\n<p>\u0110i\u1ec7n tho\u1ea1i IP Yealink SIP-T57W kh\u00f4ng ch\u1ec9 t\u00edch h\u1ee3p Bluetooth 4.2 \u0111\u1ec3 b\u1ea1n s\u1eed d\u1ee5ng cho tai nghe Bluetooth v\u00e0 \u0111\u1ed3ng b\u1ed9 h\u00f3a danh b\u1ea1 di \u0111\u1ed9ng m\u00e0 c\u00f2n c\u00f3 Wi-Fi b\u0103ng t\u1ea7n k\u00e9p t\u00edch h\u1ee3p cho k\u1ebft n\u1ed1i Wi-Fi, cho ph\u00e9p b\u1ea1n truy c\u1eadp Wi-Fi 5G k\u1ebft n\u1ed1i Fi d\u1ec5 d\u00e0ng. Ngo\u00e0i ra, n\u1ebfu b\u1ea1n mu\u1ed1n m\u1edf r\u1ed9ng t\u1ea7m nh\u00ecn c\u1ee7a m\u00ecnh cho nh\u1eefng m\u00f4i tr\u01b0\u1eddng xung quanh ho\u1eb7c chia s\u1ebb m\u1ed9t h\u1ec7 th\u1ed1ng \u0111i\u1ec7n tho\u1ea1i v\u1edbi nh\u00f3m nh\u1ecf c\u1ee7a b\u1ea1n b\u1eb1ng c\u00e1ch th\u00eam nhi\u1ec1u thi\u1ebft b\u1ecb c\u1ea7m tay b\u1ea1n ch\u1ec9 c\u1ea7n chuy\u1ec3n \u0111i\u1ec7n tho\u1ea1i IP c\u1ee7a b\u1ea1n th\u00e0nh \u0111i\u1ec7n tho\u1ea1i kh\u00f4ng d\u00e2y th\u00f4ng qua c\u00f4ng ngh\u1ec7 DECT. H\u01a1n n\u1eefa, \u0111i\u1ec7n tho\u1ea1i IP c\u00f3 th\u1ec3 ho\u1ea1t \u0111\u1ed9ng v\u1edbi Yealink VC Desktop c\u00f9ng nhau \u0111\u1ec3 chia s\u1ebb n\u1ed9i dung t\u1eeb m\u00e1y t\u00ednh x\u00e1ch tay c\u1ee7a b\u1ea1n, gi\u00fap vi\u1ec7c c\u1ed9ng t\u00e1c d\u1ec5 d\u00e0ng h\u01a1n nhi\u1ec1u so v\u1edbi tr\u01b0\u1edbc \u0111\u00e2y.<\/p>\r\n<h4><strong><img decoding=\"async\" class=\"size-full wp-image-7925 aligncenter\" title=\"sip-t57w-yealink-2\" src=\"https:\/\/mphone.vn\/shop\/wp-content\/uploads\/2024\/02\/sip-t57w-yealink-2.png\" sizes=\"(max-width: 754px) 100vw, 754px\" srcset=\"https:\/\/mphone.vn\/shop\/wp-content\/uploads\/2024\/02\/sip-t57w-yealink-2.png 754w, https:\/\/mphone.vn\/wp-content\/uploads\/2020\/09\/sip-t57w-yealink-2-300x145.png 300w, https:\/\/mphone.vn\/wp-content\/uploads\/2020\/09\/sip-t57w-yealink-2-600x290.png 600w, https:\/\/mphone.vn\/wp-content\/uploads\/2020\/09\/sip-t57w-yealink-2-64x31.png 64w\" alt=\"SIP-T57W-Yealink\" width=\"754\" height=\"364\" \/><\/strong><\/h4>\r\n<h4><strong>Kh\u1ea3 n\u0103ng m\u1edf r\u1ed9ng m\u1ea1nh m\u1ebd<\/strong><\/h4>\r\n<p>C\u1ed5ng USB 2.0 t\u00edch h\u1ee3p cho ph\u00e9p b\u1ea1n ghi \u00e2m cu\u1ed9c g\u1ecdi USB qua \u1ed5 USB flash. Th\u00f4ng qua c\u1ed5ng USB n\u00e0y, b\u1ea1n c\u0169ng c\u00f3 th\u1ec3 k\u1ebft n\u1ed1i tai nghe USB c\u00f3 d\u00e2y \/ kh\u00f4ng d\u00e2y m\u00e0 kh\u00f4ng c\u1ea7n k\u1ebft n\u1ed1i Yealink EHS36 n\u1eefa v\u00e0 k\u1ebft n\u1ed1i t\u1ed1i \u0111a 3 m\u00f4-\u0111un m\u1edf r\u1ed9ng Yealink EXP50 c\u00f3 th\u1ec3 \u0111\u01b0\u1ee3c l\u1eadp tr\u00ecnh v\u1edbi t\u1ed1i \u0111a 180 ph\u00edm DSS kh\u00f4ng c\u1ea7n gi\u1ea5y t\u1edd.<\/p>\r\n<h4><strong>C\u00e0i \u0111\u1eb7t v\u00e0 cung c\u1ea5p hi\u1ec7u qu\u1ea3<\/strong><\/h4>\r\n<p>Yealink SIP-T57W h\u1ed7 tr\u1ee3 cung c\u1ea5p hi\u1ec7u qu\u1ea3 v\u00e0 tri\u1ec3n khai h\u00e0ng lo\u1ea1t d\u1ec5 d\u00e0ng v\u1edbi d\u1ecbch v\u1ee5 chuy\u1ec3n h\u01b0\u1edbng v\u00e0 cung c\u1ea5p (RPS) c\u00f9ng v\u1edbi c\u01a1 ch\u1ebf kh\u1edfi \u0111\u1ed9ng c\u1ee7a Yealink \u0111\u1ec3 gi\u00fap b\u1ea1n th\u1ef1c hi\u1ec7n c\u1ea5p ph\u00e9p Zero Touch m\u00e0 kh\u00f4ng c\u1ea7n b\u1ea5t k\u1ef3 c\u00e0i \u0111\u1eb7t th\u1ee7 c\u00f4ng ph\u1ee9c t\u1ea1p n\u00e0o.<\/p>\r\n<\/div>","protected":false},"excerpt":{"rendered":"&nbsp; M\u00f4 t\u1ea3 \u0110i\u1ec7n tho\u1ea1i SIP-T57W l\u00e0 \u0111i\u1ec7n tho\u1ea1i b\u00e0n th\u00f4ng minh d\u00e0nh cho c\u00e1c doanh nghi\u1ec7p thu\u1ed9c th\u01b0\u01a1ng hi\u1ec7u n\u1ed5i ti\u1ebfng yealink. S\u1ea3n ph\u1ea9m \u0111\u01b0\u1ee3c thi\u1ebft k\u1ebf \u0111\u1eb7c bi\u1ec7t d\u00e0nh cho c\u00e1c gi\u00e1m \u0111\u1ed1c \u0111i\u1ec1u h\u00e0nh v\u00e0 c\u00e1c chuy\u00ean gia b\u1eadn r\u1ed9n. Yealink SIP-T57W v\u1edbi m\u00e0n h\u00ecnh c\u1ea3m \u1ee9ng \u0111a \u0111i\u1ec3m 7 inch kh\u00f4ng","protected":false},"featured_media":9135,"template":"","meta":{"inline_featured_image":false},"product_brand":[],"product_cat":[346],"product_tag":[],"class_list":{"0":"post-9134","1":"product","2":"type-product","3":"status-publish","4":"has-post-thumbnail","6":"product_cat-ip-phone","8":"first","9":"instock","10":"shipping-taxable","11":"purchasable","12":"product-type-simple"},"acf":[],"_links":{"self":[{"href":"https:\/\/mphone.vn\/shop\/wp-json\/wp\/v2\/product\/9134","targetHints":{"allow":["GET"]}}],"collection":[{"href":"https:\/\/mphone.vn\/shop\/wp-json\/wp\/v2\/product"}],"about":[{"href":"https:\/\/mphone.vn\/shop\/wp-json\/wp\/v2\/types\/product"}],"wp:featuredmedia":[{"embeddable":true,"href":"https:\/\/mphone.vn\/shop\/wp-json\/wp\/v2\/media\/9135"}],"wp:attachment":[{"href":"https:\/\/mphone.vn\/shop\/wp-json\/wp\/v2\/media?parent=9134"}],"wp:term":[{"taxonomy":"product_brand","embeddable":true,"href":"https:\/\/mphone.vn\/shop\/wp-json\/wp\/v2\/product_brand?post=9134"},{"taxonomy":"product_cat","embeddable":true,"href":"https:\/\/mphone.vn\/shop\/wp-json\/wp\/v2\/product_cat?post=9134"},{"taxonomy":"product_tag","embeddable":true,"href":"https:\/\/mphone.vn\/shop\/wp-json\/wp\/v2\/product_tag?post=9134"}],"curies":[{"name":"wp","href":"https:\/\/api.w.org\/{rel}","templated":true}]}}