
{"id":9164,"date":"2024-02-05T06:38:52","date_gmt":"2024-02-04T23:38:52","guid":{"rendered":"https:\/\/mphone.vn\/shop\/dien-thoai-ip-yealink-w53p\/"},"modified":"2024-10-03T17:24:52","modified_gmt":"2024-10-03T10:24:52","slug":"yealink-w53p","status":"publish","type":"product","link":"https:\/\/mphone.vn\/shop\/yealink-w53p\/","title":{"rendered":"Yealink W53P"},"content":{"rendered":"<p>&nbsp;<\/p>\r\n<div id=\"tab-description\" class=\"woocommerce-Tabs-panel woocommerce-Tabs-panel--description panel entry-content wc-tab\" role=\"tabpanel\" aria-labelledby=\"tab-title-description\">\r\n<h2>M\u00f4 t\u1ea3<\/h2>\r\n<p><strong>Yealink W53P<\/strong> l\u00e0 thi\u1ebft b\u1ecb \u0111i\u1ec7n tho\u1ea1i c\u1ea7m tay kh\u00f4ng d\u00e2y SIP do <a href=\"https:\/\/yealink.vn\/\" target=\"_blank\" rel=\"noopener noreferrer nofollow\"><strong>th\u01b0\u01a1ng hi\u1ec7u n\u1ed5i ti\u1ebfng Yealink<\/strong><\/a> ph\u00e1t h\u00e0nh. S\u1ea3n ph\u1ea9m \u0111\u01b0\u1ee3c xem l\u00e0 gi\u1ea3i ph\u00e1p l\u00fd t\u01b0\u1edfng d\u00e0nh cho c\u00e1c doanh nghi\u1ec7p v\u1eeba v\u00e0 nh\u1ecf. W53P c\u00f3 th\u1ec3 k\u1ebft n\u1ed1i v\u1edbi t\u1ed5ng c\u1ed9ng 8 thi\u1ebft b\u1ecb c\u1ea7m tay Yealink W53H DECT cho ph\u00e9p b\u1ea1n t\u1eadn h\u01b0\u1edfng t\u00ednh di \u0111\u1ed9ng tuy\u1ec7t v\u1eddi c\u0169ng nh\u01b0 lo\u1ea1i b\u1ecf \u0111\u00e1ng k\u1ec3 c\u00e1c r\u1eafc r\u1ed1i v\u00e0 ph\u00ed \u0111i d\u00e2y b\u1ed5 sung. \u0110em l\u1ea1i hi\u1ec7u su\u1ea5t cao h\u01a1n.<\/p>\r\n<p>C\u00f9ng v\u1edbi h\u1ed7 tr\u1ee3 codec Opus, W53P \u0111em l\u1ea1i ch\u1ea5t l\u01b0\u1ee3ng \u00e2m thanh tuy\u1ec7t v\u1eddi v\u00e0 chuy\u00ean nghi\u1ec7p trong c\u1ea3 \u0111i\u1ec1u ki\u1ec7n m\u1ea1ng b\u0103ng th\u00f4ng cao v\u00e0 k\u00e9m, so v\u1edbi c\u00e1c codec \u00e2m thanh b\u0103ng r\u1ed9ng ho\u1eb7c b\u0103ng h\u1eb9p kh\u00e1c.<\/p>\r\n<p>\u0110i\u1ec7n tho\u1ea1i DECT kh\u00f4ng d\u00e2y Yealink W53P l\u00e0 s\u1ef1 l\u1ef1a ch\u1ecdn ho\u00e0n h\u1ea3o v\u00e0 \u0111\u00e1ng tin c\u1eady cho nh\u1eefng kh\u00e1ch h\u00e0ng \u0111ang t\u00ecm ki\u1ebfm m\u1ed9t chi\u1ebfc \u0111i\u1ec7n tho\u1ea1i IP DECT c\u1ea5p trung \u0111\u1ec3 li\u00ean l\u1ea1c khi di chuy\u1ec3n v\u1edbi m\u1ee9c chi ph\u00ed v\u1eeba ph\u1ea3i.<\/p>\r\n<h3><strong>C\u00e1c t\u00ednh n\u0103ng n\u1ed5i b\u1eadt c\u1ee7a W53P<\/strong><\/h3>\r\n<h4><strong>Ch\u1ea5t l\u01b0\u1ee3ng \u00e2m thanh HD cao c\u1ea5p<\/strong><\/h4>\r\n<p><a href=\"https:\/\/mphone.vn\/dien-thoai-ip-yealink-w53p\/\" target=\"_blank\" rel=\"noopener noreferrer\"><strong>\u0110i\u1ec7n tho\u1ea1i W53P<\/strong><\/a> d\u1ef1a tr\u00ean ti\u00eau chu\u1ea9n CAT-iq2.0 DECT kh\u00f4ng d\u00e2y gi\u00fap \u0111em l\u1ea1i ch\u1ea5t l\u01b0\u1ee3ng \u00e2m thanh HD cao c\u1ea5p v\u00e0 \u1ed5n \u0111\u1ecbnh. Nh\u1edd \u0111\u00f3 gi\u00fap cho vi\u1ec7c giao ti\u1ebfp hi\u1ec7u qu\u1ea3 v\u00e0 r\u00f5 r\u00e0ng h\u01a1n.<\/p>\r\n<h4><strong><img decoding=\"async\" class=\"size-full wp-image-8119 aligncenter\" title=\"w53p\" src=\"https:\/\/mphone.vn\/shop\/wp-content\/uploads\/2024\/02\/w53p.jpg\" sizes=\"(max-width: 800px) 100vw, 800px\" srcset=\"https:\/\/mphone.vn\/shop\/wp-content\/uploads\/2024\/02\/w53p.jpg 800w, https:\/\/mphone.vn\/wp-content\/uploads\/2020\/09\/w53p--300x181.jpg 300w, https:\/\/mphone.vn\/wp-content\/uploads\/2020\/09\/w53p--768x464.jpg 768w, https:\/\/mphone.vn\/wp-content\/uploads\/2020\/09\/w53p--600x362.jpg 600w, https:\/\/mphone.vn\/wp-content\/uploads\/2020\/09\/w53p--64x39.jpg 64w\" alt=\"w53p-yealink\" width=\"800\" height=\"483\" \/><\/strong><\/h4>\r\n<h4><strong>Thi\u1ebft k\u1ebf g\u1ecdn nh\u1eb9<\/strong><\/h4>\r\n<p>W53P \u0111\u01b0\u1ee3c thi\u1ebft k\u1ebf v\u1eeba v\u1edbi n\u1eafm b\u00e0n tay c\u1ee7a b\u1ea1n v\u1edbi chi\u1ec1u cao ch\u1ec9 150mm v\u00e0 d\u00e0y 25mm cho ph\u00e9p b\u1ea1n c\u1ea7m theo ho\u1eb7c b\u1ecf t\u00fai m\u1ed9t c\u00e1ch tho\u1ea3i m\u00e1i. S\u1ea3n ph\u1ea9m \u0111\u01b0\u1ee3c thi\u1ebft k\u1ebf v\u1edbi v\u1ecf ngo\u00e0i kim lo\u1ea1i x\u00e1m b\u1ea1c chuy\u00ean nghi\u1ec7p v\u00e0 phong c\u00e1ch. Thao t\u00e1c tr\u00ean \u0111i\u1ec7n tho\u1ea1i d\u1ec5 d\u00e0ng v\u00e0 nhanh ch\u00f3ng v\u1edbi m\u00e0n h\u00ecnh m\u00e0u 1.8 inch c\u00f3 \u0111\u1ed9 ph\u00e2n gi\u1ea3i 128\u00d7160 pixels.<\/p>\r\n<h4><strong><img decoding=\"async\" class=\" wp-image-8120 aligncenter\" title=\"w53p-1\" src=\"https:\/\/mphone.vn\/shop\/wp-content\/uploads\/2024\/02\/w53p-1.jpg\" sizes=\"(max-width: 621px) 100vw, 621px\" srcset=\"https:\/\/mphone.vn\/shop\/wp-content\/uploads\/2024\/02\/w53p-1.jpg 800w, https:\/\/mphone.vn\/wp-content\/uploads\/2020\/09\/w53p-1--300x251.jpg 300w, https:\/\/mphone.vn\/wp-content\/uploads\/2020\/09\/w53p-1--768x642.jpg 768w, https:\/\/mphone.vn\/wp-content\/uploads\/2020\/09\/w53p-1--600x502.jpg 600w, https:\/\/mphone.vn\/wp-content\/uploads\/2020\/09\/w53p-1--64x54.jpg 64w\" alt=\"w53p-yealink\" width=\"621\" height=\"519\" \/><\/strong><\/h4>\r\n<h4><strong>V\u1ecf b\u1ea3o v\u1ec7 ch\u1eafc ch\u1eafn v\u1edbi th\u1eddi l\u01b0\u1ee3ng pin l\u1edbn<\/strong><\/h4>\r\n<p>\u0110i\u1ec7n tho\u1ea1i s\u1eed d\u1ee5ng pin Li-ion cho b\u1ea1n kh\u1ea3 n\u0103ng li\u00ean l\u1ea1c trong th\u1eddi gian d\u00e0i v\u1edbi th\u1eddi gian tho\u1ea1i l\u00ean \u0111\u1ebfn 18 gi\u1edd v\u00e0 th\u1eddi gian ch\u1edd 200 gi\u1edd. Th\u00eam v\u00e0o \u0111\u00f3, h\u1ed7 tr\u1ee3 l\u1edbp v\u1ecf b\u1ea3o v\u1ec7 t\u00f9y ch\u1ecdn v\u1edbi c\u00e1c t\u00ednh n\u0103ng ch\u1ed1ng n\u01b0\u1edbc, ch\u1ed1ng b\u1ee5i v\u00e0 ch\u1ed1ng v\u1ee1.<\/p>\r\n<h4><strong><img decoding=\"async\" class=\"wp-image-8121 aligncenter\" title=\"w53p-2\" src=\"https:\/\/mphone.vn\/shop\/wp-content\/uploads\/2024\/02\/w53p-2.jpg\" sizes=\"(max-width: 576px) 100vw, 576px\" srcset=\"https:\/\/mphone.vn\/shop\/wp-content\/uploads\/2024\/02\/w53p-2.jpg 800w, https:\/\/mphone.vn\/wp-content\/uploads\/2020\/09\/w53p-2--300x221.jpg 300w, https:\/\/mphone.vn\/wp-content\/uploads\/2020\/09\/w53p-2--768x564.jpg 768w, https:\/\/mphone.vn\/wp-content\/uploads\/2020\/09\/w53p-2--600x441.jpg 600w, https:\/\/mphone.vn\/wp-content\/uploads\/2020\/09\/w53p-2--64x47.jpg 64w\" alt=\"w53p-yealink\" width=\"576\" height=\"423\" \/><\/strong><\/h4>\r\n<h4><strong>Kh\u1ea3 n\u0103ng t\u01b0\u01a1ng th\u00edch li\u1ec1n m\u1ea1ch v\u1edbi Yealink W60B DECT Base<\/strong><\/h4>\r\n<p>Yealink W60B l\u00e0 m\u1ed9t c\u01a1 s\u1edf DECT m\u1ea1nh m\u1ebd c\u00f3 th\u1ec3 m\u1edf r\u1ed9ng, h\u1ed7 tr\u1ee3 l\u00ean \u0111\u1ebfn 8 thi\u1ebft b\u1ecb c\u1ea7m tay, 8 t\u00e0i kho\u1ea3n SIP v\u00e0 8 cu\u1ed9c g\u1ecdi \u0111\u1ed3ng th\u1eddi. S\u1ea3n ph\u1ea9m \u0111\u01b0\u1ee3c trang b\u1ecb ph\u1ea7n c\u1ee9ng m\u1ea1nh m\u1ebd v\u1edbi nhi\u1ec1u t\u00ednh n\u0103ng phong\u00a0 ph\u00fa \u0111\u00e1p \u1ee9ng \u0111\u1ea7y \u0111\u1ee7 c\u00e1c nhu c\u1ea7u cho kh\u00f4ng gian v\u0103n ph\u00f2ng v\u1eeba v\u00e0 nh\u1ecf c\u1ee7a b\u1ea1n.<\/p>\r\n<p><img decoding=\"async\" class=\" wp-image-8122 aligncenter\" title=\"w53p-3\" src=\"https:\/\/mphone.vn\/shop\/wp-content\/uploads\/2024\/02\/w53p-3.jpg\" sizes=\"(max-width: 636px) 100vw, 636px\" srcset=\"https:\/\/mphone.vn\/shop\/wp-content\/uploads\/2024\/02\/w53p-3.jpg 800w, https:\/\/mphone.vn\/wp-content\/uploads\/2020\/09\/w53p-3--300x161.jpg 300w, https:\/\/mphone.vn\/wp-content\/uploads\/2020\/09\/w53p-3--768x413.jpg 768w, https:\/\/mphone.vn\/wp-content\/uploads\/2020\/09\/w53p-3--600x323.jpg 600w, https:\/\/mphone.vn\/wp-content\/uploads\/2020\/09\/w53p-3--64x34.jpg 64w\" alt=\"w53p-yealink\" width=\"636\" height=\"342\" \/><\/p>\r\n<\/div>","protected":false},"excerpt":{"rendered":"&nbsp; M\u00f4 t\u1ea3 Yealink W53P l\u00e0 thi\u1ebft b\u1ecb \u0111i\u1ec7n tho\u1ea1i c\u1ea7m tay kh\u00f4ng d\u00e2y SIP do th\u01b0\u01a1ng hi\u1ec7u n\u1ed5i ti\u1ebfng Yealink ph\u00e1t h\u00e0nh. S\u1ea3n ph\u1ea9m \u0111\u01b0\u1ee3c xem l\u00e0 gi\u1ea3i ph\u00e1p l\u00fd t\u01b0\u1edfng d\u00e0nh cho c\u00e1c doanh nghi\u1ec7p v\u1eeba v\u00e0 nh\u1ecf. W53P c\u00f3 th\u1ec3 k\u1ebft n\u1ed1i v\u1edbi t\u1ed5ng c\u1ed9ng 8 thi\u1ebft b\u1ecb c\u1ea7m tay Yealink W53H","protected":false},"featured_media":9165,"template":"","meta":{"inline_featured_image":false},"product_brand":[],"product_cat":[346],"product_tag":[],"class_list":{"0":"post-9164","1":"product","2":"type-product","3":"status-publish","4":"has-post-thumbnail","6":"product_cat-ip-phone","8":"first","9":"instock","10":"shipping-taxable","11":"purchasable","12":"product-type-simple"},"acf":[],"_links":{"self":[{"href":"https:\/\/mphone.vn\/shop\/wp-json\/wp\/v2\/product\/9164","targetHints":{"allow":["GET"]}}],"collection":[{"href":"https:\/\/mphone.vn\/shop\/wp-json\/wp\/v2\/product"}],"about":[{"href":"https:\/\/mphone.vn\/shop\/wp-json\/wp\/v2\/types\/product"}],"wp:featuredmedia":[{"embeddable":true,"href":"https:\/\/mphone.vn\/shop\/wp-json\/wp\/v2\/media\/9165"}],"wp:attachment":[{"href":"https:\/\/mphone.vn\/shop\/wp-json\/wp\/v2\/media?parent=9164"}],"wp:term":[{"taxonomy":"product_brand","embeddable":true,"href":"https:\/\/mphone.vn\/shop\/wp-json\/wp\/v2\/product_brand?post=9164"},{"taxonomy":"product_cat","embeddable":true,"href":"https:\/\/mphone.vn\/shop\/wp-json\/wp\/v2\/product_cat?post=9164"},{"taxonomy":"product_tag","embeddable":true,"href":"https:\/\/mphone.vn\/shop\/wp-json\/wp\/v2\/product_tag?post=9164"}],"curies":[{"name":"wp","href":"https:\/\/api.w.org\/{rel}","templated":true}]}}