
{"id":9170,"date":"2024-02-05T06:38:59","date_gmt":"2024-02-04T23:38:59","guid":{"rendered":"https:\/\/mphone.vn\/shop\/dien-thoai-ip-yealink-w53h\/"},"modified":"2024-10-03T17:25:04","modified_gmt":"2024-10-03T10:25:04","slug":"yealink-w53h","status":"publish","type":"product","link":"https:\/\/mphone.vn\/shop\/yealink-w53h\/","title":{"rendered":"Yealink W53H"},"content":{"rendered":"<p>&nbsp;<\/p>\r\n<div id=\"tab-description\" class=\"woocommerce-Tabs-panel woocommerce-Tabs-panel--description panel entry-content wc-tab\" role=\"tabpanel\" aria-labelledby=\"tab-title-description\">\r\n<h2>M\u00f4 t\u1ea3<\/h2>\r\n<p><strong>Yealink W53H<\/strong> l\u00e0 thi\u1ebft b\u1ecb \u0111i\u1ec7n tho\u1ea1i c\u1ea7m tay do <a href=\"https:\/\/yealink.vn\/\" target=\"_blank\" rel=\"noopener noreferrer nofollow\"><strong>th\u01b0\u01a1ng hi\u1ec7u n\u1ed5i ti\u1ebfng Yealink<\/strong> <\/a>ph\u00e1t h\u00e0nh \u0111\u01b0\u1ee3c s\u1eed d\u1ee5ng ch\u1ee7 y\u1ebfu cho m\u1ee5c \u0111\u00edch kinh doanh.<\/p>\r\n<p>\u0110\u1eb7c \u0111i\u1ec3m n\u1ed5i b\u1eadt c\u1ee7a \u0111i\u1ec7n tho\u1ea1i \u0111\u00f3 l\u00e0 ch\u1ea5t l\u01b0\u1ee3ng \u00e2m thanh v\u01b0\u1ee3t tr\u1ed9i v\u1edbi kh\u1ea3 n\u0103ng t\u1ef1 do di chuy\u1ec3n, thi\u1ebft k\u1ebf nh\u1ecf g\u1ecdn v\u00e0 h\u1ea5p d\u1eabn h\u01a1n v\u1edbi m\u00e0n h\u00ecnh m\u00e0u TFT 1,8 inch, tu\u1ed5i th\u1ecd pin l\u1edbn l\u1edbn v\u1edbi kh\u1ea3 n\u0103ng t\u01b0\u01a1ng th\u00edch cao. V\u00ec th\u1ebf, \u0111\u00e2y c\u00f3 th\u1ec3 xem l\u00e0 chi\u1ebfc \u0111i\u1ec7n tho\u1ea1i kh\u00f4ng d\u00e2y VoIP ti\u00ean ti\u1ebfn nh\u1ea5t hi\u1ec7n nay, ch\u1eafc ch\u1eafn s\u1ebd l\u00e0 s\u1ef1 l\u1ef1a ch\u1ecdn ho\u00e0n h\u1ea3o c\u1ee7a b\u1ea1n.<\/p>\r\n<h3><strong>C\u00e1c t\u00ednh n\u0103ng n\u1ed5i b\u1eadt c\u1ee7a \u0111i\u1ec7n tho\u1ea1i IP Yealink W53H:<\/strong><\/h3>\r\n<h4><strong>Thi\u1ebft k\u1ebf g\u1ecdn nh\u1eb9<\/strong><\/h4>\r\n<p><strong><a href=\"https:\/\/mphone.vn\/dien-thoai-ip-yealink-w53h\/\" target=\"_blank\" rel=\"noopener noreferrer\">W53H<\/a><\/strong> \u0111\u01b0\u1ee3c thi\u1ebft k\u1ebf v\u1eeba v\u1edbi n\u1eafm b\u00e0n tay c\u1ee7a b\u1ea1n v\u1edbi chi\u1ec1u cao ch\u1ec9 150mm v\u00e0 d\u00e0y 25mm cho ph\u00e9p b\u1ea1n c\u1ea7m theo ho\u1eb7c b\u1ecf t\u00fai m\u1ed9t c\u00e1ch tho\u1ea3i m\u00e1i. S\u1ea3n ph\u1ea9m \u0111\u01b0\u1ee3c thi\u1ebft k\u1ebf v\u1edbi v\u1ecf ngo\u00e0i kim lo\u1ea1i x\u00e1m b\u1ea1c chuy\u00ean nghi\u1ec7p v\u00e0 phong c\u00e1ch. Thao t\u00e1c tr\u00ean \u0111i\u1ec7n tho\u1ea1i d\u1ec5 d\u00e0ng v\u00e0 nhanh ch\u00f3ng v\u1edbi m\u00e0n h\u00ecnh m\u00e0u 1.8 inch c\u00f3 \u0111\u1ed9 ph\u00e2n gi\u1ea3i 128\u00d7160 pixels.<\/p>\r\n<p><strong><img decoding=\"async\" class=\"size-full wp-image-8143 aligncenter\" title=\"yealink-w53h\" src=\"https:\/\/mphone.vn\/shop\/wp-content\/uploads\/2024\/02\/yealink-w53h.jpg\" sizes=\"(max-width: 800px) 100vw, 800px\" srcset=\"https:\/\/mphone.vn\/shop\/wp-content\/uploads\/2024\/02\/yealink-w53h.jpg 800w, https:\/\/mphone.vn\/wp-content\/uploads\/2020\/09\/Yealink-w53h--300x122.jpg 300w, https:\/\/mphone.vn\/wp-content\/uploads\/2020\/09\/Yealink-w53h--768x312.jpg 768w, https:\/\/mphone.vn\/wp-content\/uploads\/2020\/09\/Yealink-w53h--600x244.jpg 600w, https:\/\/mphone.vn\/wp-content\/uploads\/2020\/09\/Yealink-w53h--64x26.jpg 64w\" alt=\"Yealink-w53h-dien-thoai-ip\" width=\"800\" height=\"325\" \/><\/strong><\/p>\r\n<h4><strong>Ch\u1ea5t l\u01b0\u1ee3ng \u00e2m thanh HD cao c\u1ea5p<\/strong><\/h4>\r\n<p>\u0110i\u1ec7n tho\u1ea1i W53H d\u1ef1a tr\u00ean ti\u00eau chu\u1ea9n CAT-iq2.0 DECT kh\u00f4ng d\u00e2y gi\u00fap \u0111em l\u1ea1i ch\u1ea5t l\u01b0\u1ee3ng \u00e2m thanh HD cao c\u1ea5p v\u00e0 \u1ed5n \u0111\u1ecbnh. Nh\u1edd \u0111\u00f3 gi\u00fap cho vi\u1ec7c giao ti\u1ebfp hi\u1ec7u qu\u1ea3 v\u00e0 r\u00f5 r\u00e0ng h\u01a1n, cho b\u1ea1n c\u1ea3m gi\u00e1c cu\u1ed9c tr\u00f2 chuy\u1ec7n \u0111\u01b0\u1ee3c ch\u00e2n th\u1ef1c v\u00e0 tho\u1ea3i m\u00e1i nh\u1ea5t.<\/p>\r\n<p><strong><img decoding=\"async\" class=\"size-full wp-image-8144 aligncenter\" title=\"yealink-w53h-1\" src=\"https:\/\/mphone.vn\/shop\/wp-content\/uploads\/2024\/02\/yealink-w53h-1.jpg\" sizes=\"(max-width: 800px) 100vw, 800px\" srcset=\"https:\/\/mphone.vn\/shop\/wp-content\/uploads\/2024\/02\/yealink-w53h-1.jpg 800w, https:\/\/mphone.vn\/wp-content\/uploads\/2020\/09\/yealink-w53h-1--300x127.jpg 300w, https:\/\/mphone.vn\/wp-content\/uploads\/2020\/09\/yealink-w53h-1--768x324.jpg 768w, https:\/\/mphone.vn\/wp-content\/uploads\/2020\/09\/yealink-w53h-1--600x254.jpg 600w, https:\/\/mphone.vn\/wp-content\/uploads\/2020\/09\/yealink-w53h-1--64x27.jpg 64w\" alt=\"Yealink-w53h-dien-thoai-ip\" width=\"800\" height=\"338\" \/><\/strong><\/p>\r\n<h4><strong>V\u1ecf b\u1ea3o v\u1ec7 ch\u1eafc ch\u1eafn v\u1edbi th\u1eddi l\u01b0\u1ee3ng pin l\u1edbn<\/strong><\/h4>\r\n<p>\u0110i\u1ec7n tho\u1ea1i s\u1eed d\u1ee5ng pin Li-ion cho b\u1ea1n kh\u1ea3 n\u0103ng li\u00ean l\u1ea1c trong th\u1eddi gian d\u00e0i v\u1edbi th\u1eddi gian tho\u1ea1i l\u00ean \u0111\u1ebfn 18 gi\u1edd v\u00e0 th\u1eddi gian ch\u1edd 200 gi\u1edd. Th\u00eam v\u00e0o \u0111\u00f3, h\u1ed7 tr\u1ee3 l\u1edbp v\u1ecf b\u1ea3o v\u1ec7 t\u00f9y ch\u1ecdn v\u1edbi c\u00e1c t\u00ednh n\u0103ng ch\u1ed1ng n\u01b0\u1edbc, ch\u1ed1ng b\u1ee5i v\u00e0 ch\u1ed1ng v\u1ee1. Nh\u1edd \u0111\u00f3, b\u1ea1n c\u00f3 th\u1ec3 y\u00ean t\u00e2m s\u1eed d\u1ee5ng s\u1ea3n ph\u1ea9m ngay c\u1ea3 trong nh\u1eefng m\u00f4i tr\u01b0\u1eddng hay kh\u00f4ng gian kh\u1eafc nghi\u1ec7t nh\u1ea5t nh\u01b0 nh\u00e0 kho, c\u00f4ng tr\u01b0\u1eddng x\u00e2y d\u1ef1ng, nh\u00e0 m\u00e1y,..<\/p>\r\n<p><strong><img decoding=\"async\" class=\"size-full wp-image-8149 aligncenter\" title=\"yealink-w53h-2-1\" src=\"https:\/\/mphone.vn\/shop\/wp-content\/uploads\/2024\/02\/yealink-w53h-2-1.jpg\" sizes=\"(max-width: 800px) 100vw, 800px\" srcset=\"https:\/\/mphone.vn\/shop\/wp-content\/uploads\/2024\/02\/yealink-w53h-2-1.jpg 800w, https:\/\/mphone.vn\/wp-content\/uploads\/2020\/09\/yealink-w53h-2--300x137.jpg 300w, https:\/\/mphone.vn\/wp-content\/uploads\/2020\/09\/yealink-w53h-2--768x351.jpg 768w, https:\/\/mphone.vn\/wp-content\/uploads\/2020\/09\/yealink-w53h-2--600x275.jpg 600w, https:\/\/mphone.vn\/wp-content\/uploads\/2020\/09\/yealink-w53h-2--64x29.jpg 64w\" alt=\"Yealink-w53h-dien-thoai-ip\" width=\"800\" height=\"366\" \/><\/strong><\/p>\r\n<h4><strong>Kh\u1ea3 n\u0103ng t\u01b0\u01a1ng th\u00edch li\u1ec1n m\u1ea1ch v\u1edbi Yealink W60B \/ W80B DECT Base<\/strong><\/h4>\r\n<p>Yealink W60B l\u00e0 c\u01a1 s\u1edf DECT m\u1ea1nh m\u1ebd c\u00f3 th\u1ec3 m\u1edf r\u1ed9ng, h\u1ed7 tr\u1ee3 l\u00ean \u0111\u1ebfn 8 thi\u1ebft b\u1ecb c\u1ea7m tay, 8 t\u00e0i kho\u1ea3n SIP v\u00e0 8 cu\u1ed9c g\u1ecdi \u0111\u1ed3ng th\u1eddi. S\u1ea3n ph\u1ea9m \u0111\u01b0\u1ee3c trang b\u1ecb ph\u1ea7n c\u1ee9ng m\u1ea1nh m\u1ebd v\u1edbi nhi\u1ec1u t\u00ednh n\u0103ng phong\u00a0 ph\u00fa \u0111\u00e1p \u1ee9ng \u0111\u1ea7y \u0111\u1ee7 c\u00e1c nhu c\u1ea7u cho kh\u00f4ng gian v\u0103n ph\u00f2ng v\u1eeba v\u00e0 nh\u1ecf c\u1ee7a b\u1ea1n. Yealink W60B DECT ho\u1ea1t \u0111\u1ed9ng li\u1ec1n m\u1ea1ch v\u1edbi to\u00e0n b\u1ed9 d\u1ea3i thi\u1ebft b\u1ecb c\u1ea7m tay Yealink DECT v\u00e0 b\u1ed9 l\u1eb7p.<\/p>\r\n<p><img decoding=\"async\" class=\"size-full wp-image-8145 aligncenter\" title=\"yealink-w53h-3\" src=\"https:\/\/mphone.vn\/shop\/wp-content\/uploads\/2024\/02\/yealink-w53h-3.jpg\" sizes=\"(max-width: 800px) 100vw, 800px\" srcset=\"https:\/\/mphone.vn\/shop\/wp-content\/uploads\/2024\/02\/yealink-w53h-3.jpg 800w, https:\/\/mphone.vn\/wp-content\/uploads\/2020\/09\/Yealink-w53h-3--300x179.jpg 300w, https:\/\/mphone.vn\/wp-content\/uploads\/2020\/09\/Yealink-w53h-3--768x459.jpg 768w, https:\/\/mphone.vn\/wp-content\/uploads\/2020\/09\/Yealink-w53h-3--600x359.jpg 600w, https:\/\/mphone.vn\/wp-content\/uploads\/2020\/09\/Yealink-w53h-3--64x38.jpg 64w\" alt=\"Yealink-w53h-dien-thoai-ip\" width=\"800\" height=\"478\" \/><\/p>\r\n<p>Yealink W80B cung c\u1ea5p gi\u1ea3i ph\u00e1p chuy\u1ec3n v\u00f9ng v\u00e0 b\u00e0n giao li\u1ec1n m\u1ea1ch gi\u00fap \u0111em l\u1ea1i tr\u1ea3i nghi\u1ec7m giao ti\u1ebfp \u1ed5n \u0111\u1ecbnh v\u00e0 kh\u1ea3 n\u0103ng tri\u1ec3n khai \u0111\u01a1n gi\u1ea3n cho nhi\u1ec1u kh\u00f4ng gian nh\u01b0 l\u00e0 nh\u00e0 kho, kh\u00e1ch s\u1ea1n, \u0111\u1ea1i l\u00fd \u00f4 t\u00f4, v\u0103n ph\u00f2ng, c\u1eeda h\u00e0ng b\u00e1n l\u1ebb v\u00e0 c\u00e1c kh\u00f4ng gian l\u1edbn kh\u00e1c c\u1ea7n s\u1eed d\u1ee5ng gi\u1ea3i ph\u00e1p Multi-Cell.<\/p>\r\n<p><img decoding=\"async\" class=\"size-full wp-image-8146 aligncenter\" title=\"yealink-w53h-4\" src=\"https:\/\/mphone.vn\/shop\/wp-content\/uploads\/2024\/02\/yealink-w53h-4.jpg\" sizes=\"(max-width: 800px) 100vw, 800px\" srcset=\"https:\/\/mphone.vn\/shop\/wp-content\/uploads\/2024\/02\/yealink-w53h-4.jpg 800w, https:\/\/mphone.vn\/wp-content\/uploads\/2020\/09\/Yealink-w53h-4--300x190.jpg 300w, https:\/\/mphone.vn\/wp-content\/uploads\/2020\/09\/Yealink-w53h-4--768x487.jpg 768w, https:\/\/mphone.vn\/wp-content\/uploads\/2020\/09\/Yealink-w53h-4--600x380.jpg 600w, https:\/\/mphone.vn\/wp-content\/uploads\/2020\/09\/Yealink-w53h-4--64x41.jpg 64w\" alt=\"Yealink-w53h-dien-thoai-ip\" width=\"800\" height=\"507\" \/><\/p>\r\n<p>Yealink W60B v\u00e0 W80B \u0111\u1ec1u h\u1ed7 tr\u1ee3 cung c\u1ea5p hi\u1ec7u qu\u1ea3 v\u00e0 tri\u1ec3n khai h\u00e0ng lo\u1ea1t v\u1edbi d\u1ecbch v\u1ee5 chuy\u1ec3n h\u01b0\u1edbng v\u00e0 cung c\u1ea5p, c\u01a1 ch\u1ebf gian h\u00e0ng c\u1ee7a Yealink \u0111\u1ec3 th\u1ef1c hi\u1ec7n c\u1ea5p ph\u00e9p Zero-touch. T\u1eeb \u0111\u00f3 cho b\u1ea1n kh\u1ea3 n\u0103ng m\u1edf r\u1ed9ng m\u1ea1nh m\u1ebd v\u1edbi nhi\u1ec1u thi\u1ebft b\u1ecb kh\u00e1c nhau.<\/p>\r\n<\/div>","protected":false},"excerpt":{"rendered":"&nbsp; M\u00f4 t\u1ea3 Yealink W53H l\u00e0 thi\u1ebft b\u1ecb \u0111i\u1ec7n tho\u1ea1i c\u1ea7m tay do th\u01b0\u01a1ng hi\u1ec7u n\u1ed5i ti\u1ebfng Yealink ph\u00e1t h\u00e0nh \u0111\u01b0\u1ee3c s\u1eed d\u1ee5ng ch\u1ee7 y\u1ebfu cho m\u1ee5c \u0111\u00edch kinh doanh. \u0110\u1eb7c \u0111i\u1ec3m n\u1ed5i b\u1eadt c\u1ee7a \u0111i\u1ec7n tho\u1ea1i \u0111\u00f3 l\u00e0 ch\u1ea5t l\u01b0\u1ee3ng \u00e2m thanh v\u01b0\u1ee3t tr\u1ed9i v\u1edbi kh\u1ea3 n\u0103ng t\u1ef1 do di chuy\u1ec3n, thi\u1ebft k\u1ebf nh\u1ecf","protected":false},"featured_media":10895,"template":"","meta":{"inline_featured_image":false},"product_brand":[],"product_cat":[346],"product_tag":[],"class_list":{"0":"post-9170","1":"product","2":"type-product","3":"status-publish","4":"has-post-thumbnail","6":"product_cat-ip-phone","8":"first","9":"instock","10":"shipping-taxable","11":"purchasable","12":"product-type-simple"},"acf":[],"_links":{"self":[{"href":"https:\/\/mphone.vn\/shop\/wp-json\/wp\/v2\/product\/9170","targetHints":{"allow":["GET"]}}],"collection":[{"href":"https:\/\/mphone.vn\/shop\/wp-json\/wp\/v2\/product"}],"about":[{"href":"https:\/\/mphone.vn\/shop\/wp-json\/wp\/v2\/types\/product"}],"wp:featuredmedia":[{"embeddable":true,"href":"https:\/\/mphone.vn\/shop\/wp-json\/wp\/v2\/media\/10895"}],"wp:attachment":[{"href":"https:\/\/mphone.vn\/shop\/wp-json\/wp\/v2\/media?parent=9170"}],"wp:term":[{"taxonomy":"product_brand","embeddable":true,"href":"https:\/\/mphone.vn\/shop\/wp-json\/wp\/v2\/product_brand?post=9170"},{"taxonomy":"product_cat","embeddable":true,"href":"https:\/\/mphone.vn\/shop\/wp-json\/wp\/v2\/product_cat?post=9170"},{"taxonomy":"product_tag","embeddable":true,"href":"https:\/\/mphone.vn\/shop\/wp-json\/wp\/v2\/product_tag?post=9170"}],"curies":[{"name":"wp","href":"https:\/\/api.w.org\/{rel}","templated":true}]}}