
{"id":9190,"date":"2024-02-05T06:39:19","date_gmt":"2024-02-04T23:39:19","guid":{"rendered":"https:\/\/mphone.vn\/shop\/dien-thoai-ip-yealink-sip-t48s\/"},"modified":"2024-10-03T17:25:45","modified_gmt":"2024-10-03T10:25:45","slug":"yealink-sip-t48s","status":"publish","type":"product","link":"https:\/\/mphone.vn\/shop\/yealink-sip-t48s\/","title":{"rendered":"Yealink SIP-T48S"},"content":{"rendered":"<p>&nbsp;<\/p>\r\n<div id=\"tab-description\" class=\"woocommerce-Tabs-panel woocommerce-Tabs-panel--description panel entry-content wc-tab\" role=\"tabpanel\" aria-labelledby=\"tab-title-description\">\r\n<h2>M\u00f4 t\u1ea3<\/h2>\r\n<p><strong>SIP-T48S <\/strong>l\u00e0 \u0111i\u1ec7n tho\u1ea1i IP thu\u1ed9c <a href=\"https:\/\/yealink.vn\/\" target=\"_blank\" rel=\"noopener noreferrer nofollow\"><strong>th\u01b0\u01a1ng hi\u1ec7u n\u1ed5i ti\u1ebfng Yealink<\/strong><\/a>. \u0110\u00e2y l\u00e0 m\u1ed9t trong nh\u1eefng s\u1ea3n ph\u1ea9m thu\u1ed9c d\u00f2ng \u0111i\u1ec7n tho\u1ea1i T4S m\u1edbi . SIP-T46S c\u00f3 thi\u1ebft k\u1ebf thanh l\u1ecbch, ch\u1ea5t l\u01b0\u1ee3ng \u00e2m thanh HD trong tr\u1ebbo, r\u00f5 r\u00e0ng v\u1edbi gi\u00e1 c\u1ea3 ph\u1ea3i ch\u0103ng \u0111\u01b0\u1ee3c xem l\u00e0 c\u00f4ng c\u1ee5 h\u1ed7 tr\u1ee3 \u0111\u1eafc l\u1ef1c trong th\u00f4ng tin li\u00ean l\u1ea1c c\u1ee7a c\u00e1c doanh nghi\u1ec7p. Thi\u1ebft b\u1ecb \u0111i\u1ec7n tho\u1ea1i n\u00e0y \u0111\u01b0\u1ee3c xem l\u00e0 gi\u1ea3i ph\u00e1p li\u00ean l\u1ea1c d\u00e0nh cho gi\u00e1m \u0111\u1ed1c \u0111i\u1ec1u h\u00e0nh v\u00e0 c\u00e1c chuy\u00ean gia kinh doanh.<\/p>\r\n<p><strong>\u0110i\u1ec7n tho\u1ea1i IP SIP-T48S<\/strong> \u0111\u01b0\u1ee3c xem l\u00e0 gi\u1ea3i ph\u00e1p li\u00ean l\u1ea1c kinh doanh n\u0103ng \u0111\u1ed9ng d\u00e0nh cho c\u00e1c gi\u00e1m \u0111\u1ed1c \u0111i\u1ec1u h\u00e0nh v\u00e0 chuy\u00ean gia kinh doanh. \u0110i\u1ec7n tho\u1ea1i n\u00e0y c\u00f3 m\u00e0n h\u00ecnh c\u1ea3m \u1ee9ng l\u1edbn gi\u00fap chuy\u1ec3n \u0111\u1ed5i gi\u1eefa c\u00e1c trang v\u00e0 \u1ee9ng d\u1ee5ng nhanh ch\u00f3ng, d\u1ec5 d\u00e0ng v\u00e0 thu\u1eadn ti\u1ec7n.<\/p>\r\n<p>SIP-T48S c\u0169ng s\u1eed d\u1ee5ng c\u00f4ng ngh\u1ec7 Yealink\u2019s Optima HD Voice v\u00e0 codec b\u0103ng th\u00f4ng r\u1ed9ng c\u1ee7a Opus cho \u00e2m thanh r\u00f5 r\u00e0ng v\u00f4 song. Cho ng\u01b0\u1eddi d\u00f9ng c\u00f3 c\u1ea3m gi\u00e1c nh\u01b0 \u0111ang ng\u1ed3i h\u1ecdp chung trong m\u1ed9t ph\u00f2ng h\u1ed9i ngh\u1ecb v\u1edbi nhau. \u0110i\u1ec7n tho\u1ea1i s\u1eed d\u1ee5ng c\u00f4ng ngh\u1ec7 Gigabit Ethernet gi\u00fap x\u1eed l\u00fd cu\u1ed9c g\u1ecdi nhanh ch\u00f3ng.<\/p>\r\n<h3><strong><img decoding=\"async\" class=\" wp-image-7718 aligncenter\" title=\"capture4\" src=\"https:\/\/mphone.vn\/shop\/wp-content\/uploads\/2024\/02\/capture4.png\" sizes=\"(max-width: 647px) 100vw, 647px\" srcset=\"https:\/\/mphone.vn\/shop\/wp-content\/uploads\/2024\/02\/capture4.png 777w, https:\/\/mphone.vn\/wp-content\/uploads\/2020\/09\/Capture4-300x169.png 300w, https:\/\/mphone.vn\/wp-content\/uploads\/2020\/09\/Capture4-768x432.png 768w, https:\/\/mphone.vn\/wp-content\/uploads\/2020\/09\/Capture4-600x337.png 600w, https:\/\/mphone.vn\/wp-content\/uploads\/2020\/09\/Capture4-64x36.png 64w\" alt=\"dien-thoai-ip-yealink-sip-t48s\" width=\"647\" height=\"364\" \/><\/strong><\/h3>\r\n<h3><strong>C\u00e1c t\u00ednh n\u0103ng n\u1ed5i b\u1eadt c\u1ee7a \u0111i\u1ec7n tho\u1ea1i IP SIP-T48S<\/strong><\/h3>\r\n<h4><strong>C\u00e0i \u0111\u1eb7t \u0111\u01a1n gi\u1ea3n, d\u1ec5 d\u00e0ng b\u1ea3o tr\u00ec v\u00e0 n\u00e2ng c\u1ea5p<\/strong><\/h4>\r\n<p>D\u00f2ng Yealink T4S h\u1ed7 tr\u1ee3 cung c\u1ea5p hi\u1ec7u qu\u1ea3 v\u00e0 tri\u1ec3n khai d\u1ec5 d\u00e0ng v\u1edbi d\u1ecbch v\u1ee5 chuy\u1ec3n h\u01b0\u1edbng, cung c\u1ea5p (RPS) v\u00e0 c\u01a1 ch\u1ebf kh\u1edfi \u0111\u1ed9ng c\u1ee7a Yealink gi\u00fap b\u1ea1n nh\u1eadn ra C\u1ea5p ph\u00e9p Zero Touch m\u00e0 kh\u00f4ng c\u1ea7n b\u1ea5t k\u1ef3 c\u00e0i \u0111\u1eb7t th\u1ee7 c\u00f4ng ph\u1ee9c t\u1ea1p n\u00e0o, gi\u00fap d\u00f2ng T4S tri\u1ec3n khai \u0111\u01a1n gi\u1ea3n, d\u1ec5 b\u1ea3o tr\u00ec v\u00e0 n\u00e2ng c\u1ea5p.<\/p>\r\n<p>H\u01a1n n\u1eefa, ph\u1ea7n s\u1ee5n v\u00e0 m\u1eabu auto-p th\u1ed1ng nh\u1ea5t \u00e1p d\u1ee5ng cho t\u1ea5t c\u1ea3 c\u00e1c ki\u1ec3u \u0111i\u1ec7n tho\u1ea1i T4S (T41S, T42S, T46S v\u00e0 T48S), gi\u00fap ti\u1ebft ki\u1ec7m nhi\u1ec1u th\u1eddi gian v\u00e0 chi ph\u00ed h\u01a1n cho\u00a0 doanh nghi\u1ec7p, c\u0169ng nh\u01b0 \u0111\u01a1n gi\u1ea3n h\u00f3a vi\u1ec7c qu\u1ea3n l\u00fd v\u00e0 b\u1ea3o tr\u00ec cho s\u1ea3n ph\u1ea9m<\/p>\r\n<h4><strong><img decoding=\"async\" class=\"size-full wp-image-7717 aligncenter\" title=\"capture3\" src=\"https:\/\/mphone.vn\/shop\/wp-content\/uploads\/2024\/02\/capture3.png\" sizes=\"(max-width: 711px) 100vw, 711px\" srcset=\"https:\/\/mphone.vn\/shop\/wp-content\/uploads\/2024\/02\/capture3.png 711w, https:\/\/mphone.vn\/wp-content\/uploads\/2020\/09\/Capture3-300x121.png 300w, https:\/\/mphone.vn\/wp-content\/uploads\/2020\/09\/Capture3-600x241.png 600w, https:\/\/mphone.vn\/wp-content\/uploads\/2020\/09\/Capture3-64x26.png 64w\" alt=\"dien-thoai-ip-yealink-sip-t48s\" width=\"711\" height=\"286\" \/><\/strong><\/h4>\r\n<h4><strong>\u00c2m thanh ch\u1ea5t l\u01b0\u1ee3ng HD v\u01b0\u1ee3t tr\u1ed9i<\/strong><\/h4>\r\n<p>C\u00f4ng ngh\u1ec7 Yealink Optima HD Voice k\u1ebft h\u1ee3p c\u1ea3 ph\u1ea7n c\u1ee9ng v\u00e0 ph\u1ea7n m\u1ec1m v\u1edbi c\u00f4ng ngh\u1ec7 ti\u00ean ti\u1ebfn b\u0103ng th\u00f4ng r\u1ed9ng cho hi\u1ec7u su\u1ea5t \u00e2m thanh t\u1ed1i \u0111a. B\u00ean c\u1ea1nh \u0111\u00f3 v\u1edbi thi\u1ebft k\u1ebf codec b\u0103ng th\u00f4ng r\u1ed9ng c\u1ee7a Opus \u0111em l\u1ea1i ch\u1ea5t l\u01b0\u1ee3ng \u00e2m thanh HD cao h\u01a1n c\u00e1c codec b\u0103ng r\u1ed9ng kh\u00e1c trong b\u0103ng th\u00f4ng m\u1ea1ng cao t\u1ea1o cho ng\u01b0\u1eddi d\u00f9ng nh\u1eefng tr\u1ea3i nghi\u1ec7m \u00e2m thanh t\u1ed1t nh\u1ea5t c\u00f3 th\u1ec3.<\/p>\r\n<p>H\u01a1n n\u1eefa, n\u1ebfu ch\u1ea5t l\u01b0\u1ee3ng m\u1ea1ng hi\u1ec7n t\u1ea1i c\u1ee7a b\u1ea1n k\u00e9m, Opus c\u00f3 th\u1ec3 cung c\u1ea5p cho b\u1ea1n ch\u1ea5t l\u01b0\u1ee3ng \u00e2m thanh t\u1ed1t h\u01a1n c\u00e1c codec b\u0103ng h\u1eb9p kh\u00e1c. \u0110i\u1ec7n tho\u1ea1i SIP-T48S\u00a0 c\u0169ng t\u01b0\u01a1ng th\u00edch v\u1edbi thi\u1ebft b\u1ecb tr\u1ee3 th\u00ednh (HAC) gi\u00fap cho ng\u01b0\u1eddi b\u1ecb khi\u1ebfm th\u00ednh nghe \u0111\u01b0\u1ee3c gi\u1ecdng ng\u01b0\u1eddi g\u1ecdi r\u00f5 r\u00e0ng h\u01a1n.<\/p>\r\n<h4><strong><img decoding=\"async\" class=\"size-full wp-image-7716 aligncenter\" title=\"capture-1\" src=\"https:\/\/mphone.vn\/shop\/wp-content\/uploads\/2024\/02\/capture-1.png\" sizes=\"(max-width: 751px) 100vw, 751px\" srcset=\"https:\/\/mphone.vn\/shop\/wp-content\/uploads\/2024\/02\/capture-1.png 751w, https:\/\/mphone.vn\/wp-content\/uploads\/2020\/09\/Capture-1-300x131.png 300w, https:\/\/mphone.vn\/wp-content\/uploads\/2020\/09\/Capture-1-600x261.png 600w, https:\/\/mphone.vn\/wp-content\/uploads\/2020\/09\/Capture-1-64x28.png 64w\" alt=\"dien-thoai-ip-yealink-sip-t48s\" width=\"751\" height=\"327\" \/><\/strong><\/h4>\r\n<h4><strong>T\u00f9y ch\u1ec9nh d\u1ec5 d\u00e0ng c\u00f9ng kh\u1ea3 n\u0103ng m\u1edf r\u1ed9ng m\u1ea1nh m\u1ebd<\/strong><\/h4>\r\n<p><strong><a href=\"https:\/\/mphone.vn\/dien-thoai-ip-doanh-nghiep-yealink-sip-t48s\/\" target=\"_blank\" rel=\"noopener noreferrer\">SIP-T48S<\/a> <\/strong>c\u00f3 m\u00e0n h\u00ecnh c\u1ea3m \u1ee9ng m\u00e0u 7 inch(800 x 480 pixel) c\u00f3 \u0111\u00e8n n\u1ec1n cho h\u00ecnh \u1ea3nh \u0111\u1eb9p, phong ph\u00fa. T\u00edch h\u1ee3p v\u1edbi c\u1ed5ng USB 2.0 \u00a0ho\u1eb7c c\u0169ng c\u00f3 th\u1ec3 s\u1eed d\u1ee5ng cho Bluetooth, Wifi hay USB recording. SIP-T48S h\u1ed7 tr\u1ee3 t\u1ed1i \u0111a s\u00e1u m\u00f4 h\u00ecnh m\u1edf r\u1ed9ng, cho t\u1ed1i \u0111a 240 n\u00fat b\u1ed5 sung v\u1edbi m\u00e0n h\u00ecnh LCD d\u1ef1a tr\u00ean h\u1ec7 th\u1ed1ng \u0111\u00e8n LED. Ngo\u00e0i ra, \u0111i\u1ec7n tho\u1ea1i c\u00f3 29 ph\u00edm DSS c\u00f3 th\u1ec3 \u0111\u01b0\u1ee3c l\u1eadp tr\u00ecnh c\u00e1c t\u00ednh n\u0103ng kh\u00e1c nhau.<\/p>\r\n<h4><strong>B\u1ea3o m\u1eadt an to\u00e0n c\u00f9ng kh\u1ea3 n\u0103ng t\u01b0\u01a1ng th\u00edch cao<\/strong><\/h4>\r\n<p><a href=\"https:\/\/mphonegroups.com\/danh-muc\/dien-thoai-voice-ip\/dien-thoai-ban-voice-ip\/\" target=\"_blank\" rel=\"nofollow noopener\">\u0110i\u1ec7n tho\u1ea1i voip<\/a> SIP-T48S s\u1eed d\u1ee5ng SIP qua B\u1ea3o m\u1eadt t\u1ea7ng truy\u1ec1n t\u1ea3i (TLS \/ SSL), \u0111\u00e2y l\u00e0 c\u00f4ng ngh\u1ec7 b\u1ea3o m\u1eadt m\u1ea1ng m\u1edbi nh\u1ea5t. Do \u0111\u00f3 ng\u01b0\u1eddi d\u00f9ng c\u00f3 th\u1ec3 y\u00ean t\u00e2m v\u1ec1 t\u00ednh b\u1ea3o m\u1eadt c\u1ee7a s\u1ea3n ph\u1ea9m. S\u1ea3n ph\u1ea9m c\u0169ng t\u01b0\u01a1ng th\u00edch v\u1edbi c\u00e1c nh\u00e0 cung c\u1ea5p c\u00f4ng t\u1eafc m\u1ec1m h\u00e0ng \u0111\u1ea7u 3CX v\u00e0 Broadsoft Broadworks.<\/p>\r\n<\/div>","protected":false},"excerpt":{"rendered":"&nbsp; M\u00f4 t\u1ea3 SIP-T48S l\u00e0 \u0111i\u1ec7n tho\u1ea1i IP thu\u1ed9c th\u01b0\u01a1ng hi\u1ec7u n\u1ed5i ti\u1ebfng Yealink. \u0110\u00e2y l\u00e0 m\u1ed9t trong nh\u1eefng s\u1ea3n ph\u1ea9m thu\u1ed9c d\u00f2ng \u0111i\u1ec7n tho\u1ea1i T4S m\u1edbi . SIP-T46S c\u00f3 thi\u1ebft k\u1ebf thanh l\u1ecbch, ch\u1ea5t l\u01b0\u1ee3ng \u00e2m thanh HD trong tr\u1ebbo, r\u00f5 r\u00e0ng v\u1edbi gi\u00e1 c\u1ea3 ph\u1ea3i ch\u0103ng \u0111\u01b0\u1ee3c xem l\u00e0 c\u00f4ng c\u1ee5 h\u1ed7 tr\u1ee3","protected":false},"featured_media":9191,"template":"","meta":{"inline_featured_image":false},"product_brand":[],"product_cat":[346],"product_tag":[],"class_list":{"0":"post-9190","1":"product","2":"type-product","3":"status-publish","4":"has-post-thumbnail","6":"product_cat-ip-phone","8":"first","9":"instock","10":"shipping-taxable","11":"purchasable","12":"product-type-simple"},"acf":[],"_links":{"self":[{"href":"https:\/\/mphone.vn\/shop\/wp-json\/wp\/v2\/product\/9190","targetHints":{"allow":["GET"]}}],"collection":[{"href":"https:\/\/mphone.vn\/shop\/wp-json\/wp\/v2\/product"}],"about":[{"href":"https:\/\/mphone.vn\/shop\/wp-json\/wp\/v2\/types\/product"}],"wp:featuredmedia":[{"embeddable":true,"href":"https:\/\/mphone.vn\/shop\/wp-json\/wp\/v2\/media\/9191"}],"wp:attachment":[{"href":"https:\/\/mphone.vn\/shop\/wp-json\/wp\/v2\/media?parent=9190"}],"wp:term":[{"taxonomy":"product_brand","embeddable":true,"href":"https:\/\/mphone.vn\/shop\/wp-json\/wp\/v2\/product_brand?post=9190"},{"taxonomy":"product_cat","embeddable":true,"href":"https:\/\/mphone.vn\/shop\/wp-json\/wp\/v2\/product_cat?post=9190"},{"taxonomy":"product_tag","embeddable":true,"href":"https:\/\/mphone.vn\/shop\/wp-json\/wp\/v2\/product_tag?post=9190"}],"curies":[{"name":"wp","href":"https:\/\/api.w.org\/{rel}","templated":true}]}}