
{"id":9208,"date":"2024-02-05T06:39:40","date_gmt":"2024-02-04T23:39:40","guid":{"rendered":"https:\/\/mphone.vn\/shop\/dien-thoai-ip-yealink-sip-t41s\/"},"modified":"2024-10-03T17:26:24","modified_gmt":"2024-10-03T10:26:24","slug":"yealink-sip-t41s","status":"publish","type":"product","link":"https:\/\/mphone.vn\/shop\/yealink-sip-t41s\/","title":{"rendered":"Yealink SIP-T41S"},"content":{"rendered":"<p>&nbsp;<\/p>\r\n<div id=\"tab-description\" class=\"woocommerce-Tabs-panel woocommerce-Tabs-panel--description panel entry-content wc-tab\" role=\"tabpanel\" aria-labelledby=\"tab-title-description\">\r\n<h2>M\u00f4 t\u1ea3<\/h2>\r\n<p><strong>\u0110i\u1ec7n tho\u1ea1i IP SIP-T41S<\/strong> l\u00e0 m\u1ed9t trong nh\u1eefng s\u1ea3n ph\u1ea9m thu\u1ed9c d\u00f2ng \u0111i\u1ec7n tho\u1ea1i T4S m\u1edbi c\u1ee7a <a href=\"https:\/\/mphone.vn\/san-pham\/?filter_hang-san-xuat=yealink\" target=\"_blank\" rel=\"noopener noreferrer\"><strong>th\u01b0\u01a1ng hi\u1ec7u n\u1ed5i ti\u1ebfng yealink<\/strong><\/a>. SIP-T41S \u0111\u01b0\u1ee3c xem l\u00e0 m\u1ed9t c\u00f4ng c\u1ee5 h\u1ed7 tr\u1ee3 \u0111\u1eafc l\u1ef1c cho c\u00e1c doanh nghi\u1ec7p v\u1edbi\u00a0 kh\u1ea3 n\u0103ng li\u00ean l\u1ea1c v\u01b0\u1ee3t tr\u1ed9i c\u00f9ng nhi\u1ec1u ch\u1ee9c n\u0103ng m\u1edf r\u1ed9ng.<\/p>\r\n<p>SIP-T41S cung c\u1ea5p giao di\u1ec7n nhanh, nh\u1ea1y h\u01a1n v\u00e0 m\u1ed9t s\u1ed1 ch\u1ee9c n\u0103ng n\u00e2ng cao hi\u1ec7u su\u1ea5t. S\u1ea3n ph\u1ea9m c\u00f3 t\u1edbi 6 line \u0111i k\u00e8m v\u1edbi c\u00e1c ph\u00edm l\u1eadp tr\u00ecnh t\u00edch h\u1ee3p gi\u00fap n\u00e2ng cao n\u0103ng su\u1ea5t cho c\u00f4ng vi\u1ec7c\u00a0 c\u1ee7a b\u1ea1n \u0111\u01b0\u1ee3c th\u1ef1c hi\u1ec7n nhanh ch\u00f3ng v\u00e0 hi\u1ec7u qu\u1ea3 h\u01a1n.SIP-T41S v\u1edbi c\u00f4ng ngh\u1ec7 Yealink Optima HD Voice v\u00e0 codec b\u0103ng th\u00f4ng r\u1ed9ng c\u1ee7a Opus mang l\u1ea1i ch\u1ea5t l\u01b0\u1ee3ng \u00e2m thanh tuy\u1ec7t v\u1eddi v\u00f4 c\u00f9ng trong tr\u1ebbo v\u00e0 r\u00f5 n\u00e9t \u0111\u00e1p \u1ee9ng cho m\u1ecdi nhu c\u1ea7u c\u1ee7a gi\u1edbi v\u0103n ph\u00f2ng.<\/p>\r\n<p>Th\u00eam v\u00e0o \u0111\u00f3, v\u1edbi c\u1ed5ng USB ho\u00e0n to\u00e0n m\u1edbi, SIP-T41S t\u1ef1 h\u00e0o v\u1edbi ch\u1ee9c n\u0103ng v\u00f4 song v\u00e0 kh\u1ea3 n\u0103ng m\u1edf r\u1ed9ng v\u1edbi c\u00e1c t\u00ednh n\u0103ng Bluetooth, Wi-Fi v\u00e0 USB recording. Gi\u1ed1ng nh\u01b0 d\u00f2ng T4 c\u1ee7a Yealink, d\u00f2ng T4S m\u1edbi c\u0169ng c\u00f3 ki\u1ec3u d\u00e1ng thanh l\u1ecbch \u0111\u1eb9p m\u1eaft nh\u01b0ng s\u1ea3n ph\u1ea9m c\u00f3 th\u00eam nhi\u1ec1u c\u1ea3i ti\u1ebfn gi\u00fap t\u0103ng kh\u1ea3 n\u0103ng t\u01b0\u01a1ng t\u00e1c v\u00e0 c\u1ed9ng t\u00e1c.<\/p>\r\n<h3><strong><img decoding=\"async\" class=\"size-full wp-image-6416 aligncenter\" title=\"sip-t41s-gif-sua-1\" src=\"https:\/\/mphone.vn\/shop\/wp-content\/uploads\/2024\/02\/sip-t41s-gif-sua-1.gif\" width=\"800\" height=\"336\" \/>C\u00e1c t\u00ednh n\u0103ng n\u1ed5i b\u1eadt c\u1ee7a \u0111i\u1ec7n tho\u1ea1i IP SIP-T41S<\/strong><\/h3>\r\n<h4><strong>\u00c2m thanh HD trong tr\u1ebbo, r\u00f5 n\u00e9t<\/strong><\/h4>\r\n<p><a href=\"https:\/\/mphone.vn\/dien-thoai-ip-yealink-sip-t41s\/\" target=\"_blank\" rel=\"noopener noreferrer\"><strong>Yealink SIP-t41S<\/strong><\/a> s\u1eed d\u1ee5ng c\u00f4ng ngh\u1ec7 Yealink Optima HD Voice k\u1ebft h\u1ee3p ph\u1ea7n c\u1ee9ng v\u00e0 ph\u1ea7n m\u1ec1m v\u1edbi c\u00f4ng ngh\u1ec7 b\u0103ng th\u00f4ng r\u1ed9ng cho hi\u1ec7u su\u1ea5t \u00e2m thanh t\u1ed1i \u0111a. B\u00ean c\u1ea1nh \u0111\u00f3, v\u1edbi thi\u1ebft k\u1ebf codec b\u0103ng th\u00f4ng r\u1ed9ng c\u1ee7a Opus \u00a0\u0111em l\u1ea1i ch\u1ea5t l\u01b0\u1ee3ng \u00e2m thanh HD cao h\u01a1n c\u00e1c codec b\u0103ng r\u1ed9ng kh\u00e1c trong b\u0103ng th\u00f4ng m\u1ea1ng cao.<\/p>\r\n<p>Ngay c\u1ea3 khi ch\u1ea5t l\u01b0\u1ee3ng m\u1ea1ng hi\u1ec7n t\u1ea1i c\u1ee7a b\u1ea1n k\u00e9m, Opus v\u1eabn c\u00f3 th\u1ec3 cung c\u1ea5p cho b\u1ea1n ch\u1ea5t l\u01b0\u1ee3ng \u00e2m thanh t\u1ed1t h\u01a1n c\u00e1c codec b\u0103ng h\u1eb9p kh\u00e1c. Thi\u1ebft b\u1ecb \u0111i\u1ec7n tho\u1ea1i n\u00e0y c\u0169ng t\u01b0\u01a1ng th\u00edch v\u1edbi thi\u1ebft b\u1ecb tr\u1ee3 th\u00ednh (HAC) c\u1ee7a n\u00f3 gi\u00fap cho ng\u01b0\u1eddi b\u1ecb khi\u1ebfm th\u00ednh c\u00f3 th\u1ec3 nghe \u0111\u01b0\u1ee3c gi\u1ecdng n\u00f3i r\u00f5 r\u00e0ng h\u01a1n.<\/p>\r\n<h4><strong><img decoding=\"async\" class=\"size-full wp-image-6417 aligncenter\" title=\"sip-t41s-1-sua-1\" src=\"https:\/\/mphone.vn\/shop\/wp-content\/uploads\/2024\/02\/sip-t41s-1-sua-1.gif\" width=\"800\" height=\"340\" \/><\/strong><\/h4>\r\n<h4><strong>D\u1ec5 d\u00e0ng t\u00f9y ch\u1ec9nh v\u00e0 kh\u1ea3 n\u0103ng m\u1edf r\u1ed9ng m\u1ea1nh m\u1ebd<br \/>\r\n<\/strong><\/h4>\r\n<p>V\u1edbi c\u1ed5ng USB ho\u00e0n to\u00e0n m\u1edbi, SIP-T41S l\u00e0 chi\u1ebfc \u0111i\u1ec7n tho\u1ea1i v\u0103n ph\u00f2ng l\u00fd t\u01b0\u1edfng v\u1edbi kh\u1ea3 n\u0103ng m\u1edf r\u1ed9ng m\u1ea1nh m\u1ebd v\u1edbi c\u00e1c t\u00ednh n\u0103ng qua Bluetooth, Wi-Fi v\u00e0 USB recording. \u0110i\u1ec7n tho\u1ea1i c\u00f3 ba trang l\u1eadt th\u00f4ng qua c\u00e1c n\u00fat linh ho\u1ea1t c\u00f3 th\u1ec3 \u0111\u01b0\u1ee3c l\u1eadp tr\u00ecnh v\u1edbi t\u1ed1i \u0111a 15 ph\u00edm DSS t\u00f9y ch\u1ec9nh <span class=\"aCOpRe\">(line keys, programable keys and ext keys).<\/span><\/p>\r\n<h4><strong><img decoding=\"async\" class=\"size-full wp-image-6418 aligncenter\" title=\"yealink-sip-t41s-sua-1\" src=\"https:\/\/mphone.vn\/shop\/wp-content\/uploads\/2024\/02\/yealink-sip-t41s-sua-1.gif\" width=\"800\" height=\"200\" \/><\/strong><\/h4>\r\n<h4><strong>C\u00e0i \u0111\u1eb7t \u0111\u01a1n gi\u1ea3n, d\u1ec5 d\u00e0ng b\u1ea3o tr\u00ec v\u00e0 n\u00e2ng c\u1ea5p<br \/>\r\n<\/strong><\/h4>\r\n<p>D\u00f2ng <a href=\"https:\/\/mphonegroups.com\/danh-muc\/dien-thoai-voice-ip\/dien-thoai-ban-voice-ip\/\" target=\"_blank\" rel=\"nofollow noopener\">\u0111i\u1ec7n tho\u1ea1i voip<\/a> Yealink T4S h\u1ed7 tr\u1ee3 cung c\u1ea5p hi\u1ec7u qu\u1ea3 v\u00e0 tri\u1ec3n khai d\u1ec5 d\u00e0ng v\u1edbi d\u1ecbch v\u1ee5 chuy\u1ec3n h\u01b0\u1edbng, cung c\u1ea5p (RPS) v\u00e0 c\u01a1 ch\u1ebf kh\u1edfi \u0111\u1ed9ng c\u1ee7a Yealink gi\u00fap b\u1ea1n nh\u1eadn ra C\u1ea5p ph\u00e9p Zero Touch m\u00e0 kh\u00f4ng c\u1ea7n b\u1ea5t k\u1ef3 c\u00e0i \u0111\u1eb7t th\u1ee7 c\u00f4ng ph\u1ee9c t\u1ea1p n\u00e0o, gi\u00fap d\u00f2ng T4S tri\u1ec3n khai \u0111\u01a1n gi\u1ea3n, d\u1ec5 b\u1ea3o tr\u00ec v\u00e0 n\u00e2ng c\u1ea5p.<\/p>\r\n<p>H\u01a1n n\u1eefa, ph\u1ea7n s\u1ee5n v\u00e0 m\u1eabu auto-p th\u1ed1ng nh\u1ea5t \u00e1p d\u1ee5ng cho t\u1ea5t c\u1ea3 c\u00e1c ki\u1ec3u \u0111i\u1ec7n tho\u1ea1i T4S (T41S, T42S, T46S v\u00e0 T48S), gi\u00fap ti\u1ebft ki\u1ec7m nhi\u1ec1u th\u1eddi gian v\u00e0 chi ph\u00ed h\u01a1n cho\u00a0 doanh nghi\u1ec7p, c\u0169ng nh\u01b0 \u0111\u01a1n gi\u1ea3n h\u00f3a vi\u1ec7c qu\u1ea3n l\u00fd v\u00e0 b\u1ea3o tr\u00ec cho s\u1ea3n ph\u1ea9m.<\/p>\r\n<h4><strong>B\u1ea3o m\u1eadt an to\u00e0n c\u00f9ng kh\u1ea3 n\u0103ng t\u01b0\u01a1ng th\u00edch cao<\/strong><\/h4>\r\n<p>SIP-T41S s\u1eed d\u1ee5ng SIP qua B\u1ea3o m\u1eadt t\u1ea7ng truy\u1ec1n t\u1ea3i (TLS \/ SSL), \u0111\u00e2y l\u00e0 c\u00f4ng ngh\u1ec7 b\u1ea3o m\u1eadt m\u1ea1ng m\u1edbi nh\u1ea5t. Do \u0111\u00f3 ng\u01b0\u1eddi d\u00f9ng c\u00f3 th\u1ec3 y\u00ean t\u00e2m v\u1ec1 t\u00ednh b\u1ea3o m\u1eadt c\u1ee7a s\u1ea3n ph\u1ea9m. S\u1ea3n ph\u1ea9m c\u0169ng t\u01b0\u01a1ng th\u00edch v\u1edbi c\u00e1c nh\u00e0 cung c\u1ea5p c\u00f4ng t\u1eafc m\u1ec1m h\u00e0ng \u0111\u1ea7u 3CX v\u00e0 Broadsoft Broadworks.<\/p>\r\n<\/div>","protected":false},"excerpt":{"rendered":"&nbsp; M\u00f4 t\u1ea3 \u0110i\u1ec7n tho\u1ea1i IP SIP-T41S l\u00e0 m\u1ed9t trong nh\u1eefng s\u1ea3n ph\u1ea9m thu\u1ed9c d\u00f2ng \u0111i\u1ec7n tho\u1ea1i T4S m\u1edbi c\u1ee7a th\u01b0\u01a1ng hi\u1ec7u n\u1ed5i ti\u1ebfng yealink. SIP-T41S \u0111\u01b0\u1ee3c xem l\u00e0 m\u1ed9t c\u00f4ng c\u1ee5 h\u1ed7 tr\u1ee3 \u0111\u1eafc l\u1ef1c cho c\u00e1c doanh nghi\u1ec7p v\u1edbi\u00a0 kh\u1ea3 n\u0103ng li\u00ean l\u1ea1c v\u01b0\u1ee3t tr\u1ed9i c\u00f9ng nhi\u1ec1u ch\u1ee9c n\u0103ng m\u1edf r\u1ed9ng. SIP-T41S cung","protected":false},"featured_media":9209,"template":"","meta":{"inline_featured_image":false},"product_brand":[],"product_cat":[346],"product_tag":[],"class_list":{"0":"post-9208","1":"product","2":"type-product","3":"status-publish","4":"has-post-thumbnail","6":"product_cat-ip-phone","8":"first","9":"instock","10":"shipping-taxable","11":"purchasable","12":"product-type-simple"},"acf":[],"_links":{"self":[{"href":"https:\/\/mphone.vn\/shop\/wp-json\/wp\/v2\/product\/9208","targetHints":{"allow":["GET"]}}],"collection":[{"href":"https:\/\/mphone.vn\/shop\/wp-json\/wp\/v2\/product"}],"about":[{"href":"https:\/\/mphone.vn\/shop\/wp-json\/wp\/v2\/types\/product"}],"wp:featuredmedia":[{"embeddable":true,"href":"https:\/\/mphone.vn\/shop\/wp-json\/wp\/v2\/media\/9209"}],"wp:attachment":[{"href":"https:\/\/mphone.vn\/shop\/wp-json\/wp\/v2\/media?parent=9208"}],"wp:term":[{"taxonomy":"product_brand","embeddable":true,"href":"https:\/\/mphone.vn\/shop\/wp-json\/wp\/v2\/product_brand?post=9208"},{"taxonomy":"product_cat","embeddable":true,"href":"https:\/\/mphone.vn\/shop\/wp-json\/wp\/v2\/product_cat?post=9208"},{"taxonomy":"product_tag","embeddable":true,"href":"https:\/\/mphone.vn\/shop\/wp-json\/wp\/v2\/product_tag?post=9208"}],"curies":[{"name":"wp","href":"https:\/\/api.w.org\/{rel}","templated":true}]}}