
{"id":9214,"date":"2024-02-05T06:39:47","date_gmt":"2024-02-04T23:39:47","guid":{"rendered":"https:\/\/mphone.vn\/shop\/dien-thoai-ip-yealink-sip-t40g\/"},"modified":"2024-10-03T17:26:37","modified_gmt":"2024-10-03T10:26:37","slug":"yealink-sip-t40g","status":"publish","type":"product","link":"https:\/\/mphone.vn\/shop\/yealink-sip-t40g\/","title":{"rendered":"Yealink SIP-T40G"},"content":{"rendered":"<p>&nbsp;<\/p>\r\n<div id=\"tab-description\" class=\"woocommerce-Tabs-panel woocommerce-Tabs-panel--description panel entry-content wc-tab\" role=\"tabpanel\" aria-labelledby=\"tab-title-description\">\r\n<h2>M\u00f4 t\u1ea3<\/h2>\r\n<h3 style=\"text-align: justify;\"><strong>Yealink SIP-T40G<\/strong><\/h3>\r\n<p style=\"text-align: justify;\">D\u00f2ng \u0111i\u1ec7n tho\u1ea1i SIP thu\u1ed9c <a href=\"https:\/\/mphone.vn\/san-pham\/?filter_hang-san-xuat=yealink\" target=\"_blank\" rel=\"noopener noreferrer\">th\u01b0\u01a1ng hi\u1ec7u n\u1ed5i ti\u1ebfng yealink<\/a>. S\u1ea3n ph\u1ea9m t\u00edch h\u1ee3p nhi\u1ec1u t\u00ednh n\u0103ng h\u1ea5p d\u1eabn gi\u00fap t\u0103ng c\u01b0\u1eddng kh\u1ea3 n\u0103ng t\u01b0\u01a1ng t\u00e1c li\u00ean l\u1ea1c ch\u1ee7 y\u1ebfu s\u1eed d\u1ee5ng cho c\u00e1c nh\u00e0 qu\u1ea3n l\u00fd b\u1eadn r\u1ed9n.<\/p>\r\n<p style=\"text-align: justify;\"><strong>\u0110i\u1ec7n tho\u1ea1i IP Yealink SIP-T40G<\/strong> c\u0169ng \u0111\u01b0\u1ee3c t\u00edch h\u1ee3p v\u1edbi Gigabit Ethenet t\u1ea1o \u0111i\u1ec1u ki\u1ec7n nhanh ch\u00f3ng cho vi\u1ec7c x\u1eed l\u00fd cu\u1ed9c g\u1ecdi v\u00e0 c\u00e1c ph\u00edm c\u00f3 th\u1ec3 l\u1eadp tr\u00ecnh gi\u00fap n\u00e2ng cao n\u0103ng su\u1ea5t, nh\u01b0 BLF, SCA, truy\u1ec1n cu\u1ed9c g\u1ecdi, v.v. Th\u00eam v\u00e0o \u0111\u00f3, T40G c\u0169ng \u0111em l\u1ea1i \u00e2m thanh v\u1edbi ch\u1ea5t l\u01b0\u1ee3ng HD tuy\u1ec7t v\u1eddi c\u00f9ng nh\u1eefng tr\u1ea3i nghi\u1ec7m h\u00ecnh \u1ea3nh phong ph\u00fa. \u0110i\u1ec7n tho\u1ea1i IP Yealink SIP-T40G t\u1ed1i \u0111a h\u00f3a n\u0103ng su\u1ea5t c\u00e1 nh\u00e2n c\u1ee7a b\u1ea1n m\u1ed9t c\u00e1ch v\u01b0\u1ee3t tr\u1ed9i.<\/p>\r\n<p><img decoding=\"async\" class=\"aligncenter size-full wp-image-6290\" title=\"t40p-yealink-sua\" src=\"https:\/\/mphone.vn\/shop\/wp-content\/uploads\/2024\/02\/t40p-yealink-sua.gif\" alt=\"dien-thoai-ip-yealink-T40P\" width=\"800\" height=\"367\" \/><\/p>\r\n<p>S\u1ea3n ph\u1ea9m \u0111\u01b0\u1ee3c thi\u1ebft k\u1ebf v\u1edbi giao di\u1ec7n ho\u00e0n to\u00e0n m\u1edbi v\u1edbi kh\u1ea3 n\u0103ng h\u1ed7 tr\u1ee3 cung c\u1ea5p linh ho\u1ea1t v\u00e0 an to\u00e0n (\u0111i\u1ec7n tho\u1ea1i s\u1eed d\u1ee5ng giao th\u1ee9c m\u00e3 h\u00f3a ti\u00eau chu\u1ea9n \u0111\u1ec3 ng\u01b0\u1eddi d\u00f9ng c\u00f3 th\u1ec3 th\u1ef1c hi\u1ec7n n\u00e2ng c\u1ea5p ph\u1ea7n m\u1ec1m ngay c\u1ea3 trong nh\u00e0 hay t\u1eeb xa). \u0110i\u1ec7n tho\u1ea1i IP cao c\u1ea5p n\u00e0y \u0111\u01b0\u1ee3c thi\u1ebft k\u1ebf v\u1edbi giao di\u1ec7n tr\u1ef1c quan d\u1ec5 d\u00e0ng s\u1eed d\u1ee5ng, v\u00ec v\u1eady ng\u01b0\u1eddi d\u00f9ng ch\u1ec9 c\u1ea7n d\u00e0nh m\u1ed9t \u00edt th\u1eddi gian \u0111\u1ec3 t\u00ecm hi\u1ec3u l\u00e0 c\u00f3 th\u1ec3 s\u1eed d\u1ee5ng \u0111\u01b0\u1ee3c s\u1ea3n ph\u1ea9m ngay l\u1eadp t\u1ee9c.<\/p>\r\n<h3><strong>\u01afu \u0111i\u1ec3m n\u1ed5i b\u1eadt \u0110i\u1ec7n tho\u1ea1i SIP-T40G <\/strong><\/h3>\r\n<h4><strong>\u0111\u1ed5i m\u1edbi thi\u1ebft k\u1ebf \u0111em l\u1ea1i tr\u1ea3i nghi\u1ec7m t\u1ed1i \u01b0u cho ng\u01b0\u1eddi d\u00f9ng<\/strong><\/h4>\r\n<p style=\"text-align: justify;\">Trong kho\u1ea3ng th\u1eddi gian d\u00e0i t\u1eeb khi l\u1eadp chi\u1ebfn l\u01b0\u1ee3c ban \u0111\u1ea7u \u0111\u1ebfn giai \u0111o\u1ea1n ph\u00e1t tri\u1ec3n, d\u00f2ng <a href=\"https:\/\/mphonegroups.com\/danh-muc\/dien-thoai-voice-ip\/dien-thoai-ban-voice-ip\/\" target=\"_blank\" rel=\"nofollow noopener\">\u0111i\u1ec7n tho\u1ea1i voip<\/a> SIP v\u1eabn lu\u00f4n \u0111\u1ed3ng h\u00e0nh c\u00f9ng trong d\u00f3 d\u00f2ng s\u1ea3n ph\u1ea9m T4 ph\u00e1t tri\u1ec3n m\u1ea1nh m\u1ebd n\u1ed5i b\u1eadt v\u1edbi \u0111i\u1ec7n tho\u1ea1i IP Yealink SIP-T40G \u0111\u1ea3m b\u1ea3o \u0111em l\u1ea1i nh\u1eefng tr\u1ea3i nghi\u1ec7m t\u1ed1i \u01b0u cho ng\u01b0\u1eddi d\u00f9ng ngay c\u1ea3 nh\u1eefng chi ti\u1ebft nh\u1ecf nh\u1ea5t. Ch\u1eb3ng h\u1ea1n nh\u01b0 thi\u1ebft k\u1ebf kh\u00f4ng c\u00f3 nh\u00e3n d\u00e1n, th\u00eam ch\u00e2n \u0111\u1ebf gi\u00fap thu\u1eadn l\u1ee3i cho vi\u1ec7c s\u1eed d\u1ee5ng, ch\u00e2n cao su ch\u1ed1ng tr\u01b0\u1ee3t v\u00e0 c\u00e1c n\u00fat c\u00f4ng th\u00e1i h\u1ecdc l\u00f5m v\u00e0o. V\u00ec th\u1ebf, d\u1ec5 d\u00e0ng s\u1eed d\u1ee5ng lu\u00f4n l\u00e0 ti\u00eau ch\u00ed h\u00e0ng \u0111\u1ea7u c\u1ee7a s\u1ea3n ph\u1ea9m.<\/p>\r\n<h4><strong><img decoding=\"async\" class=\"aligncenter size-full wp-image-6288\" title=\"t40-sua\" src=\"https:\/\/mphone.vn\/shop\/wp-content\/uploads\/2024\/02\/t40-sua.gif\" alt=\"Yealink-SIP-T40P\" width=\"800\" height=\"378\" \/><\/strong><\/h4>\r\n<h4><strong>\u00c2m thanh ch\u1ea5t l\u01b0\u1ee3ng HD v\u1edbi Yealink SIP-T40G<br \/>\r\n<\/strong><\/h4>\r\n<p style=\"text-align: justify;\">Yealink\u2019s Optima HD Voice \u0111\u1ec1 c\u1eadp \u0111\u1ebfn s\u1ef1 k\u1ebft h\u1ee3p gi\u1eefa thi\u1ebft k\u1ebf ph\u1ea7n c\u1ee9ng v\u00e0 ph\u1ea7n m\u1ec1m c\u0169ng nh\u01b0 vi\u1ec7c tri\u1ec3n khai c\u00f4ng ngh\u1ec7 b\u0103ng th\u00f4ng r\u1ed9ng v\u00e0 c\u00e1c y\u1ebfu t\u1ed1 \u00e2m thanh ti\u00ean ti\u1ebfn, ch\u1eb3ng h\u1ea1n nh\u01b0 Duplex, lo\u1ea1i b\u1ecf ti\u1ebfng vang v\u00e0 b\u1ed9 \u0111\u1ec7m rung th\u00edch \u1ee9ng, nh\u1eb1m t\u1ed1i \u0111a h\u00f3a hi\u1ec7u su\u1ea5t \u00e2m thanh c\u1ee7a s\u1ea3n ph\u1ea9m. T\u1ea5t c\u1ea3 nh\u1eefng \u0111i\u1ec1u n\u00e0y t\u1ea1o ra tr\u1ea3i nghi\u1ec7m tr\u1ef1c ti\u1ebfp tuy\u1ec7t v\u1eddi ch\u01b0a t\u1eebng c\u00f3 cho ng\u01b0\u1eddi d\u00f9ng.<\/p>\r\n<h4><strong>T\u0103ng c\u01b0\u1eddng ch\u1ee9c n\u0103ng qu\u1ea3n l\u00fd cu\u1ed9c g\u1ecdi<br \/>\r\n<\/strong><\/h4>\r\n<p style=\"text-align: justify;\"><a href=\"https:\/\/mphone.vn\/dien-thoai-ip-yealink-sip-t40g\/\" target=\"_blank\" rel=\"noopener noreferrer\">\u0110i\u1ec7n tho\u1ea1i IP yealink SIP-T40G<\/a> h\u1ed7 tr\u1ee3 nhi\u1ec1u t\u00ednh n\u0103ng gi\u00fap n\u00e2ng cao hi\u1ec7u su\u1ea5t cu\u1ed9c g\u1ecdi, ch\u1eb3ng h\u1ea1n nh\u01b0 SCA, BLF List, chuy\u1ec3n ti\u1ebfp cu\u1ed9c g\u1ecdi, chuy\u1ec3n cu\u1ed9c g\u1ecdi, h\u1ed9i ngh\u1ecb ba chi\u1ec1u, v.v. H\u01a1n n\u1eefa, \u0111i\u1ec7n tho\u1ea1i SIP n\u00e0y h\u1ed7 tr\u1ee3 cho tai nghe Yealink YHS32 \/ YHS33 c\u0169ng nh\u01b0 Yealink EHS36 Wireless. B\u1ed9 \u0111i\u1ec1u h\u1ee3p tai nghe, cho ph\u00e9p ng\u01b0\u1eddi d\u00f9ng \u0111i\u1ec1u khi\u1ec3n \u0111i\u1ec7n tho\u1ea1i c\u1ee7a m\u00ecnh tr\u1ef1c ti\u1ebfp th\u00f4ng qua tai nghe kh\u00f4ng d\u00e2y.<\/p>\r\n<h4><strong>L\u1eafp \u0111\u1eb7t d\u1ec5 d\u00e0ng v\u00e0 k\u1ebft n\u1ed1i hi\u1ec7u qu\u1ea3<\/strong><\/h4>\r\n<p style=\"text-align: justify;\">T\u00edch h\u1ee3p IEEE 802.3af (PoE) cho ph\u00e9p tri\u1ec3n khai d\u1ec5 d\u00e0ng v\u1edbi c\u1ea5p ngu\u1ed3n v\u00e0 sao l\u01b0u t\u1eadp trung. Yealink SIP-T40G h\u1ed7 tr\u1ee3 c\u00e1c giao th\u1ee9c FTP, TFTP, HTTP v\u00e0 HTTPS \u0111\u1ec3 cung c\u1ea5p t\u1ec7p v\u00e0 \u0111\u01b0\u1ee3c \u0111\u1ecbnh c\u1ea5u h\u00ecnh theo m\u1eb7c \u0111\u1ecbnh \u0111\u1ec3 s\u1eed d\u1ee5ng Giao th\u1ee9c truy\u1ec1n t\u1ec7p t\u1ea7m th\u01b0\u1eddng (TFTP). Ngo\u00e0i ra, \u0111i\u1ec7n tho\u1ea1i h\u1ed7 tr\u1ee3 c\u00e1c t\u1ec7p c\u1ea5u h\u00ecnh XML \u0111\u01b0\u1ee3c m\u00e3 h\u00f3a AES.<\/p>\r\n<h4><strong>Truy\u1ec1n t\u1ea3i an to\u00e0n v\u00e0 b\u1ea3o m\u1eadt t\u1ed1t<br \/>\r\n<\/strong><\/h4>\r\n<p style=\"text-align: justify;\">Yealink SIP-T40G s\u1eed d\u1ee5ng SIP qua b\u1ea3o m\u1eadt t\u1ea7ng truy\u1ec1n t\u1ea3i (TLS \/ SSL) \u0111\u1ec3 cung c\u1ea5p cho c\u00e1c nh\u00e0 cung c\u1ea5p d\u1ecbch v\u1ee5 c\u00f4ng ngh\u1ec7 m\u1edbi nh\u1ea5t nh\u1eb1m n\u00e2ng cao an ninh m\u1ea1ng. To\u00e0n b\u1ed9 \u0111i\u1ec7n tho\u1ea1i T40G \u0111\u01b0\u1ee3c ch\u1ee9ng nh\u1eadn v\u1edbi 3CX v\u00e0 BroadSoft Broadworks, t\u01b0\u01a1ng th\u00edch tuy\u1ec7t v\u1eddi v\u1edbi c\u00e1c nh\u00e0 cung c\u1ea5p h\u00e0ng \u0111\u1ea7u \u0111\u1ec3 \u0111\u1ea3m b\u1ea3o vi\u1ec7c tri\u1ec3n khai v\u00e0 c\u00e0i \u0111\u1eb7t li\u1ec1n m\u1ea1ch nh\u1ea5t.<\/p>\r\n<\/div>","protected":false},"excerpt":{"rendered":"&nbsp; M\u00f4 t\u1ea3 Yealink SIP-T40G D\u00f2ng \u0111i\u1ec7n tho\u1ea1i SIP thu\u1ed9c th\u01b0\u01a1ng hi\u1ec7u n\u1ed5i ti\u1ebfng yealink. S\u1ea3n ph\u1ea9m t\u00edch h\u1ee3p nhi\u1ec1u t\u00ednh n\u0103ng h\u1ea5p d\u1eabn gi\u00fap t\u0103ng c\u01b0\u1eddng kh\u1ea3 n\u0103ng t\u01b0\u01a1ng t\u00e1c li\u00ean l\u1ea1c ch\u1ee7 y\u1ebfu s\u1eed d\u1ee5ng cho c\u00e1c nh\u00e0 qu\u1ea3n l\u00fd b\u1eadn r\u1ed9n. \u0110i\u1ec7n tho\u1ea1i IP Yealink SIP-T40G c\u0169ng \u0111\u01b0\u1ee3c t\u00edch h\u1ee3p v\u1edbi Gigabit","protected":false},"featured_media":9215,"template":"","meta":{"inline_featured_image":false},"product_brand":[],"product_cat":[346],"product_tag":[],"class_list":{"0":"post-9214","1":"product","2":"type-product","3":"status-publish","4":"has-post-thumbnail","6":"product_cat-ip-phone","8":"first","9":"instock","10":"shipping-taxable","11":"purchasable","12":"product-type-simple"},"acf":[],"_links":{"self":[{"href":"https:\/\/mphone.vn\/shop\/wp-json\/wp\/v2\/product\/9214","targetHints":{"allow":["GET"]}}],"collection":[{"href":"https:\/\/mphone.vn\/shop\/wp-json\/wp\/v2\/product"}],"about":[{"href":"https:\/\/mphone.vn\/shop\/wp-json\/wp\/v2\/types\/product"}],"wp:featuredmedia":[{"embeddable":true,"href":"https:\/\/mphone.vn\/shop\/wp-json\/wp\/v2\/media\/9215"}],"wp:attachment":[{"href":"https:\/\/mphone.vn\/shop\/wp-json\/wp\/v2\/media?parent=9214"}],"wp:term":[{"taxonomy":"product_brand","embeddable":true,"href":"https:\/\/mphone.vn\/shop\/wp-json\/wp\/v2\/product_brand?post=9214"},{"taxonomy":"product_cat","embeddable":true,"href":"https:\/\/mphone.vn\/shop\/wp-json\/wp\/v2\/product_cat?post=9214"},{"taxonomy":"product_tag","embeddable":true,"href":"https:\/\/mphone.vn\/shop\/wp-json\/wp\/v2\/product_tag?post=9214"}],"curies":[{"name":"wp","href":"https:\/\/api.w.org\/{rel}","templated":true}]}}