
{"id":9300,"date":"2024-02-05T06:41:56","date_gmt":"2024-02-04T23:41:56","guid":{"rendered":"https:\/\/mphone.vn\/shop\/tong-dai-ip-yeastar-s412\/"},"modified":"2024-10-03T17:40:12","modified_gmt":"2024-10-03T10:40:12","slug":"tong-dai-yeastar-s412","status":"publish","type":"product","link":"https:\/\/mphone.vn\/shop\/tong-dai-yeastar-s412\/","title":{"rendered":"T\u1ed5ng \u0111\u00e0i Yeastar S412"},"content":{"rendered":"<p>&nbsp;<\/p>\r\n<div id=\"tab-description\" class=\"woocommerce-Tabs-panel woocommerce-Tabs-panel--description panel entry-content wc-tab\" role=\"tabpanel\" aria-labelledby=\"tab-title-description\">\r\n<h2>M\u00f4 t\u1ea3<\/h2>\r\n<p>T\u1ed5ng \u0111\u00e0i IP Yeastar S412 l\u00e0 m\u1ed9t VoIP PBX linh ho\u1ea1t v\u1edbi c\u00e1c m\u00f4 \u0111un cung c\u1ea5p n\u1ec1n t\u1ea3ng truy\u1ec1n th\u00f4ng n\u00e2ng cao n\u0103ng su\u1ea5t v\u1edbi m\u1ed9t h\u1ec7 th\u1ed1ng analog v\u00e0 VoIP. Nh\u1ecf g\u1ecdn cho c\u00e1c doanh nghi\u1ec7p nh\u1ecf.<\/p>\r\n<p>&nbsp;<\/p>\r\n<figure id=\"attachment_8459\" class=\"wp-caption aligncenter\" style=\"width: 700px;\" aria-describedby=\"caption-attachment-8459\"><img decoding=\"async\" class=\"wp-image-8459\" title=\"s412-front-img\" src=\"https:\/\/mphone.vn\/shop\/wp-content\/uploads\/2024\/02\/s412-front-img.png\" alt=\"T\u1ed5ng \u0111\u00e0i IP \/ VoIP Yeastar S412 m\u1eb7t tr\u01b0\u1edbc\" width=\"700\" height=\"123\" \/>\r\n<figcaption id=\"caption-attachment-8459\" class=\"wp-caption-text\">T\u1ed5ng \u0111\u00e0i IP \/ VoIP Yeastar S412 m\u1eb7t tr\u01b0\u1edbc<\/figcaption>\r\n<\/figure>\r\n<figure id=\"attachment_8458\" class=\"wp-caption aligncenter\" style=\"width: 700px;\" aria-describedby=\"caption-attachment-8458\"><img decoding=\"async\" class=\"wp-image-8458\" title=\"s412-back\" src=\"https:\/\/mphone.vn\/shop\/wp-content\/uploads\/2024\/02\/s412-back.png\" alt=\"T\u1ed5ng \u0111\u00e0i IP \/ VoIP Yeastar S412 m\u1eb7t sau\" width=\"700\" height=\"123\" \/>\r\n<figcaption id=\"caption-attachment-8458\" class=\"wp-caption-text\">T\u1ed5ng \u0111\u00e0i IP \/ VoIP Yeastar S412 m\u1eb7t sau<\/figcaption>\r\n<\/figure>\r\n<h2>T\u1ed5ng \u0111\u00e0i IP \/ VoIP Yeastar S412<\/h2>\r\n<p>T\u1eadn d\u1ee5ng c\u00e1c t\u00ednh n\u0103ng n\u1ed5i b\u1eadt t\u1eeb N412 Hybrid PBX tr\u01b0\u1edbc, S412 VoIP PBX m\u1edbi \u0111\u00e3 ph\u00e1t tri\u1ec3n v\u00e0 \u0111i k\u00e8m v\u1edbi c\u00e1c th\u00e0nh ph\u1ea7n h\u00e0ng \u0111\u1ea7u trong ng\u00e0nh c\u00f4ng nghi\u1ec7p v\u00e0 c\u00f4ng ngh\u1ec7 ti\u00ean ti\u1ebfn Yeastar VoIP PBX \u0111\u1ec3 mang l\u1ea1i hi\u1ec7u qu\u1ea3 v\u01b0\u1ee3t tr\u1ed9i trong khi c\u1eaft gi\u1ea3m chi ph\u00ed truy\u1ec1n th\u00f4ng.<\/p>\r\n<ul>\r\n\t<li>L\u00ean \u0111\u1ebfn 12 Ph\u1ea7n m\u1edf r\u1ed9ng FXS<\/li>\r\n\t<li>T\u1ed1i \u0111a 4 \u0111\u01b0\u1eddng CO \/ BRI<\/li>\r\n\t<li>8 ng\u01b0\u1eddi s\u1eed d\u1ee5ng VoIP<\/li>\r\n\t<li>8 cu\u1ed9c g\u1ecdi \u0111\u1ed3ng th\u1eddi<\/li>\r\n\t<li>2 k\u00eanh GSM \/ WCDMA \/ 4G LTE<\/li>\r\n\t<li>T\u00edch h\u1ee3p kh\u1ea3 n\u0103ng ghi \u00e2m cu\u1ed9c g\u1ecdi<\/li>\r\n\t<li>L\u01b0u tr\u1eef c\u00e1c file ghi trong th\u1ebb<\/li>\r\n\t<li>H\u1ed7 tr\u1ee3 v\u1edbi c\u00e1c d\u00f2ng \u0111i\u1ec7n tho\u1ea1i ip\u00a0 t\u1eeb Cisco , Yealink , Polycom v\u00e0 nhi\u1ec1u h\u01a1n n\u1eefa<\/li>\r\n<\/ul>\r\n<h3>Kh\u1ea3 n\u0103ng n\u00e2ng c\u1ea5p v\u00e0 m\u1edf r\u1ed9ng d\u1ec3 d\u00e0ng<\/h3>\r\n<p>S412 \u0111\u01b0\u1ee3c c\u1ea5u h\u00ecnh s\u1eb5n v\u1edbi 8 c\u1ed5ng FXS v\u00e0 c\u00f3 th\u1ec3 t\u00f9y ch\u1ec9nh v\u1edbi 4 khe c\u1eafm m\u00f4-\u0111un, mang \u0111\u1ebfn cho b\u1ea1n s\u1ef1 k\u1ebft h\u1ee3p linh ho\u1ea1t gi\u1eefa c\u00e1c giao di\u1ec7n FXS, FXO v\u00e0 BRI.<\/p>\r\n<ul>\r\n\t<li>2 khe c\u1eafm m\u00f4-\u0111un \u0111\u1ec3 m\u1edf r\u1ed9ng n\u1ed9i b\u1ed9<\/li>\r\n\t<li>2 khe c\u1eafm m\u00f4-\u0111un cho c\u00e1c \u0111\u01b0\u1eddng b\u00ean ngo\u00e0i<\/li>\r\n<\/ul>\r\n<p><img decoding=\"async\" class=\"aligncenter wp-image-8457\" title=\"s412-module-1\" src=\"https:\/\/mphone.vn\/shop\/wp-content\/uploads\/2024\/02\/s412-module-1.gif\" alt=\"S412-module-1\" width=\"563\" height=\"353\" \/><\/p>\r\n<h3><b>L\u1ee3i \u00edch ch\u00ednh c\u1ee7a S412 VoIP PBX<\/b><\/h3>\r\n<ul>\r\n\t<li>\u0110\u01b0\u1ee3c x\u00e2y d\u1ef1ng cho doanh nghi\u1ec7p nh\u1ecf: h\u1ed7 tr\u1ee3 t\u1ed1i \u0111a 12 ph\u1ea7n m\u1edf r\u1ed9ng t\u01b0\u01a1ng t\u1ef1, 8 ph\u1ea7n m\u1edf r\u1ed9ng VoIP, 8 cu\u1ed9c g\u1ecdi \u0111\u1ed3ng th\u1eddi, v\u00e0 4 trung k\u1ebf VoIP.<\/li>\r\n\t<li>T\u00ednh di \u0111\u1ed9ng: Kh\u00e1ch h\u00e0ng c\u1ee7a Linkus Mobile l\u00e0m cho \u0111i\u1ec7n tho\u1ea1i di \u0111\u1ed9ng Android ho\u1eb7c iOS c\u1ee7a b\u1ea1n tr\u1edf th\u00e0nh m\u1ed9t ph\u1ea7n m\u1edf r\u1ed9ng v\u0103n ph\u00f2ng<\/li>\r\n\t<li>Qu\u1ea3n l\u00fd d\u1ec5 d\u00e0ng: tr\u1ef1c quan Metro GUI cho c\u1ea5u h\u00ecnh \u0111i\u1ec3m-v\u00e0-nh\u1ea5p chu\u1ed9t v\u00e0 qu\u1ea3n l\u00fd PBX.<\/li>\r\n\t<li>T\u00ednh n\u0103ng bao g\u1ed3m: m\u1ed9t lo\u1ea1t \u0111\u1ea7y \u0111\u1ee7 c\u00e1c t\u00ednh n\u0103ng n\u00e2ng cao doanh nghi\u1ec7p m\u00e0 kh\u00f4ng c\u00f3 ph\u00ed gi\u1ea5y ph\u00e9p b\u1ed5 sung.<\/li>\r\n\t<li>T\u1ef1 \u0111\u1ed9ng cung c\u1ea5p: t\u1ef1 \u0111\u1ed9ng cung c\u1ea5p \u0111i\u1ec7n tho\u1ea1i t\u1eeb Yealink, Cisco, Polycom, Snom, Panasonic, v\u00e0 nhi\u1ec1u h\u01a1n n\u1eefa.<\/li>\r\n<\/ul>\r\n<\/div>","protected":false},"excerpt":{"rendered":"&nbsp; M\u00f4 t\u1ea3 T\u1ed5ng \u0111\u00e0i IP Yeastar S412 l\u00e0 m\u1ed9t VoIP PBX linh ho\u1ea1t v\u1edbi c\u00e1c m\u00f4 \u0111un cung c\u1ea5p n\u1ec1n t\u1ea3ng truy\u1ec1n th\u00f4ng n\u00e2ng cao n\u0103ng su\u1ea5t v\u1edbi m\u1ed9t h\u1ec7 th\u1ed1ng analog v\u00e0 VoIP. Nh\u1ecf g\u1ecdn cho c\u00e1c doanh nghi\u1ec7p nh\u1ecf. &nbsp; T\u1ed5ng \u0111\u00e0i IP \/ VoIP Yeastar S412 m\u1eb7t tr\u01b0\u1edbc T\u1ed5ng \u0111\u00e0i IP","protected":false},"featured_media":10872,"template":"","meta":{"inline_featured_image":false},"product_brand":[],"product_cat":[335],"product_tag":[],"class_list":{"0":"post-9300","1":"product","2":"type-product","3":"status-publish","4":"has-post-thumbnail","6":"product_cat-tong-dai-ip","8":"first","9":"instock","10":"shipping-taxable","11":"purchasable","12":"product-type-simple"},"acf":[],"_links":{"self":[{"href":"https:\/\/mphone.vn\/shop\/wp-json\/wp\/v2\/product\/9300","targetHints":{"allow":["GET"]}}],"collection":[{"href":"https:\/\/mphone.vn\/shop\/wp-json\/wp\/v2\/product"}],"about":[{"href":"https:\/\/mphone.vn\/shop\/wp-json\/wp\/v2\/types\/product"}],"wp:featuredmedia":[{"embeddable":true,"href":"https:\/\/mphone.vn\/shop\/wp-json\/wp\/v2\/media\/10872"}],"wp:attachment":[{"href":"https:\/\/mphone.vn\/shop\/wp-json\/wp\/v2\/media?parent=9300"}],"wp:term":[{"taxonomy":"product_brand","embeddable":true,"href":"https:\/\/mphone.vn\/shop\/wp-json\/wp\/v2\/product_brand?post=9300"},{"taxonomy":"product_cat","embeddable":true,"href":"https:\/\/mphone.vn\/shop\/wp-json\/wp\/v2\/product_cat?post=9300"},{"taxonomy":"product_tag","embeddable":true,"href":"https:\/\/mphone.vn\/shop\/wp-json\/wp\/v2\/product_tag?post=9300"}],"curies":[{"name":"wp","href":"https:\/\/api.w.org\/{rel}","templated":true}]}}